{"id":27,"date":"2025-09-03T13:44:08","date_gmt":"2025-09-03T11:44:08","guid":{"rendered":"https:\/\/al.edu.pl\/sowa2\/?page_id=27"},"modified":"2026-02-11T14:44:42","modified_gmt":"2026-02-11T13:44:42","slug":"rejestracja-grupy","status":"publish","type":"page","link":"https:\/\/al.edu.pl\/sowa\/rejestracja-grupy\/","title":{"rendered":"Rejestracja grupy"},"content":{"rendered":"\n<p>Procedura zg\u0142oszenia<\/p>\n\n\n\n<ul class=\"wp-block-list\">\n<li>Prosimy o wype\u0142nienie i wys\u0142anie formularza rejestracyjnego<\/li>\n\n\n\n<li>Zg\u0142oszenie mo\u017ce dotyczy\u0107 jednego lub kilku spotka\u0144 (dla ka\u017cdego spotkania nale\u017cy wype\u0142ni\u0107 osobny formularz)<\/li>\n\n\n\n<li>Skontaktujemy si\u0119 telefonicznie w celu potwierdzenia terminu oraz ustalenia szczeg\u00f3\u0142\u00f3w wizyty<\/li>\n<\/ul>\n\n\n\n<div class=\"forminator-guttenberg\"><div class=\"forminator-ui forminator-custom-form forminator-custom-form-162 forminator-design--default  \" data-forminator-render=\"0\" data-form=\"forminator-module-162\" data-uid=\"69d4e8562000f\"><br\/><\/div><form\n\t\t\t\tid=\"forminator-module-162\"\n\t\t\t\tclass=\"forminator-ui forminator-custom-form forminator-custom-form-162 forminator-design--default  \"\n\t\t\t\tmethod=\"post\"\n\t\t\t\tdata-forminator-render=\"0\"\n\t\t\t\tdata-form-id=\"162\"\n\t\t\t\t data-color-option=\"theme\" data-design=\"default\" data-grid=\"open\" style=\"display: none;\"\n\t\t\t\tdata-uid=\"69d4e8562000f\"\n\t\t\t><div role=\"alert\" aria-live=\"polite\" class=\"forminator-response-message forminator-error\" aria-hidden=\"true\"><\/div><div class=\"forminator-row\"><div id=\"name-1\" class=\"forminator-field-name forminator-col forminator-col-12 \"><div class=\"forminator-field\"><label for=\"forminator-field-name-1_69d4e8562000f\" id=\"forminator-field-name-1_69d4e8562000f-label\" class=\"forminator-label\">Nazwa instytucji\/plac\u00f3wki <span class=\"forminator-required\">*<\/span><\/label><input type=\"text\" name=\"name-1\" value=\"\" placeholder=\"\" id=\"forminator-field-name-1_69d4e8562000f\" class=\"forminator-input forminator-name--field\" aria-required=\"true\" autocomplete=\"name\" \/><\/div><\/div><\/div><div class=\"forminator-row\"><div id=\"phone-1\" class=\"forminator-field-phone forminator-col forminator-col-6 \"><div class=\"forminator-field\"><label for=\"forminator-field-phone-1_69d4e8562000f\" id=\"forminator-field-phone-1_69d4e8562000f-label\" class=\"forminator-label\">Numer telefonu<\/label><input type=\"text\" name=\"phone-1\" value=\"\" placeholder=\"\" id=\"forminator-field-phone-1_69d4e8562000f\" class=\"forminator-input forminator-field--phone\" data-required=\"\" aria-required=\"false\" autocomplete=\"off\" \/><\/div><\/div><div id=\"email-1\" class=\"forminator-field-email forminator-col forminator-col-6 \"><div class=\"forminator-field\"><label for=\"forminator-field-email-1_69d4e8562000f\" id=\"forminator-field-email-1_69d4e8562000f-label\" class=\"forminator-label\">Adres e-mail <span class=\"forminator-required\">*<\/span><\/label><input type=\"email\" name=\"email-1\" value=\"\" placeholder=\"\" id=\"forminator-field-email-1_69d4e8562000f\" class=\"forminator-input forminator-email--field\" data-required=\"true\" aria-required=\"true\" autocomplete=\"email\" \/><\/div><\/div><\/div><div class=\"forminator-row\"><div id=\"number-1\" class=\"forminator-field-number forminator-col forminator-col-6 \"><div class=\"forminator-field\"><label for=\"forminator-field-number-1_69d4e8562000f\" id=\"forminator-field-number-1_69d4e8562000f-label\" class=\"forminator-label\">Liczba uczestnik\u00f3w<\/label><input name=\"number-1\" value=\"\" placeholder=\"\" id=\"forminator-field-number-1_69d4e8562000f\" class=\"forminator-input forminator-number--field\" inputmode=\"decimal\" data-required=\"\" data-decimals=\"0\" aria-required=\"false\" data-inputmask=\"&#039;groupSeparator&#039;: &#039;&#039;, &#039;radixPoint&#039;: &#039;&#039;, &#039;digits&#039;: &#039;0&#039;\" data-hidden-behavior=\"zero\" type=\"number\" step=\"any\" min=\"1\" max=\"150\" \/><\/div><\/div><div id=\"name-2\" class=\"forminator-field-name forminator-col forminator-col-6 \"><div class=\"forminator-field\"><label for=\"forminator-field-name-2_69d4e8562000f\" id=\"forminator-field-name-2_69d4e8562000f-label\" class=\"forminator-label\">Przedzia\u0142 wiekowy uczestnik\u00f3w<\/label><input type=\"text\" name=\"name-2\" value=\"\" placeholder=\"\" id=\"forminator-field-name-2_69d4e8562000f\" class=\"forminator-input forminator-name--field\" aria-required=\"false\" autocomplete=\"name\" \/><\/div><\/div><\/div><div class=\"forminator-row\"><div id=\"number-2\" class=\"forminator-field-number forminator-col forminator-col-12 \"><div class=\"forminator-field\"><label for=\"forminator-field-number-2_69d4e8562000f\" id=\"forminator-field-number-2_69d4e8562000f-label\" class=\"forminator-label\">Liczba opiekun\u00f3w<\/label><input name=\"number-2\" value=\"\" placeholder=\"\" id=\"forminator-field-number-2_69d4e8562000f\" class=\"forminator-input forminator-number--field\" inputmode=\"decimal\" data-required=\"\" data-decimals=\"0\" aria-required=\"false\" data-inputmask=\"&#039;groupSeparator&#039;: &#039;&#039;, &#039;radixPoint&#039;: &#039;&#039;, &#039;digits&#039;: &#039;0&#039;\" data-hidden-behavior=\"zero\" type=\"number\" step=\"any\" min=\"1\" max=\"150\" \/><\/div><\/div><\/div><div class=\"forminator-row\"><div id=\"date-1\" class=\"forminator-field-date forminator-col forminator-col-12 \"><div class=\"forminator-field\"><label for=\"forminator-field-date-1-picker_69d4e8562000f\" id=\"forminator-field-date-1-picker_69d4e8562000f-label\" class=\"forminator-label\">Termin wizyty<\/label><div class=\"forminator-input-with-icon\"><span class=\"forminator-icon-calendar\" aria-hidden=\"true\"><\/span><input autocomplete=\"off\" type=\"text\" size=\"1\" name=\"date-1\" value=\"\" placeholder=\"Wybierz dat\u0119\" id=\"forminator-field-date-1-picker_69d4e8562000f\" class=\"forminator-input forminator-datepicker\" data-required=\"\" data-format=\"mm\/dd\/yy\" data-restrict-type=\"\" data-restrict=\"\" data-start-year=\"1926\" data-end-year=\"2126\" data-past-dates=\"enable\" data-start-of-week=\"1\" data-start-date=\"\" data-end-date=\"\" data-start-field=\"\" data-end-field=\"\" data-start-offset=\"\" data-end-offset=\"\" data-disable-date=\"\" data-disable-range=\"\" \/><\/div><\/div><\/div><\/div><div class=\"forminator-row\"><div id=\"select-1\" class=\"forminator-field-select forminator-col forminator-col-12 \"><div class=\"forminator-field\"><label for=\"forminator-form-162__field--select-1_69d4e8562000f\" id=\"forminator-form-162__field--select-1_69d4e8562000f-label\" class=\"forminator-label\">Wybierz godzin\u0119<\/label><select  id=\"forminator-form-162__field--select-1_69d4e8562000f\" class=\"forminator-select--field forminator-select2 forminator-select2-multiple\" data-required=\"\" name=\"select-1\" data-default-value=\"\" data-hidden-behavior=\"zero\" data-placeholder=\"\" data-search=\"false\" data-search-placeholder=\"\" data-checkbox=\"false\" data-allow-clear=\"false\" aria-labelledby=\"forminator-form-162__field--select-1_69d4e8562000f-label\"><option value=\"one\"  data-calculation=\"0\">9:00<\/option><option value=\"two\"  data-calculation=\"0\">11:30<\/option><option value=\"14:00\"  data-calculation=\"0\">14:00<\/option><\/select><\/div><\/div><\/div><div class=\"forminator-row\"><div id=\"textarea-1\" class=\"forminator-field-textarea forminator-col forminator-col-12 \"><div class=\"forminator-field\"><label for=\"forminator-field-textarea-1_69d4e8562000f\" id=\"forminator-field-textarea-1_69d4e8562000f-label\" class=\"forminator-label\">Uwagi dodatkowe<\/label><span id=\"forminator-field-textarea-1_69d4e8562000f-description\" class=\"forminator-description\"><span data-limit=\"180\" data-type=\"characters\" data-editor=\"\">0 \/ 180<\/span><\/span><textarea name=\"textarea-1\" placeholder=\"\" id=\"forminator-field-textarea-1_69d4e8562000f\" class=\"forminator-textarea\" rows=\"6\" style=\"min-height:140px;\" maxlength=\"180\" ><\/textarea><\/div><\/div><\/div><div class=\"forminator-row\"><div id=\"consent-1\" class=\"forminator-field-consent forminator-col forminator-col-12 \"><div class=\"forminator-field\"><label for=\"forminator-field-consent-1_69d4e8562000f\" id=\"forminator-field-consent-1_69d4e8562000f-label\" class=\"forminator-label\">Zgoda <span class=\"forminator-required\">*<\/span><\/label><div class=\"forminator-checkbox__wrapper\"><label id=\"forminator-field-consent-1_69d4e8562000f__label\" class=\"forminator-checkbox forminator-consent\" aria-labelledby=\"forminator-field-consent-1_69d4e8562000f-label\"><input type=\"checkbox\" name=\"consent-1\" id=\"forminator-field-consent-1_69d4e8562000f\" value=\"checked\" aria-labelledby=\"forminator-field-consent-1_69d4e8562000f-label\" aria-describedby=\"forminator-field-consent-1_69d4e8562000f__description\" data-required=\"true\" aria-required=\"true\" \/><span class=\"forminator-checkbox-box\" aria-hidden=\"true\"><\/span><\/label><div id=\"forminator-field-consent-1_69d4e8562000f__description\" class=\"forminator-checkbox__label forminator-consent__label\"><p>O\u015bwiadczam, \u017ce zapozna\u0142 si\u0119 z&nbsp;<a href=\"https:\/\/al.edu.pl\/sowa\/wp-content\/uploads\/2025\/09\/Regulamin-Strefy-Odkrywania-Wyobrazni-i-Aktywnosci-w-Akademii-Lomzynskiej.pdf\">regulaminem Strefy SOWA<\/a> i zobowi\u0105zuje si\u0119 do jego przestrzegania<\/p><\/div><\/div><\/div><\/div><\/div><input type=\"hidden\" name=\"referer_url\" value=\"\" \/><div class=\"forminator-row forminator-row-last\"><div class=\"forminator-col\"><div class=\"forminator-field\"><button class=\"forminator-button forminator-button-submit\">Wy\u015blij<\/button><\/div><\/div><\/div><input type=\"hidden\" id=\"forminator_nonce\" name=\"forminator_nonce\" value=\"a73d8d2327\" \/><input type=\"hidden\" name=\"_wp_http_referer\" value=\"\/sowa\/wp-json\/wp\/v2\/pages\/27\" \/><input type=\"hidden\" name=\"form_id\" value=\"162\"><input type=\"hidden\" name=\"page_id\" value=\"27\"><input type=\"hidden\" name=\"form_type\" value=\"default\"><input type=\"hidden\" name=\"current_url\" value=\"https:\/\/al.edu.pl\/sowa\/rejestracja-grupy\/\"><input type=\"hidden\" name=\"render_id\" value=\"0\"><input type=\"hidden\" name=\"action\" value=\"forminator_submit_form_custom-forms\"><\/form><\/div>\n","protected":false},"excerpt":{"rendered":"<p>Procedura zg\u0142oszenia<\/p>\n","protected":false},"author":1,"featured_media":74,"parent":0,"menu_order":0,"comment_status":"closed","ping_status":"closed","template":"","meta":{"footnotes":""},"class_list":["post-27","page","type-page","status-publish","has-post-thumbnail","hentry"],"_links":{"self":[{"href":"https:\/\/al.edu.pl\/sowa\/wp-json\/wp\/v2\/pages\/27","targetHints":{"allow":["GET"]}}],"collection":[{"href":"https:\/\/al.edu.pl\/sowa\/wp-json\/wp\/v2\/pages"}],"about":[{"href":"https:\/\/al.edu.pl\/sowa\/wp-json\/wp\/v2\/types\/page"}],"author":[{"embeddable":true,"href":"https:\/\/al.edu.pl\/sowa\/wp-json\/wp\/v2\/users\/1"}],"replies":[{"embeddable":true,"href":"https:\/\/al.edu.pl\/sowa\/wp-json\/wp\/v2\/comments?post=27"}],"version-history":[{"count":7,"href":"https:\/\/al.edu.pl\/sowa\/wp-json\/wp\/v2\/pages\/27\/revisions"}],"predecessor-version":[{"id":473,"href":"https:\/\/al.edu.pl\/sowa\/wp-json\/wp\/v2\/pages\/27\/revisions\/473"}],"wp:featuredmedia":[{"embeddable":true,"href":"https:\/\/al.edu.pl\/sowa\/wp-json\/wp\/v2\/media\/74"}],"wp:attachment":[{"href":"https:\/\/al.edu.pl\/sowa\/wp-json\/wp\/v2\/media?parent=27"}],"curies":[{"name":"wp","href":"https:\/\/api.w.org\/{rel}","templated":true}]}}