{"id":2,"date":"2025-09-03T08:54:03","date_gmt":"2025-09-03T06:54:03","guid":{"rendered":"https:\/\/al.edu.pl\/sowa\/?page_id=2"},"modified":"2025-09-09T09:55:09","modified_gmt":"2025-09-09T07:55:09","slug":"przykladowa-strona","status":"publish","type":"page","link":"https:\/\/al.edu.pl\/sowa\/","title":{"rendered":"O nas"},"content":{"rendered":"\r\n<p>Popularyzujemy nauk\u0119 w przyst\u0119pnej, przyjaznej formie \u2013 w Strefie Odkrywania, Wyobra\u017ani i Aktywno\u015bci kr\u00f3luje swoboda, ciekawo\u015b\u0107 i wolno\u015b\u0107 do\u015bwiadczania. SOWA to ma\u0142e centrum nauki, w kt\u00f3rym podejmujemy pr\u00f3by, pope\u0142niamy b\u0142\u0119dy, badamy, sprawdzamy, ale przede wszystkim \u2013 dzia\u0142amy i odkrywamy! Samodzielnie albo w zespole. Z dzie\u0107mi i z doros\u0142ymi. Przestrze\u0144 SOWA inspiruje, sk\u0142ania do wsp\u00f3\u0142pracy, rozbudza kreatywno\u015b\u0107 i poczucie sprawczo\u015bci i wspiera rozw\u00f3j kompetencji przysz\u0142o\u015bci. <\/p>\r\n\r\n\r\n\r\n<div class=\"wp-block-columns alignwide is-layout-flex wp-container-core-columns-is-layout-d1c656ed wp-block-columns-is-layout-flex\">\r\n<div class=\"wp-block-column is-vertically-aligned-center is-layout-flow wp-block-column-is-layout-flow\" style=\"flex-basis:40%\">\r\n<h3 class=\"wp-block-heading is-style-asterisk\">U nas mo\u017cecie:<\/h3>\r\n\r\n\r\n\r\n<ul style=\"line-height:1.75\" class=\"wp-block-list is-style-checkmark-list\">\r\n<li>na wystawie, w toku interakcji z eksponatami bada\u0107 i odkrywa\u0107 zjawiska rz\u0105dz\u0105ce \u015bwiatem nauki,<\/li>\r\n\r\n\r\n\r\n<li>samodzielnie eksperymentowa\u0107,<\/li>\r\n\r\n\r\n\r\n<li>myli\u0107 si\u0119 i poprawia\u0107 niesko\u0144czon\u0105 ilo\u015b\u0107 razy,<\/li>\r\n\r\n\r\n\r\n<li>w Majsterni rozwi\u0105zywa\u0107 zadania konstruktorskie i podejmowa\u0107 logiczne wyzwania,<\/li>\r\n\r\n\r\n\r\n<li>uczestniczy\u0107 w warsztatach i zaj\u0119ciach opartych na sprawdzonych metodach edukacyjnych.&nbsp;<\/li>\r\n<\/ul>\r\n<\/div>\r\n\r\n\r\n\r\n<div class=\"wp-block-column is-layout-flow wp-block-column-is-layout-flow\" style=\"flex-basis:50%\">\r\n<figure class=\"wp-block-image size-large is-style-rounded is-style-rounded--1\"><img decoding=\"async\" src=\"https:\/\/al.edu.pl\/sowa\/wp-content\/uploads\/2025\/09\/DSC03696-1024x683.jpg\" alt=\"\" class=\"wp-image-146\"\/><\/figure>\r\n<\/div>\r\n<\/div>\r\n\r\n\r\n\r\n<div style=\"height:100px\" aria-hidden=\"true\" class=\"wp-block-spacer\"><\/div>\r\n\r\n\r\n\r\n<div class=\"wp-block-cover alignfull is-light\"><video class=\"wp-block-cover__video-background intrinsic-ignore\" autoplay muted loop playsinline src=\"https:\/\/al.edu.pl\/sowa\/wp-content\/uploads\/2025\/09\/SOWA-1.mp4\" data-object-fit=\"cover\"><\/video><span aria-hidden=\"true\" class=\"wp-block-cover__background has-background-dim-0 has-background-dim\"><\/span><div class=\"wp-block-cover__inner-container is-layout-flow wp-block-cover-is-layout-flow\">\r\n<p class=\"has-text-align-center has-large-font-size\"><\/p>\r\n<\/div><\/div>\r\n\r\n\r\n\r\n<h2 class=\"wp-block-heading\">Dla zwiedzaj\u0105cych<\/h2>\r\n\r\n\r\n\r\n<p>W naszej plac\u00f3wce znajdziesz:<\/p>\r\n\r\n\r\n\r\n<ul class=\"wp-block-list\">\r\n<li>Wystaw\u0119 \u2013 kilkana\u015bcie anga\u017cuj\u0105cych eksponat\u00f3w, ukazuj\u0105cych do\u015bwiadczalny charakter nauki, daj\u0105cych mo\u017cliwo\u015b\u0107 samodzielnego eksperymentowania.<\/li>\r\n\r\n\r\n\r\n<li>Majsterni\u0119 \u2013 wskaz\u00f3wki do stworzenia przestrzeni oraz zestawy zawieraj\u0105ce instrukcj\u0119 do wykonania zadania przez zwiedzaj\u0105cego wraz z potrzebnymi materia\u0142ami.<\/li>\r\n<\/ul>\r\n\r\n\r\n\r\n<h2 class=\"wp-block-heading\">O czym marzy SOWA<\/h2>\r\n\r\n\r\n\r\n<p>Chcemy, \u017ceby Strefa SOWA Was \u2013 naszych odwiedzj\u0105cych \u2013 wzbogaca\u0142a. Zale\u017cy nam, aby Strefa Odkrywania, Wyobra\u017ani i Aktywno\u015bci w \u0141om\u017cy by\u0142a miejscem wyj\u0105tkowym, w kt\u00f3rym b\u0119dziecie si\u0119 czu\u0107 swobodnie i do kt\u00f3rego b\u0119dziecie cz\u0119sto wraca\u0107.<\/p>\r\n\r\n\r\n\r\n<p>Mamy nadziej\u0119, \u017ce to innowacyjne \u015brodowisko edukacyjne, b\u0119dzie miejscem, dzi\u0119ki kt\u00f3remu nasi odwiedzaj\u0105cy b\u0119d\u0105:<\/p>\r\n\r\n\r\n\r\n<ul class=\"wp-block-list\">\r\n<li>rozwija\u0107 w sobie poczucie sprawczo\u015bci i samodzielno\u015bci,<\/li>\r\n\r\n\r\n\r\n<li>rozbudza\u0107 kreatywno\u015b\u0107,<\/li>\r\n\r\n\r\n\r\n<li>zg\u0142\u0119bia\u0107 zainteresowanie nauk\u0105,<\/li>\r\n\r\n\r\n\r\n<li>ch\u0119tniej i cz\u0119\u015bciej wybiera\u0107 karier\u0119 naukow\u0105,<\/li>\r\n\r\n\r\n\r\n<li>anga\u017cowa\u0107 si\u0119 w nauk\u0119 i rozumie\u0107, \u017ce nie jest ona zbiorem fakt\u00f3w, ale sposobem zdobywania wiedzy i poznawania \u015bwiata.<\/li>\r\n<\/ul>\r\n\r\n\r\n\r\n<figure class=\"wp-block-image size-large\"><img decoding=\"async\" src=\"https:\/\/al.edu.pl\/sowa\/wp-content\/uploads\/2025\/09\/logowki-1024x160.jpg\" alt=\"logo sowa, ministra nauki i szkolennictwa wy\u017cszego centrum nauki kopernik\" class=\"wp-image-13\"\/><\/figure>\r\n\r\n\r\n\r\n<p>Inicjatywa \u201eSOWA \u2013 Strefa Odkrywania, Wyobra\u017ani i Aktywno\u015bci&#8221; finansowana jest w ramach dotacji Ministra Nauki i Szkolnictwa Wy\u017cszego, na podstawie umowy Nr 1\/CNK-SOWA\/2021 z dnia 2 marca 2021 r. w sprawie uruchomienia przez Centrum Nauki Kopernik 50 lokalnych Stref Odkrywania, Wyobra\u017ani i Aktywno\u015bci (SOWA) w latach 2021-2028.<\/p>\r\n\r\n\r\n\r\n<div style=\"height:var(--wp--preset--spacing--50)\" aria-hidden=\"true\" class=\"wp-block-spacer\"><\/div>\r\n\r\n\r\n\r\n<div class=\"wp-block-group alignwide has-global-padding is-layout-constrained wp-block-group-is-layout-constrained\">\r\n<h1 class=\"wp-block-heading alignwide has-xx-large-font-size\" style=\"line-height:1.2\">Urz\u0105dzenia<\/h1>\r\n<\/div>\r\n\r\n\r\n\r\n<div class=\"wp-block-group alignfull has-global-padding is-layout-constrained wp-container-core-group-is-layout-5f5c486e wp-block-group-is-layout-constrained\" style=\"border-style:none;border-width:0px;border-radius:0px;min-height:0px;margin-top:0;margin-bottom:0;padding-top:var(--wp--preset--spacing--40);padding-right:var(--wp--preset--spacing--40);padding-bottom:var(--wp--preset--spacing--40);padding-left:var(--wp--preset--spacing--40)\">\r\n<div class=\"wp-block-columns alignwide is-layout-flex wp-container-core-columns-is-layout-a2c20538 wp-block-columns-is-layout-flex\" style=\"margin-top:0;margin-bottom:0;padding-top:0;padding-right:0;padding-bottom:0;padding-left:0\">\r\n<div class=\"wp-block-column is-layout-flow wp-container-core-column-is-layout-8a368f38 wp-block-column-is-layout-flow\">\r\n<figure class=\"wp-block-image size-large is-style-rounded is-style-rounded--2\"><img loading=\"lazy\" decoding=\"async\" width=\"1024\" height=\"683\" src=\"https:\/\/al.edu.pl\/sowa\/wp-content\/uploads\/2025\/09\/DSC00885-2-1024x683.jpg\" alt=\"\" class=\"wp-image-140\" style=\"aspect-ratio:4\/3;object-fit:cover\" srcset=\"https:\/\/al.edu.pl\/sowa\/wp-content\/uploads\/2025\/09\/DSC00885-2-1024x683.jpg 1024w, https:\/\/al.edu.pl\/sowa\/wp-content\/uploads\/2025\/09\/DSC00885-2-300x200.jpg 300w, https:\/\/al.edu.pl\/sowa\/wp-content\/uploads\/2025\/09\/DSC00885-2-768x512.jpg 768w, https:\/\/al.edu.pl\/sowa\/wp-content\/uploads\/2025\/09\/DSC00885-2-1536x1024.jpg 1536w, https:\/\/al.edu.pl\/sowa\/wp-content\/uploads\/2025\/09\/DSC00885-2.jpg 2048w\" sizes=\"auto, (max-width: 1024px) 100vw, 1024px\" \/><\/figure>\r\n\r\n\r\n\r\n<div style=\"height:var(--wp--preset--spacing--50)\" aria-hidden=\"true\" class=\"wp-block-spacer\"><\/div>\r\n\r\n\r\n\r\n<figure class=\"wp-block-image size-large is-style-rounded is-style-rounded--3\"><img loading=\"lazy\" decoding=\"async\" width=\"1024\" height=\"683\" src=\"https:\/\/al.edu.pl\/sowa\/wp-content\/uploads\/2025\/09\/DSC0965-1024x683.jpg\" alt=\"\" class=\"wp-image-133\" style=\"aspect-ratio:3\/4;object-fit:cover\" srcset=\"https:\/\/al.edu.pl\/sowa\/wp-content\/uploads\/2025\/09\/DSC0965-1024x683.jpg 1024w, https:\/\/al.edu.pl\/sowa\/wp-content\/uploads\/2025\/09\/DSC0965-300x200.jpg 300w, https:\/\/al.edu.pl\/sowa\/wp-content\/uploads\/2025\/09\/DSC0965-768x512.jpg 768w, https:\/\/al.edu.pl\/sowa\/wp-content\/uploads\/2025\/09\/DSC0965-1536x1024.jpg 1536w, https:\/\/al.edu.pl\/sowa\/wp-content\/uploads\/2025\/09\/DSC0965.jpg 2048w\" sizes=\"auto, (max-width: 1024px) 100vw, 1024px\" \/><\/figure>\r\n\r\n\r\n\r\n<div style=\"height:var(--wp--preset--spacing--50)\" aria-hidden=\"true\" class=\"wp-block-spacer\"><\/div>\r\n\r\n\r\n\r\n<figure class=\"wp-block-image size-large is-style-rounded is-style-rounded--4\"><img loading=\"lazy\" decoding=\"async\" width=\"1024\" height=\"683\" src=\"https:\/\/al.edu.pl\/sowa\/wp-content\/uploads\/2025\/09\/DSC5018-1024x683.jpg\" alt=\"\" class=\"wp-image-79\" style=\"aspect-ratio:3\/4;object-fit:cover\" srcset=\"https:\/\/al.edu.pl\/sowa\/wp-content\/uploads\/2025\/09\/DSC5018-1024x683.jpg 1024w, https:\/\/al.edu.pl\/sowa\/wp-content\/uploads\/2025\/09\/DSC5018-300x200.jpg 300w, https:\/\/al.edu.pl\/sowa\/wp-content\/uploads\/2025\/09\/DSC5018-768x512.jpg 768w, https:\/\/al.edu.pl\/sowa\/wp-content\/uploads\/2025\/09\/DSC5018-1536x1024.jpg 1536w, https:\/\/al.edu.pl\/sowa\/wp-content\/uploads\/2025\/09\/DSC5018.jpg 2048w\" sizes=\"auto, (max-width: 1024px) 100vw, 1024px\" \/><\/figure>\r\n<\/div>\r\n\r\n\r\n\r\n<div class=\"wp-block-column is-layout-flow wp-container-core-column-is-layout-470e7e12 wp-block-column-is-layout-flow\" style=\"padding-top:0;padding-right:0;padding-bottom:0;padding-left:0\">\r\n<figure class=\"wp-block-image size-large is-style-rounded is-style-rounded--5\"><img loading=\"lazy\" decoding=\"async\" width=\"1024\" height=\"683\" src=\"https:\/\/al.edu.pl\/sowa\/wp-content\/uploads\/2025\/09\/DSC00933-5-1024x683.jpg\" alt=\"\" class=\"wp-image-129\" style=\"aspect-ratio:3\/4;object-fit:cover\" srcset=\"https:\/\/al.edu.pl\/sowa\/wp-content\/uploads\/2025\/09\/DSC00933-5-1024x683.jpg 1024w, https:\/\/al.edu.pl\/sowa\/wp-content\/uploads\/2025\/09\/DSC00933-5-300x200.jpg 300w, https:\/\/al.edu.pl\/sowa\/wp-content\/uploads\/2025\/09\/DSC00933-5-768x512.jpg 768w, https:\/\/al.edu.pl\/sowa\/wp-content\/uploads\/2025\/09\/DSC00933-5-1536x1024.jpg 1536w, https:\/\/al.edu.pl\/sowa\/wp-content\/uploads\/2025\/09\/DSC00933-5.jpg 2048w\" sizes=\"auto, (max-width: 1024px) 100vw, 1024px\" \/><\/figure>\r\n\r\n\r\n\r\n<div style=\"height:var(--wp--preset--spacing--50)\" aria-hidden=\"true\" class=\"wp-block-spacer\"><\/div>\r\n\r\n\r\n\r\n<figure class=\"wp-block-image size-large is-style-rounded is-style-rounded--6\"><img loading=\"lazy\" decoding=\"async\" width=\"1024\" height=\"683\" src=\"https:\/\/al.edu.pl\/sowa\/wp-content\/uploads\/2025\/09\/DSC9833-1024x683.jpg\" alt=\"\" class=\"wp-image-134\" style=\"aspect-ratio:1;object-fit:cover\" srcset=\"https:\/\/al.edu.pl\/sowa\/wp-content\/uploads\/2025\/09\/DSC9833-1024x683.jpg 1024w, https:\/\/al.edu.pl\/sowa\/wp-content\/uploads\/2025\/09\/DSC9833-300x200.jpg 300w, https:\/\/al.edu.pl\/sowa\/wp-content\/uploads\/2025\/09\/DSC9833-768x512.jpg 768w, https:\/\/al.edu.pl\/sowa\/wp-content\/uploads\/2025\/09\/DSC9833-1536x1024.jpg 1536w, https:\/\/al.edu.pl\/sowa\/wp-content\/uploads\/2025\/09\/DSC9833.jpg 2048w\" sizes=\"auto, (max-width: 1024px) 100vw, 1024px\" \/><\/figure>\r\n\r\n\r\n\r\n<div style=\"height:var(--wp--preset--spacing--50)\" aria-hidden=\"true\" class=\"wp-block-spacer\"><\/div>\r\n\r\n\r\n\r\n<figure class=\"wp-block-image size-large is-style-rounded is-style-rounded--7\"><img loading=\"lazy\" decoding=\"async\" width=\"1024\" height=\"683\" src=\"https:\/\/al.edu.pl\/sowa\/wp-content\/uploads\/2025\/09\/DSC02858-1024x683.jpg\" alt=\"\" class=\"wp-image-139\" style=\"aspect-ratio:1;object-fit:cover\" srcset=\"https:\/\/al.edu.pl\/sowa\/wp-content\/uploads\/2025\/09\/DSC02858-1024x683.jpg 1024w, https:\/\/al.edu.pl\/sowa\/wp-content\/uploads\/2025\/09\/DSC02858-300x200.jpg 300w, https:\/\/al.edu.pl\/sowa\/wp-content\/uploads\/2025\/09\/DSC02858-768x512.jpg 768w, https:\/\/al.edu.pl\/sowa\/wp-content\/uploads\/2025\/09\/DSC02858-1536x1024.jpg 1536w, https:\/\/al.edu.pl\/sowa\/wp-content\/uploads\/2025\/09\/DSC02858.jpg 2048w\" sizes=\"auto, (max-width: 1024px) 100vw, 1024px\" \/><\/figure>\r\n<\/div>\r\n\r\n\r\n\r\n<div class=\"wp-block-column is-layout-flow wp-container-core-column-is-layout-8a368f38 wp-block-column-is-layout-flow\">\r\n<figure class=\"wp-block-image size-large is-style-rounded is-style-rounded--8\"><img loading=\"lazy\" decoding=\"async\" width=\"1024\" height=\"683\" src=\"https:\/\/al.edu.pl\/sowa\/wp-content\/uploads\/2025\/09\/DSC9844-1024x683.jpg\" alt=\"\" class=\"wp-image-131\" style=\"aspect-ratio:3\/4;object-fit:cover\" srcset=\"https:\/\/al.edu.pl\/sowa\/wp-content\/uploads\/2025\/09\/DSC9844-1024x683.jpg 1024w, https:\/\/al.edu.pl\/sowa\/wp-content\/uploads\/2025\/09\/DSC9844-300x200.jpg 300w, https:\/\/al.edu.pl\/sowa\/wp-content\/uploads\/2025\/09\/DSC9844-768x512.jpg 768w, https:\/\/al.edu.pl\/sowa\/wp-content\/uploads\/2025\/09\/DSC9844-1536x1024.jpg 1536w, https:\/\/al.edu.pl\/sowa\/wp-content\/uploads\/2025\/09\/DSC9844.jpg 2048w\" sizes=\"auto, (max-width: 1024px) 100vw, 1024px\" \/><\/figure>\r\n\r\n\r\n\r\n<div style=\"height:var(--wp--preset--spacing--50)\" aria-hidden=\"true\" class=\"wp-block-spacer\"><\/div>\r\n\r\n\r\n\r\n<figure class=\"wp-block-image size-large is-style-rounded is-style-rounded--9\"><img loading=\"lazy\" decoding=\"async\" width=\"1024\" height=\"683\" src=\"https:\/\/al.edu.pl\/sowa\/wp-content\/uploads\/2025\/09\/DSC034091-1024x683.jpg\" alt=\"\" class=\"wp-image-135\" style=\"aspect-ratio:3\/4;object-fit:cover\" srcset=\"https:\/\/al.edu.pl\/sowa\/wp-content\/uploads\/2025\/09\/DSC034091-1024x683.jpg 1024w, https:\/\/al.edu.pl\/sowa\/wp-content\/uploads\/2025\/09\/DSC034091-300x200.jpg 300w, https:\/\/al.edu.pl\/sowa\/wp-content\/uploads\/2025\/09\/DSC034091-768x512.jpg 768w, https:\/\/al.edu.pl\/sowa\/wp-content\/uploads\/2025\/09\/DSC034091-1536x1024.jpg 1536w, https:\/\/al.edu.pl\/sowa\/wp-content\/uploads\/2025\/09\/DSC034091.jpg 2048w\" sizes=\"auto, (max-width: 1024px) 100vw, 1024px\" \/><\/figure>\r\n\r\n\r\n\r\n<div style=\"height:var(--wp--preset--spacing--50)\" aria-hidden=\"true\" class=\"wp-block-spacer\"><\/div>\r\n\r\n\r\n\r\n<figure class=\"wp-block-image size-large is-style-rounded is-style-rounded--10\"><img loading=\"lazy\" decoding=\"async\" width=\"1024\" height=\"576\" src=\"https:\/\/al.edu.pl\/sowa\/wp-content\/uploads\/2025\/09\/DSC5003-edited-1024x576.jpg\" alt=\"\" class=\"wp-image-83\" style=\"aspect-ratio:16\/9;object-fit:cover\" srcset=\"https:\/\/al.edu.pl\/sowa\/wp-content\/uploads\/2025\/09\/DSC5003-edited-1024x576.jpg 1024w, https:\/\/al.edu.pl\/sowa\/wp-content\/uploads\/2025\/09\/DSC5003-edited-300x169.jpg 300w, https:\/\/al.edu.pl\/sowa\/wp-content\/uploads\/2025\/09\/DSC5003-edited-768x432.jpg 768w, https:\/\/al.edu.pl\/sowa\/wp-content\/uploads\/2025\/09\/DSC5003-edited-1536x864.jpg 1536w, https:\/\/al.edu.pl\/sowa\/wp-content\/uploads\/2025\/09\/DSC5003-edited.jpg 2048w\" sizes=\"auto, (max-width: 1024px) 100vw, 1024px\" \/><\/figure>\r\n<\/div>\r\n<\/div>\r\n<\/div>\r\n","protected":false},"excerpt":{"rendered":"<p>Popularyzujemy nauk\u0119 w przyst\u0119pnej, przyjaznej formie \u2013 w Strefie Odkrywania, Wyobra\u017ani i Aktywno\u015bci kr\u00f3luje swoboda, ciekawo\u015b\u0107 i wolno\u015b\u0107 do\u015bwiadczania. SOWA to ma\u0142e centrum nauki, w kt\u00f3rym podejmujemy pr\u00f3by, pope\u0142niamy b\u0142\u0119dy, badamy, sprawdzamy, ale przede wszystkim \u2013 dzia\u0142amy i odkrywamy! Samodzielnie albo w zespole. Z dzie\u0107mi i z doros\u0142ymi. Przestrze\u0144 SOWA inspiruje, sk\u0142ania do wsp\u00f3\u0142pracy, rozbudza [&hellip;]<\/p>\n","protected":false},"author":1,"featured_media":0,"parent":0,"menu_order":0,"comment_status":"closed","ping_status":"closed","template":"","meta":{"footnotes":""},"class_list":["post-2","page","type-page","status-publish","hentry"],"_links":{"self":[{"href":"https:\/\/al.edu.pl\/sowa\/wp-json\/wp\/v2\/pages\/2","targetHints":{"allow":["GET"]}}],"collection":[{"href":"https:\/\/al.edu.pl\/sowa\/wp-json\/wp\/v2\/pages"}],"about":[{"href":"https:\/\/al.edu.pl\/sowa\/wp-json\/wp\/v2\/types\/page"}],"author":[{"embeddable":true,"href":"https:\/\/al.edu.pl\/sowa\/wp-json\/wp\/v2\/users\/1"}],"replies":[{"embeddable":true,"href":"https:\/\/al.edu.pl\/sowa\/wp-json\/wp\/v2\/comments?post=2"}],"version-history":[{"count":20,"href":"https:\/\/al.edu.pl\/sowa\/wp-json\/wp\/v2\/pages\/2\/revisions"}],"predecessor-version":[{"id":149,"href":"https:\/\/al.edu.pl\/sowa\/wp-json\/wp\/v2\/pages\/2\/revisions\/149"}],"wp:attachment":[{"href":"https:\/\/al.edu.pl\/sowa\/wp-json\/wp\/v2\/media?parent=2"}],"curies":[{"name":"wp","href":"https:\/\/api.w.org\/{rel}","templated":true}]}}