{"id":18,"date":"2025-09-03T11:00:41","date_gmt":"2025-09-03T09:00:41","guid":{"rendered":"https:\/\/al.edu.pl\/sowa2\/?page_id=18"},"modified":"2025-09-15T13:08:50","modified_gmt":"2025-09-15T11:08:50","slug":"godziny-wejsc","status":"publish","type":"page","link":"https:\/\/al.edu.pl\/sowa\/godziny-wejsc\/","title":{"rendered":"Godziny wej\u015b\u0107"},"content":{"rendered":"\n<p>Wst\u0119p do Strefy SOWA jest ca\u0142kowicie bezp\u0142atny.<\/p>\n\n\n\n<h2 class=\"wp-block-heading\">Go\u015bcie indywidualni<\/h2>\n\n\n\n<p>Strefa SOWA jest dost\u0119pna dla odwiedzaj\u0105cych indywidualnie:<\/p>\n\n\n\n<ul class=\"wp-block-list\">\n<li>we wtorki i \u015brody w godzinach 9:00\u201314:00<\/li>\n\n\n\n<li>w czwartki w godzinach 14:00\u201318:00<\/li>\n<\/ul>\n\n\n\n<p>Wej\u015bcie odbywa si\u0119 bez konieczno\u015bci wcze\u015bniejszej rezerwacji.<\/p>\n\n\n\n<h2 class=\"wp-block-heading\">Grupy zorganizowane<\/h2>\n\n\n\n<p>Odwiedziny mo\u017cliwe s\u0105 we wtorki i \u015brody o godz. 9:00, 11:30 oraz 14:00.<\/p>\n\n\n\n<p>Maksymalna liczba uczestnik\u00f3w w grupie wynosi 30 os\u00f3b (plus opiekunowie). W tym przypadku obowi\u0105zuje wcze\u015bniejsza rezerwacja.<\/p>\n\n\n\n<h2 class=\"wp-block-heading\">Kontakt<\/h2>\n\n\n\n<p>E-mail: sowa@al.edu.pl,&nbsp;Telefon: 86 216 82 74, 535 880 052<\/p>\n","protected":false},"excerpt":{"rendered":"<p>Wst\u0119p do Strefy SOWA jest ca\u0142kowicie bezp\u0142atny. Go\u015bcie indywidualni Strefa SOWA jest dost\u0119pna dla odwiedzaj\u0105cych indywidualnie: Wej\u015bcie odbywa si\u0119 bez konieczno\u015bci wcze\u015bniejszej rezerwacji. Grupy zorganizowane Odwiedziny mo\u017cliwe s\u0105 we wtorki i \u015brody o godz. 9:00, 11:30 oraz 14:00. Maksymalna liczba uczestnik\u00f3w w grupie wynosi 30 os\u00f3b (plus opiekunowie). W tym przypadku obowi\u0105zuje wcze\u015bniejsza rezerwacja. Kontakt [&hellip;]<\/p>\n","protected":false},"author":1,"featured_media":74,"parent":0,"menu_order":0,"comment_status":"closed","ping_status":"closed","template":"","meta":{"footnotes":""},"class_list":["post-18","page","type-page","status-publish","has-post-thumbnail","hentry"],"_links":{"self":[{"href":"https:\/\/al.edu.pl\/sowa\/wp-json\/wp\/v2\/pages\/18","targetHints":{"allow":["GET"]}}],"collection":[{"href":"https:\/\/al.edu.pl\/sowa\/wp-json\/wp\/v2\/pages"}],"about":[{"href":"https:\/\/al.edu.pl\/sowa\/wp-json\/wp\/v2\/types\/page"}],"author":[{"embeddable":true,"href":"https:\/\/al.edu.pl\/sowa\/wp-json\/wp\/v2\/users\/1"}],"replies":[{"embeddable":true,"href":"https:\/\/al.edu.pl\/sowa\/wp-json\/wp\/v2\/comments?post=18"}],"version-history":[{"count":4,"href":"https:\/\/al.edu.pl\/sowa\/wp-json\/wp\/v2\/pages\/18\/revisions"}],"predecessor-version":[{"id":345,"href":"https:\/\/al.edu.pl\/sowa\/wp-json\/wp\/v2\/pages\/18\/revisions\/345"}],"wp:featuredmedia":[{"embeddable":true,"href":"https:\/\/al.edu.pl\/sowa\/wp-json\/wp\/v2\/media\/74"}],"wp:attachment":[{"href":"https:\/\/al.edu.pl\/sowa\/wp-json\/wp\/v2\/media?parent=18"}],"curies":[{"name":"wp","href":"https:\/\/api.w.org\/{rel}","templated":true}]}}