{"id":420,"date":"2025-02-17T10:02:43","date_gmt":"2025-02-17T10:02:43","guid":{"rendered":"https:\/\/al.edu.pl\/roboexe\/?page_id=420"},"modified":"2025-02-17T16:39:00","modified_gmt":"2025-02-17T16:39:00","slug":"regulamin-robot-challenge","status":"publish","type":"page","link":"https:\/\/al.edu.pl\/roboexe\/?page_id=420","title":{"rendered":"Regulamin Robot Challenge"},"content":{"rendered":"\n<h2 class=\"wp-block-heading\">\u00a7 1 Informacje og\u00f3lne<\/h2>\n\n\n\n<p><strong>1. Organizator Zawod\u00f3w RoboExe: Robot Challenge 2025 (dalej zwanych Zawodami):<\/strong><\/p>\n\n\n\n<p>Wydzia\u0142 Nauk Informatyczno-Technologicznych Akademii \u0141om\u017cy\u0144skiej<\/p>\n\n\n\n<p id=\"yui_3_18_1_1_1739474809675_43\"><strong>2. Nadz\u00f3r nad organizacj\u0105 i przebiegiem Zawod\u00f3w RoboExe: Robot Challenge 2025 sprawuje Komisja Zawod\u00f3w RoboExe (Komisja) w sk\u0142adzie:<\/strong><\/p>\n\n\n\n<p>1. dr in\u017c. Tomasz Ku\u017amierowski \u2013 przewodnicz\u0105cy Komisji<\/p>\n\n\n\n<p>2. mgr in\u017c. Mateusz Zalewski \u2013 cz\u0142onek Komisji<\/p>\n\n\n\n<p>3. mgr in\u017c. Kamil Felter \u2013 cz\u0142onek Komisji<\/p>\n\n\n\n<p>4. mgr in\u017c. Arkadiusz Nieciecki \u2013 cz\u0142onek Komisji<\/p>\n\n\n\n<p><strong>3. Patronat nad Zawodami RoboExe: Robot Challenge 2025 obejmuj\u0105:<\/strong><\/p>\n\n\n\n<p>1. Rektor ANS\u0141 \u2013 dr hab. Dariusz Surowik, prof. A\u0141<\/p>\n\n\n\n<p><strong>4. Cel Zawod\u00f3w RoboExe: Robot Challenge 2025:<\/strong><\/p>\n\n\n\n<p>1. Popularyzacja nauk technicznych i szeroko rozumianych nowych technologii oraz nowoczesnych rozwi\u0105za\u0144 z zakresu&nbsp; robotyki, mechatroniki, elektroniki i informatyki.<\/p>\n\n\n\n<p>2. Mo\u017cliwo\u015b\u0107 wymiany do\u015bwiadcze\u0144 uczestnik\u00f3w zawod\u00f3w w zakresie budowy i programowania robot\u00f3w mobilnych.<\/p>\n\n\n\n<p>3. Mo\u017cliwo\u015b\u0107 kreatywnego sp\u0119dzenia wolnego czasu poprzez rywalizacj\u0119 fair-play.<\/p>\n\n\n\n<p>4. Pobudzenie do tw\u00f3rczego my\u015blenia oraz rozwijanie umiej\u0119tno\u015bci praktycznego wykorzystania zdobytej wiedzy.<\/p>\n\n\n\n<p><strong>5. Termin Zawod\u00f3w RoboExe: Robot Challenge 2025:<\/strong><\/p>\n\n\n\n<p>27 marca 2025 roku<\/p>\n\n\n\n<p><strong>6. Miejsce Zawod\u00f3w RoboExe: Robot Challenge 2025:<\/strong><\/p>\n\n\n\n<p>Akademia \u0141om\u017cy\u0144ska, budynek Wydzia\u0142u Nauk Informatyczno-Technologicznych, ul. Akademicka 1 w \u0141om\u017cy.<\/p>\n\n\n\n<p><strong>7. Ka\u017cdy uczestnik i obserwator Zawod\u00f3w jest zobowi\u0105zany do przestrzegania \u201ePrzepis\u00f3w Przeciwpo\u017carowych i BHP\u201d&nbsp; obowi\u0105zuj\u0105cych na terenie Akademii \u0141om\u017cy\u0144skiej.<\/strong><br><br>\u00a7 2 Zasady uczestnictwa i procedura zg\u0142aszania<\/p>\n\n\n\n<p><strong>1. Uczestnictwo w Zawodach RoboExe: Robot Challenge 2025:<\/strong><\/p>\n\n\n\n<p>1. W Zawodach RoboExe: Robot Challenge 2025 mog\u0105 wzi\u0105\u0107 udzia\u0142 Dru\u017cyny sk\u0142adaj\u0105ce si\u0119 z maksymalnie:<\/p>\n\n\n\n<ul class=\"wp-block-list\">\n<li>w kategorii Line Follower &#8211; 2 osoby<\/li>\n\n\n\n<li>w kategorii Lego Sumo &#8211; 2 osoby<\/li>\n\n\n\n<li>w kategorii Free Style &#8211; 4 osoby<\/li>\n<\/ul>\n\n\n\n<p>2. Kapitan Dru\u017cyny powinien by\u0107 osob\u0105 pe\u0142noletni\u0105. W przeciwnym przypadku Dru\u017cyna musi mie\u0107 dodatkowo pe\u0142noletniego&nbsp; opiekuna. Opiekun nie musi liczy\u0107 si\u0119 jako cz\u0142onek dru\u017cyny.<\/p>\n\n\n\n<p>3. Osoby niepe\u0142noletnie musz\u0105 dodatkowo dostarczy\u0107 w dniu Zawod\u00f3w zgod\u0119 rodzica lub opiekuna prawnego na uczestniczenie\u00a0 w Zawodach. Wz\u00f3r zgody stanowi\u00a0<a href=\"https:\/\/al.edu.pl\/roboexe\/wp-content\/uploads\/2025\/02\/Zalacznik_nr_RC_3.pdf\" data-type=\"attachment\" data-id=\"431\">Za\u0142\u0105cznik RC.3<\/a>\u00a0do niniejszego Regulaminu.<\/p>\n\n\n\n<p>4. Ka\u017cda z Dru\u017cyn wystawia do wybranej kategorii zawod\u00f3w jednego robota.<\/p>\n\n\n\n<p>5. Udzia\u0142 w Zawodach jest bezp\u0142atny i dobrowolny.<\/p>\n\n\n\n<p>6. Uczestnik Zawod\u00f3w zobowi\u0105zuje si\u0119 do przestrzegania niniejszego Regulaminu.<\/p>\n\n\n\n<p>7. Warunkiem uczestnictwa w Zawodach jest wyra\u017cenie zgody na przetwarzanie danych osobowych przez ka\u017cdego cz\u0142onka Dru\u017cyny.&nbsp;<\/p>\n\n\n\n<p>8. Liczba uczestnicz\u0105cych Dru\u017cyn jest ograniczona. Liczy si\u0119 termin zg\u0142oszenia.<\/p>\n\n\n\n<p><strong>2. Procedura zg\u0142aszania uczestnictwa w Zawodach RoboExe: Robot Challenge 2025<\/strong><\/p>\n\n\n\n<p>1. Termin zg\u0142aszania uczestnictwa w Zawodach RoboExe: Robot Challenge 2025 mo\u017cliwy jest w dniach od 17 lutego do 17 marca 2025 roku.<\/p>\n\n\n\n<p>2. Informacje o konkursie dost\u0119pne s\u0105 na stronie&nbsp;<a href=\"https:\/\/www.google.com\/url?q=https%3A%2F%2Fansl.edu.pl%2Froboexe%2F&amp;sa=D&amp;sntz=1&amp;usg=AOvVaw1rPnYxQ0hQk6sMcmbwc8jn\" target=\"_blank\" rel=\"noreferrer noopener\">al.edu.pl\/roboexe<\/a>. Zg\u0142oszenie odbywa si\u0119 przez stron\u0119&nbsp; konkurswiedzy.al.edu.pl, po wcze\u015bniejszym zarejestrowaniu tam konta u\u017cytkownika. Wys\u0142anie zg\u0142oszenia jest r\u00f3wnoznaczne&nbsp; z akceptacj\u0105 Regulaminu.<\/p>\n\n\n\n<p>3. Komisja Zawod\u00f3w weryfikuje zg\u0142oszenia oraz akceptacje udzia\u0142u Uczestnika Konkursu. Status zg\u0142oszenia mo\u017cna sprawdzi\u0107&nbsp; po zalogowaniu na konto u\u017cytkownika na stronie Konkursu najp\u00f3\u017aniej na tydzie\u0144 przed wydarzeniem.<\/p>\n\n\n\n<p>4. Komisja Zawod\u00f3w zastrzega sobie prawo odrzucenia zg\u0142oszenia bez podawania przyczyn.<br><br>\u00a7 3 Zasady udzia\u0142u w Zawodach RoboExe: Robot Challenge 2025<\/p>\n\n\n\n<p><strong>1. Wytyczne dotycz\u0105ce robot\u00f3w zg\u0142oszonych do zawod\u00f3w:<\/strong><\/p>\n\n\n\n<p>1. Robot musi by\u0107 oryginaln\u0105 autorsk\u0105 konstrukcj\u0105 zbudowan\u0105 przez Dru\u017cyn\u0119. Robot nie mo\u017ce by\u0107 produktem b\u0119d\u0105cym w&nbsp; sprzeda\u017cy detalicznej ani dzie\u0142em os\u00f3b trzecich.<\/p>\n\n\n\n<p>2. Robot mo\u017ce sk\u0142ada\u0107 si\u0119 z gotowych podzespo\u0142\u00f3w zakupionych i samodzielnie z\u0142o\u017conych przez Dru\u017cyn\u0119.<\/p>\n\n\n\n<p>3. Wymiary zewn\u0119trzne robota okre\u015blone s\u0105 osobno dla ka\u017cdej kategorii. Nie zachowanie wymiar\u00f3w jest&nbsp; podstaw\u0105 do dyskwalifikacji.&nbsp;Kryterium wymiar\u00f3w nie dotyczy konkurencji Free Style Presentation.<\/p>\n\n\n\n<p>4. Waga robota nie mo\u017ce przekracza\u0107 1 kg w konkurencji Sumo i 3 kg w konkurencji LineFollower. W przypadku Free Style Presentation waga robota mo\u017ce przekracza\u0107 3kg.<\/p>\n\n\n\n<p>5. Robot startuj\u0105cy w konkurencjach musi by\u0107 autonomiczny, tzn. nie mo\u017ce by\u0107 zdalnie sterowany przez cz\u0142owieka (nie jest to&nbsp; wymagane w przypadku konkurencji Free Style Presentation).<\/p>\n\n\n\n<p><strong>2. Zasady og\u00f3lne zawod\u00f3w:<\/strong><\/p>\n\n\n\n<p>1. Planowane s\u0105 nast\u0119puj\u0105ce konkurencje: Line Follower, (Pod\u0105\u017canie za lini\u0105), Free Style Presentation (Prezentacja w\u0142asnej&nbsp; konstrukcji), Lego Sumo.<\/p>\n\n\n\n<p>2. W konkurencjach Line Follower oraz Lego Sumo dodatkowo osobno startuj\u0105 studenci oraz osobno startuj\u0105 uczniowie szk\u00f3\u0142 (\u015brednich oraz podstawowych).<\/p>\n\n\n\n<p>3. Organizator zastrzega sobie prawo odwo\u0142ania konkurencji w przypadku zbyt ma\u0142ej liczby zg\u0142oszonych do niej robot\u00f3w.<\/p>\n\n\n\n<p>4. Poszczeg\u00f3lne konkurencje odbywa\u0107 si\u0119 b\u0119d\u0105 zgodnie z harmonogramem zamieszczonym na stronie&nbsp;<a href=\"https:\/\/www.google.com\/url?q=https%3A%2F%2Fansl.edu.pl%2Froboexe%2F&amp;sa=D&amp;sntz=1&amp;usg=AOvVaw1rPnYxQ0hQk6sMcmbwc8jn\" target=\"_blank\" rel=\"noreferrer noopener\">al.edu.pl\/roboexe<\/a>&nbsp;na&nbsp; 7 dni przed Zawodami. Przed startem w kolejnej konkurencji Dru\u017cynie przys\u0142uguje 10 min przerwy na rekonfiguracj\u0119 lub&nbsp; przeprogramowanie robota.<\/p>\n\n\n\n<p>5. Organizatorzy Zawod\u00f3w przewiduj\u0105 nagrody rzeczowe Dru\u017cynie za zaj\u0119cie pierwszego miejsca w ka\u017cdej klasyfikacji (w&nbsp; ka\u017cdej konkurencji).<\/p>\n\n\n\n<p>6. Przebieg ka\u017cdej konkurencji nadzoruje s\u0119dzia lub s\u0119dziowie wyznaczeni przez Komisj\u0119 Zawod\u00f3w. Do sk\u0142adu s\u0119dziowskiego&nbsp; mog\u0105 wchodzi\u0107 cz\u0142onkowie Komisji.<\/p>\n\n\n\n<p><strong>3. Zasady szczeg\u00f3\u0142owe poszczeg\u00f3lnych konkurencji:<\/strong><\/p>\n\n\n\n<p>1. Kolejno\u015b\u0107 rozgrywanych konkurencji jest zgodna z harmonogramem, o kt\u00f3rym mowa w \u00a7 3 pkt 2.3 niniejszego Regulaminu.<\/p>\n\n\n\n<p>2. Opis szczeg\u00f3\u0142owy ka\u017cdej konkurencji znajduje si\u0119 w\u00a0<a href=\"https:\/\/al.edu.pl\/roboexe\/wp-content\/uploads\/2025\/02\/Zalacznik_nr_RC_1.pdf\" data-type=\"attachment\" data-id=\"433\">Za\u0142\u0105czniku RC.1<\/a>\u00a0do niniejszego Regulaminu.<\/p>\n\n\n\n<p>3. Aktualne informacji dotycz\u0105ce ka\u017cdej z konkurencji mo\u017cna znale\u017a\u0107 na stronie&nbsp;<a href=\"https:\/\/www.google.com\/url?q=https%3A%2F%2Fansl.edu.pl%2Froboexe%2F&amp;sa=D&amp;sntz=1&amp;usg=AOvVaw1rPnYxQ0hQk6sMcmbwc8jn\" target=\"_blank\" rel=\"noreferrer noopener\">al.edu.pl\/roboexe<\/a>&nbsp;.<\/p>\n\n\n\n<p><strong>4. Spos\u00f3b oceniania. Klasyfikacja:<\/strong><\/p>\n\n\n\n<p>1. Zasady naliczania punkt\u00f3w oraz zasady kwalifikacji w poszczeg\u00f3lnych konkurencjach zosta\u0142y opisane w\u00a0<a href=\"https:\/\/konkurswiedzy.al.edu.pl\/pluginfile.php\/11183\/mod_resource\/content\/0\/Zalacznik_nr_RC_1.pdf\">Za\u0142\u0105czniku <\/a><a href=\"https:\/\/al.edu.pl\/roboexe\/wp-content\/uploads\/2025\/02\/Zalacznik_nr_RC_1.pdf\">RC<\/a><a href=\"https:\/\/konkurswiedzy.al.edu.pl\/pluginfile.php\/11183\/mod_resource\/content\/0\/Zalacznik_nr_RC_1.pdf\">.1.<\/a><br><br>\u00a7 4 Harmonogram Zawod\u00f3w RoboExe: Robot Challenge 2025<\/p>\n\n\n\n<p>1. Szczeg\u00f3\u0142owy harmonogram Zawod\u00f3w zostanie opublikowany na stronie&nbsp;<a href=\"https:\/\/www.google.com\/url?q=https%3A%2F%2Fansl.edu.pl%2Froboexe%2F&amp;sa=D&amp;sntz=1&amp;usg=AOvVaw1rPnYxQ0hQk6sMcmbwc8jn\" target=\"_blank\" rel=\"noreferrer noopener\">al.edu.pl\/roboexe<\/a>&nbsp;na tydzie\u0144 przed Zawodami.<\/p>\n\n\n\n<p>2. Harmonogram b\u0119dzie zawiera\u0142 godziny rozpocz\u0119cia ka\u017cdej konkurencji. Brak gotowo\u015bci robota o wyznaczonej godzinie&nbsp; b\u0119dzie podstaw\u0105 do dyskwalifikacji go w danej konkurencji.<\/p>\n\n\n\n<p>3. Organizator zastrzega sobie mo\u017cliwo\u015b\u0107 zmiany harmonogramu w dniu zawod\u00f3w. Aktualny harmonogram b\u0119dzie wywieszony&nbsp; w miejscu rozgrywania zawod\u00f3w.<br><br>\u00a7 5 Procedura rozpatrywania odwo\u0142ania<\/p>\n\n\n\n<p>1. Uczestnik bior\u0105cy udzia\u0142 w zawodach ma prawo z\u0142o\u017cy\u0107 odwo\u0142anie do Komisji Zawod\u00f3w. W przypadku, gdy uczestnik jest&nbsp; niepe\u0142noletni odwo\u0142anie sk\u0142ada jego opiekun prawny.<\/p>\n\n\n\n<p>2. Odwo\u0142anie mo\u017ce dotyczy\u0107, w zale\u017cno\u015bci od konkurencji, sposobu zliczania czas\u00f3w lub naliczania punkt\u00f3w za konkurencj\u0119.&nbsp; Odwo\u0142anie mo\u017ce r\u00f3wnie\u017c zawiera\u0107 zg\u0142oszenie naruszenia Regulaminu lub zasad poszczeg\u00f3lnych konkurencji przez innych&nbsp; uczestnik\u00f3w.<\/p>\n\n\n\n<p>3. Odwo\u0142anie, kt\u00f3rego wz\u00f3r stanowi\u00a0<a href=\"https:\/\/konkurswiedzy.al.edu.pl\/mod\/resource\/view.php?id=237\" target=\"_blank\" rel=\"noreferrer noopener\">Za\u0142\u0105cznik <\/a><a href=\"https:\/\/al.edu.pl\/roboexe\/wp-content\/uploads\/2025\/02\/Zalacznik_nr_RC_2.pdf\" data-type=\"attachment\" data-id=\"432\" target=\"_blank\" rel=\"noreferrer noopener\">RC<\/a><a href=\"https:\/\/konkurswiedzy.al.edu.pl\/mod\/resource\/view.php?id=237\" target=\"_blank\" rel=\"noreferrer noopener\">.2<\/a>\u00a0do Regulaminu, nale\u017cy z\u0142o\u017cy\u0107 niezw\u0142ocznie po zaistnia\u0142ym zdarzeniu w\u00a0 formie pisemnej do Komisji Zawod\u00f3w.<\/p>\n\n\n\n<p>4. Komisja Zawod\u00f3w rozpatruje odwo\u0142anie niezw\u0142ocznie po jego otrzymaniu. Decyzja Komisji Zawod\u00f3w jest ostateczna.<br><br>\u00a7 6 Ochrona danych osobowych<\/p>\n\n\n\n<p>1. Administratorem danych osobowych jest Rektor Akademii \u0141om\u017cy\u0144skiej, ul. Akademicka 14.<\/p>\n\n\n\n<p>2. Zg\u0142aszaj\u0105c Dru\u017cyn\u0119 do zawod\u00f3w, ka\u017cdy z cz\u0142onk\u00f3w zgadza si\u0119 na przetwarzanie jego danych osobowych w celu realizacji&nbsp; Zawod\u00f3w.<\/p>\n\n\n\n<p>3. Dane osobowe umieszczone w bazie A\u0141 s\u0105 przetwarzane wy\u0142\u0105cznie w celu realizacji Konkursu. Dane te s\u0105&nbsp; gromadzone z nale\u017cyt\u0105 staranno\u015bci\u0105 i odpowiednio chronione przed dost\u0119pem do nich przez osoby do tego nieupowa\u017cnione,&nbsp; zgodnie z art. 6 ust. 1 lit. a) rozporz\u0105dzenia Parlamentu Europejskiego i Rady (UE) 2016\/679 z dnia 27 kwietnia 2016 r. w&nbsp; sprawie ochrony os\u00f3b fizycznych w zwi\u0105zku z przetwarzaniem danych osobowych i w sprawie swobodnego przep\u0142ywu takich&nbsp; danych oraz uchylenia dyrektywy 95\/46\/WE \u2013 og\u00f3lne rozporz\u0105dzenie o ochronie danych (Dz. Urz. UE L 119.1 z dnia&nbsp; 04.05.2016 r.) Uczestnik ma prawo wgl\u0105du do swoich danych, do ich korekty oraz \u017c\u0105dania zaprzestania ich wykorzystywania&nbsp; w ka\u017cdej chwili.<\/p>\n\n\n\n<p>4. Zg\u0142aszaj\u0105cy wyra\u017ca zgod\u0119 na przes\u0142anie na podany adres e-mail informacji o kolejnych edycjach zawod\u00f3w organizowanych&nbsp; w przysz\u0142o\u015bci.<\/p>\n\n\n\n<p>5. Podane przez Zawodnika informacje mog\u0105 zosta\u0107 udost\u0119pnione w\u0142a\u015bciwym organom w\u0142adzy publicznej, je\u017celi wymagaj\u0105 tego&nbsp; obowi\u0105zuj\u0105ce przepisy prawa.<\/p>\n\n\n\n<p>6. Osoby niepe\u0142noletnie musz\u0105 dodatkowo dostarczy\u0107 w dniu Zawod\u00f3w zgod\u0119 rodzica lub opiekuna prawnego na&nbsp; uczestniczenie w Zawodach. Wz\u00f3r zgody stanowi za\u0142\u0105cznik ZO niniejszego Regulaminu.<br><br>\u00a7 7 Zasady bezpiecze\u0144stwa obowi\u0105zuj\u0105ce na zawodach<\/p>\n\n\n\n<p>1. Uczestnicy oraz wszystkie inne osoby, kt\u00f3re znajduj\u0105 si\u0119 na terenie Zawod\u00f3w zobowi\u0105zani s\u0105 zachowywa\u0107 si\u0119 w spos\u00f3b&nbsp; niezagra\u017caj\u0105cy bezpiecze\u0144stwu innych os\u00f3b obecnych na zawodach, a w szczeg\u00f3lno\u015bci przestrzega\u0107 postanowie\u0144&nbsp; niniejszego Regulaminu, Przepis\u00f3w Przeciwpo\u017carowych i BHP obowi\u0105zuj\u0105cych na terenie ANS. Uczestnicy zawod\u00f3w nie przestrzegaj\u0105cy powy\u017cszych postanowie\u0144 mog\u0105 zosta\u0107 zdyskwalifikowani.<\/p>\n\n\n\n<p>2. W czasie Zawod\u00f3w wszyscy uczestnicy oraz inne osoby przebywaj\u0105ce na terenie zawod\u00f3w, zobowi\u0105zuj\u0105 si\u0119 przestrzega\u0107&nbsp; przepis\u00f3w Ustawy o wychowaniu w trze\u017awo\u015bci i przeciwdzia\u0142aniu alkoholizmowi z dnia 26 pa\u017adziernika 1982 r.<\/p>\n\n\n\n<p>3. Organizator zastrzega sobie prawo odmowy wst\u0119pu na teren Zawod\u00f3w:<\/p>\n\n\n\n<p>osobie zachowuj\u0105cej si\u0119 agresywnie, prowokacyjnie albo w inny spos\u00f3b stwarzaj\u0105cej zagro\u017cenie dla bezpiecze\u0144stwa lub&nbsp; porz\u0105dku publicznego.<\/p>\n\n\n\n<p>osobie znajduj\u0105cej si\u0119 pod widocznym wp\u0142ywem alkoholu, \u015brodk\u00f3w odurzaj\u0105cych, psychotropowych lub innych podobnie&nbsp; dzia\u0142aj\u0105cych \u015brodk\u00f3w,<\/p>\n\n\n\n<p>osobie posiadaj\u0105cej bro\u0144 lub inne niebezpieczne przedmioty, materia\u0142y wybuchowe, wyroby pirotechniczne, materia\u0142y&nbsp; po\u017carowo niebezpieczne, \u015brodki odurzaj\u0105ce lub substancje psychotropowe.<br><br>\u00a7 8 Kontakt<\/p>\n\n\n\n<p>1. Preferowany kontakt w formie elektronicznej pod adresem e-mail: roboexe@al.edu.pl. Tytu\u0142 e-maila powinien zawiera\u0107&nbsp; zwrot \u201eRoboExe 2025\u201d.<\/p>\n\n\n\n<p>2. Kontakt telefoniczny: 86 215 54 88,<\/p>\n\n\n\n<p>3. Kontakt osobisty: Akademicka 1, 18 \u2013 400 \u0141om\u017ca, pok. A0.32<\/p>\n\n\n\n<p>4. Adres do korespondencji: ul. Akademicka 14, 18 \u2013 400 \u0141om\u017ca, z dopiskiem \u201eRoboExe: Robot Challenge 2025\u201d<br><br>\u00a7 9 Postanowienia ko\u0144cowe<\/p>\n\n\n\n<p>1. W przypadku odwo\u0142ania, zmiany terminu lub miejsca Zawod\u00f3w, Organizator niezw\u0142ocznie poinformuje o tym fakcie&nbsp; zawodnik\u00f3w poprzez wys\u0142anie wiadomo\u015bci e-mail.<\/p>\n\n\n\n<p>2. Organizator ma prawo do utrwalenia przebiegu zawod\u00f3w przy pomocy urz\u0105dze\u0144 rejestruj\u0105cych obraz i d\u017awi\u0119k. Udzia\u0142 w&nbsp; zawodach jest r\u00f3wnoznaczny z udzieleniem zgody na nieodp\u0142atne fotografowanie i filmowanie jego osoby lub wystawionego&nbsp; przez niego robota oraz na rejestracj\u0119, transmitowanie i rozpowszechnianie g\u0142osu lub wizerunku dla cel\u00f3w dokumentacyjnych,&nbsp; sprawozdawczych, reklamowych oraz promocyjnych, w zwi\u0105zku z jakimkolwiek programem lub publikacj\u0105, w kt\u00f3rych zostanie&nbsp; wykorzystane nagranie Zawod\u00f3w.<\/p>\n\n\n\n<p>3. W czasie Zawod\u00f3w Organizator oraz osoby przebywaj\u0105ce na terenie Wydarzenia, zobowi\u0105zuj\u0105 si\u0119 przestrzega\u0107 przepis\u00f3w&nbsp; Ustawy o wychowaniu w trze\u017awo\u015bci i przeciwdzia\u0142aniu alkoholizmowi z dnia 26 pa\u017adziernika 1982 r.<\/p>\n\n\n\n<p>4. W sprawach nieuregulowanych niniejszym Regulaminem stosuje si\u0119 odpowiednio przepisy ustawy z dnia 23 kwietnia 1964&nbsp; Kodeks cywilny (Dz. U. Nr 16 poz. 93 z p\u00f3\u017an. zm.)<\/p>\n\n\n\n<p>5. Wszelkie sprawy nieuj\u0119te w niniejszym Regulaminie rozstrzyga Komisja Zawod\u00f3w.<\/p>\n\n\n\n<p>6. W uzasadnionych przypadkach, Komisja Zawod\u00f3w ma prawo podj\u0105\u0107 decyzje sprzeczne z Regulaminem.<\/p>\n\n\n\n<p>7. Niniejszy Regulamin dost\u0119pny jest na stronie internetowej Zawod\u00f3w&nbsp;<a href=\"https:\/\/www.google.com\/url?q=https%3A%2F%2Fansl.edu.pl%2Froboexe%2F&amp;sa=D&amp;sntz=1&amp;usg=AOvVaw1rPnYxQ0hQk6sMcmbwc8jn\" target=\"_blank\" rel=\"noreferrer noopener\">al.edu.pl\/roboexe<\/a>.<\/p>\n\n\n\n<p>8. Regulamin wchodzi w \u017cycie z dniem og\u0142oszenia Zawod\u00f3w.<\/p>\n\n\n\n<p>Za\u0142\u0105czniki:<\/p>\n\n\n\n<p><a href=\"https:\/\/konkurswiedzy.al.edu.pl\/pluginfile.php\/11183\/mod_resource\/content\/0\/Zalacznik_nr_RC_1.pdf\" target=\"_blank\" rel=\"noreferrer noopener\">Za\u0142\u0105cznik RC.1<\/a>&nbsp;&#8211; Szczeg\u00f3\u0142owy opis konkurencji,<\/p>\n\n\n\n<p><a href=\"https:\/\/al.edu.pl\/roboexe\/wp-content\/uploads\/2025\/02\/Zalacznik_nr_RC_2.pdf\" data-type=\"attachment\" data-id=\"432\" target=\"_blank\" rel=\"noreferrer noopener\">Za\u0142\u0105cznik RC.2<\/a>\u00a0&#8211; Wz\u00f3r odwo\u0142ania,<\/p>\n\n\n\n<p><a href=\"https:\/\/al.edu.pl\/roboexe\/wp-content\/uploads\/2025\/02\/Zalacznik_nr_RC_3.pdf\" data-type=\"attachment\" data-id=\"431\" target=\"_blank\" rel=\"noreferrer noopener\">Za\u0142\u0105cznik RC.3<\/a>\u00a0\u2013 Zgoda opiekuna na uczestniczenie w zawodach osoby niepe\u0142noletniej.<\/p>\n\n\n\n<p><\/p>\n\n\n\n<p><\/p>\n\n\n\n<p><\/p>\n\n\n\n<p><\/p>\n\n\n\n<p><\/p>\n\n\n\n<p><\/p>\n","protected":false},"excerpt":{"rendered":"<p>\u00a7 1 Informacje og\u00f3lne 1. Organizator Zawod\u00f3w RoboExe: Robot Challenge 2025 (dalej zwanych Zawodami): Wydzia\u0142 Nauk Informatyczno-Technologicznych Akademii \u0141om\u017cy\u0144skiej 2. Nadz\u00f3r nad organizacj\u0105 i przebiegiem Zawod\u00f3w RoboExe: Robot Challenge 2025 sprawuje Komisja Zawod\u00f3w RoboExe (Komisja) w sk\u0142adzie: 1. dr in\u017c. Tomasz Ku\u017amierowski \u2013 przewodnicz\u0105cy Komisji 2. mgr in\u017c. Mateusz Zalewski \u2013 cz\u0142onek Komisji 3. mgr [&hellip;]<\/p>\n","protected":false},"author":1,"featured_media":0,"parent":0,"menu_order":0,"comment_status":"closed","ping_status":"closed","template":"","meta":{"footnotes":""},"class_list":["post-420","page","type-page","status-publish","hentry"],"_links":{"self":[{"href":"https:\/\/al.edu.pl\/roboexe\/index.php?rest_route=\/wp\/v2\/pages\/420","targetHints":{"allow":["GET"]}}],"collection":[{"href":"https:\/\/al.edu.pl\/roboexe\/index.php?rest_route=\/wp\/v2\/pages"}],"about":[{"href":"https:\/\/al.edu.pl\/roboexe\/index.php?rest_route=\/wp\/v2\/types\/page"}],"author":[{"embeddable":true,"href":"https:\/\/al.edu.pl\/roboexe\/index.php?rest_route=\/wp\/v2\/users\/1"}],"replies":[{"embeddable":true,"href":"https:\/\/al.edu.pl\/roboexe\/index.php?rest_route=%2Fwp%2Fv2%2Fcomments&post=420"}],"version-history":[{"count":4,"href":"https:\/\/al.edu.pl\/roboexe\/index.php?rest_route=\/wp\/v2\/pages\/420\/revisions"}],"predecessor-version":[{"id":437,"href":"https:\/\/al.edu.pl\/roboexe\/index.php?rest_route=\/wp\/v2\/pages\/420\/revisions\/437"}],"wp:attachment":[{"href":"https:\/\/al.edu.pl\/roboexe\/index.php?rest_route=%2Fwp%2Fv2%2Fmedia&parent=420"}],"curies":[{"name":"wp","href":"https:\/\/api.w.org\/{rel}","templated":true}]}}