{"id":397,"date":"2025-01-20T11:08:14","date_gmt":"2025-01-20T11:08:14","guid":{"rendered":"https:\/\/al.edu.pl\/roboexe\/?page_id=397"},"modified":"2025-03-21T12:00:14","modified_gmt":"2025-03-21T12:00:14","slug":"harmonogram","status":"publish","type":"page","link":"https:\/\/al.edu.pl\/roboexe\/?page_id=397","title":{"rendered":"Harmonogram"},"content":{"rendered":"\n<p><strong>Robot Challange<\/strong><\/p>\n\n\n\n<p>Termin rejestracji do 17 marca.<\/p>\n\n\n\n<p><strong>PLC Expert<\/strong><\/p>\n\n\n\n<p>Termin rejestracji do 19 marca.<\/p>\n\n\n\n<p>20.03.2025 r. w godzinach 8:00 \u2013 23:00 \u2013 otwarcie testu I etapu konkursu online<\/p>\n\n\n\n<p><strong>Code Master<\/strong><\/p>\n\n\n\n<p>Termin rejestracji do 13 marca.<\/p>\n\n\n\n<p>13.03.2025 r. w godzinach 9:00 \u2013 19:00 \u2013 I tura konkursu online<\/p>\n\n\n\n<p><\/p>\n\n\n\n<div class=\"wp-block-group has-small-font-size has-global-padding is-layout-constrained wp-container-core-group-is-layout-55d43a55 wp-block-group-is-layout-constrained\">\n<figure class=\"wp-block-table is-style-regular has-medium-font-size\" style=\"margin-top:0;margin-bottom:0;padding-top:0;padding-bottom:0;font-style:normal;font-weight:200\"><table><thead><tr><th colspan=\"2\">Harmonogram RoboExe 2025<\/th><\/tr><\/thead><tbody><tr><td>9:00-10:00<\/td><td>Rejestracja dru\u017cyn na zawody Robot Challenge i pr\u00f3by tor\u00f3w<\/td><\/tr><tr><td>9:45-10:00<\/td><td>Rejestracja zawodnik\u00f3w do konkursu PLC Expert<\/td><\/tr><tr><td>10:00-10:15<\/td><td>Oficjalne rozpocz\u0119cie RoboExe (aula A2.4)<\/td><\/tr><tr><td>10:15-11:15<\/td><td>Konkurs PLC Expert (sala B0.5)<\/td><\/tr><tr><td>10:15-14:00<\/td><td>Zawody Robot Challange (Lego Sumo, Line Follower)<\/td><\/tr><tr><td>10:45-11:00<\/td><td>Rejestracja zawodnik\u00f3w do konkursu Code Maser<\/td><\/tr><tr><td>11:00-12:30<\/td><td>Konkurs Code Master (sala B1.6)<\/td><\/tr><tr><td>11:00-14:00<\/td><td>G\u0142osowanie publiczno\u015bci w konkurencji Free Style Presentation<\/td><\/tr><tr><td>13:00-14:30<\/td><td>Wyk\u0142ad na temat sztucznej inteligencji (aula A2.4)<\/td><\/tr><tr><td>15:00-16:00<\/td><td>Gala wr\u0119czenia nagr\u00f3d (aula A2.4)<\/td><\/tr><\/tbody><\/table><\/figure>\n<\/div>\n","protected":false},"excerpt":{"rendered":"<p>Robot Challange Termin rejestracji do 17 marca. PLC Expert Termin rejestracji do 19 marca. 20.03.2025 r. w godzinach 8:00 \u2013 23:00 \u2013 otwarcie testu I etapu konkursu online Code Master Termin rejestracji do 13 marca. 13.03.2025 r. w godzinach 9:00 \u2013 19:00 \u2013 I tura konkursu online Harmonogram RoboExe 2025 9:00-10:00 Rejestracja dru\u017cyn na zawody [&hellip;]<\/p>\n","protected":false},"author":1,"featured_media":0,"parent":0,"menu_order":0,"comment_status":"closed","ping_status":"closed","template":"","meta":{"footnotes":""},"class_list":["post-397","page","type-page","status-publish","hentry"],"_links":{"self":[{"href":"https:\/\/al.edu.pl\/roboexe\/index.php?rest_route=\/wp\/v2\/pages\/397","targetHints":{"allow":["GET"]}}],"collection":[{"href":"https:\/\/al.edu.pl\/roboexe\/index.php?rest_route=\/wp\/v2\/pages"}],"about":[{"href":"https:\/\/al.edu.pl\/roboexe\/index.php?rest_route=\/wp\/v2\/types\/page"}],"author":[{"embeddable":true,"href":"https:\/\/al.edu.pl\/roboexe\/index.php?rest_route=\/wp\/v2\/users\/1"}],"replies":[{"embeddable":true,"href":"https:\/\/al.edu.pl\/roboexe\/index.php?rest_route=%2Fwp%2Fv2%2Fcomments&post=397"}],"version-history":[{"count":12,"href":"https:\/\/al.edu.pl\/roboexe\/index.php?rest_route=\/wp\/v2\/pages\/397\/revisions"}],"predecessor-version":[{"id":502,"href":"https:\/\/al.edu.pl\/roboexe\/index.php?rest_route=\/wp\/v2\/pages\/397\/revisions\/502"}],"wp:attachment":[{"href":"https:\/\/al.edu.pl\/roboexe\/index.php?rest_route=%2Fwp%2Fv2%2Fmedia&parent=397"}],"curies":[{"name":"wp","href":"https:\/\/api.w.org\/{rel}","templated":true}]}}