{"id":211,"date":"2025-01-16T07:58:54","date_gmt":"2025-01-16T07:58:54","guid":{"rendered":"https:\/\/stronatestowa.cloudaccess.host\/?page_id=211"},"modified":"2025-03-30T22:21:28","modified_gmt":"2025-03-30T22:21:28","slug":"poprzednie-edycje","status":"publish","type":"page","link":"https:\/\/al.edu.pl\/roboexe\/?page_id=211","title":{"rendered":"Galeria zdj\u0119\u0107"},"content":{"rendered":"\n<div class=\"wp-block-group has-global-padding is-layout-constrained wp-block-group-is-layout-constrained\">\n<div class=\"wp-block-media-text is-stacked-on-mobile\"><figure class=\"wp-block-media-text__media\"><img loading=\"lazy\" decoding=\"async\" width=\"1024\" height=\"576\" src=\"https:\/\/al.edu.pl\/roboexe\/wp-content\/uploads\/2025\/03\/DSC8968-1024x576.jpg\" alt=\"\" class=\"wp-image-607 size-full\" srcset=\"https:\/\/al.edu.pl\/roboexe\/wp-content\/uploads\/2025\/03\/DSC8968-1024x576.jpg 1024w, https:\/\/al.edu.pl\/roboexe\/wp-content\/uploads\/2025\/03\/DSC8968-300x169.jpg 300w, https:\/\/al.edu.pl\/roboexe\/wp-content\/uploads\/2025\/03\/DSC8968-768x432.jpg 768w, https:\/\/al.edu.pl\/roboexe\/wp-content\/uploads\/2025\/03\/DSC8968-1536x864.jpg 1536w, https:\/\/al.edu.pl\/roboexe\/wp-content\/uploads\/2025\/03\/DSC8968.jpg 2048w\" sizes=\"auto, (max-width: 1024px) 100vw, 1024px\" \/><\/figure><div class=\"wp-block-media-text__content\">\n<p class=\"has-link-color wp-elements-98f3f9c270eab7f84c72ab05b7a21c64\"><a href=\"https:\/\/al.edu.pl\/roboexe\/?page_id=526\" data-type=\"page\" data-id=\"526\" target=\"_blank\" rel=\"noreferrer noopener\"><strong>Robot Challange, PLC Expert i Code Master 2025<\/strong><\/a><\/p>\n<\/div><\/div>\n\n\n\n<div class=\"wp-block-media-text is-stacked-on-mobile\"><figure class=\"wp-block-media-text__media\"><img loading=\"lazy\" decoding=\"async\" width=\"1024\" height=\"683\" src=\"https:\/\/al.edu.pl\/roboexe\/wp-content\/uploads\/2025\/01\/2024-code-1024x683.webp\" alt=\"4 uczestnik\u00f3w programuj\u0105cych i jedna s\u0119dzia nadzoruj\u0105cy\" class=\"wp-image-218 size-full\" srcset=\"https:\/\/al.edu.pl\/roboexe\/wp-content\/uploads\/2025\/01\/2024-code-1024x683.webp 1024w, https:\/\/al.edu.pl\/roboexe\/wp-content\/uploads\/2025\/01\/2024-code-300x200.webp 300w, https:\/\/al.edu.pl\/roboexe\/wp-content\/uploads\/2025\/01\/2024-code-768x512.webp 768w, https:\/\/al.edu.pl\/roboexe\/wp-content\/uploads\/2025\/01\/2024-code-1536x1024.webp 1536w, https:\/\/al.edu.pl\/roboexe\/wp-content\/uploads\/2025\/01\/2024-code.webp 2048w\" sizes=\"auto, (max-width: 1024px) 100vw, 1024px\" \/><\/figure><div class=\"wp-block-media-text__content\">\n<p class=\"has-link-color wp-elements-7c95b445ba09bf908508d0735ea19174\"><a href=\"https:\/\/al.edu.pl\/uczelnia\/aktualnosci\/konkurs-roboexe-wyniki\" target=\"_blank\" rel=\"noreferrer noopener\"><strong>PLC Expert i Code Master 2024<\/strong><\/a><\/p>\n<\/div><\/div>\n\n\n\n<div class=\"wp-block-media-text is-stacked-on-mobile\"><figure class=\"wp-block-media-text__media\"><img loading=\"lazy\" decoding=\"async\" width=\"1024\" height=\"683\" src=\"https:\/\/al.edu.pl\/roboexe\/wp-content\/uploads\/2025\/01\/2023-robo-1024x683.jpg\" alt=\"zdj\u0119cie grupowe uczestnik\u00f3w na rozdaniu nagr\u00f3d\" class=\"wp-image-217 size-full\" srcset=\"https:\/\/al.edu.pl\/roboexe\/wp-content\/uploads\/2025\/01\/2023-robo-1024x683.jpg 1024w, https:\/\/al.edu.pl\/roboexe\/wp-content\/uploads\/2025\/01\/2023-robo-300x200.jpg 300w, https:\/\/al.edu.pl\/roboexe\/wp-content\/uploads\/2025\/01\/2023-robo-768x512.jpg 768w, https:\/\/al.edu.pl\/roboexe\/wp-content\/uploads\/2025\/01\/2023-robo-1536x1024.jpg 1536w, https:\/\/al.edu.pl\/roboexe\/wp-content\/uploads\/2025\/01\/2023-robo.jpg 2048w\" sizes=\"auto, (max-width: 1024px) 100vw, 1024px\" \/><\/figure><div class=\"wp-block-media-text__content\">\n<p class=\"has-link-color wp-elements-a82fe4e4fd68fe678ec65b14ce0980e3\"><a href=\"https:\/\/al.edu.pl\/wnit\/wydzial\/aktualnosci\/236-roboexe-robot-challenge-2023\" target=\"_blank\" rel=\"noreferrer noopener\"><strong>Robot Challenge 2023<\/strong><\/a><\/p>\n<\/div><\/div>\n\n\n\n<div class=\"wp-block-media-text is-stacked-on-mobile\"><figure class=\"wp-block-media-text__media\"><img loading=\"lazy\" decoding=\"async\" width=\"1024\" height=\"683\" src=\"https:\/\/al.edu.pl\/roboexe\/wp-content\/uploads\/2025\/01\/2023-code-1024x683.jpg\" alt=\"zdj\u0119cie grupowe uczestnik\u00f3w\" class=\"wp-image-216 size-full\" srcset=\"https:\/\/al.edu.pl\/roboexe\/wp-content\/uploads\/2025\/01\/2023-code-1024x683.jpg 1024w, https:\/\/al.edu.pl\/roboexe\/wp-content\/uploads\/2025\/01\/2023-code-300x200.jpg 300w, https:\/\/al.edu.pl\/roboexe\/wp-content\/uploads\/2025\/01\/2023-code-768x512.jpg 768w, https:\/\/al.edu.pl\/roboexe\/wp-content\/uploads\/2025\/01\/2023-code-1536x1024.jpg 1536w, https:\/\/al.edu.pl\/roboexe\/wp-content\/uploads\/2025\/01\/2023-code.jpg 2048w\" sizes=\"auto, (max-width: 1024px) 100vw, 1024px\" \/><\/figure><div class=\"wp-block-media-text__content\">\n<p class=\"has-link-color wp-elements-78028038d60aca73da22b1d03cf23e70\"><a href=\"https:\/\/al.edu.pl\/wnit\/wydzial\/aktualnosci\/217-plc-expert-oraz-code-master-wyniki-rywalizacji\" target=\"_blank\" rel=\"noreferrer noopener\"><strong>PLC Expert i Code Master 2023<\/strong><\/a><\/p>\n<\/div><\/div>\n\n\n\n<div class=\"wp-block-media-text is-stacked-on-mobile\"><figure class=\"wp-block-media-text__media\"><img loading=\"lazy\" decoding=\"async\" width=\"1024\" height=\"683\" src=\"https:\/\/al.edu.pl\/roboexe\/wp-content\/uploads\/2025\/01\/DSC09922-1024x683.jpg\" alt=\"robot typu \u0142azik z logiem akademii \u0142om\u017cy\u0144skiej\" class=\"wp-image-387 size-full\" srcset=\"https:\/\/al.edu.pl\/roboexe\/wp-content\/uploads\/2025\/01\/DSC09922-1024x683.jpg 1024w, https:\/\/al.edu.pl\/roboexe\/wp-content\/uploads\/2025\/01\/DSC09922-300x200.jpg 300w, https:\/\/al.edu.pl\/roboexe\/wp-content\/uploads\/2025\/01\/DSC09922-768x512.jpg 768w, https:\/\/al.edu.pl\/roboexe\/wp-content\/uploads\/2025\/01\/DSC09922-1536x1024.jpg 1536w, https:\/\/al.edu.pl\/roboexe\/wp-content\/uploads\/2025\/01\/DSC09922.jpg 2048w\" sizes=\"auto, (max-width: 1024px) 100vw, 1024px\" \/><\/figure><div class=\"wp-block-media-text__content\">\n<p class=\"has-link-color wp-elements-3571eca65fb648b07f5857771fb25c72\"><a href=\"https:\/\/al.edu.pl\/wnit\/wydzial\/aktualnosci\/210-z-nasa-do-ansl-na-roboexe?702\" target=\"_blank\" rel=\"noreferrer noopener\"><strong>RobotChallange 2022<\/strong><\/a><\/p>\n<\/div><\/div>\n\n\n\n<div class=\"wp-block-media-text is-stacked-on-mobile\"><figure class=\"wp-block-media-text__media\"><img loading=\"lazy\" decoding=\"async\" width=\"1024\" height=\"683\" src=\"https:\/\/al.edu.pl\/roboexe\/wp-content\/uploads\/2025\/01\/2022-plc-1024x683.jpg\" alt=\"zdj\u0119cie grupowe uczestnik\u00f3w na rozdaniu nagr\u00f3d\" class=\"wp-image-215 size-full\" srcset=\"https:\/\/al.edu.pl\/roboexe\/wp-content\/uploads\/2025\/01\/2022-plc-1024x683.jpg 1024w, https:\/\/al.edu.pl\/roboexe\/wp-content\/uploads\/2025\/01\/2022-plc-300x200.jpg 300w, https:\/\/al.edu.pl\/roboexe\/wp-content\/uploads\/2025\/01\/2022-plc-768x512.jpg 768w, https:\/\/al.edu.pl\/roboexe\/wp-content\/uploads\/2025\/01\/2022-plc-1536x1024.jpg 1536w, https:\/\/al.edu.pl\/roboexe\/wp-content\/uploads\/2025\/01\/2022-plc.jpg 2048w\" sizes=\"auto, (max-width: 1024px) 100vw, 1024px\" \/><\/figure><div class=\"wp-block-media-text__content\">\n<p class=\"has-base-color has-text-color has-link-color wp-elements-dbc092a83c2b2e76df5f174dafb0f8c6\"><a href=\"https:\/\/al.edu.pl\/wnit\/wydzial\/aktualnosci\/196-plc-expert-wyloniony\" target=\"_blank\" rel=\"noreferrer noopener\"><strong>PLC Expert 2022<\/strong><\/a><\/p>\n<\/div><\/div>\n\n\n\n<div class=\"wp-block-media-text is-stacked-on-mobile\"><figure class=\"wp-block-media-text__media\"><img loading=\"lazy\" decoding=\"async\" width=\"480\" height=\"320\" src=\"https:\/\/al.edu.pl\/roboexe\/wp-content\/uploads\/2025\/01\/2019.jpg\" alt=\"robot na r\u00f3wni pochy\u0142ej\" class=\"wp-image-214 size-full\" srcset=\"https:\/\/al.edu.pl\/roboexe\/wp-content\/uploads\/2025\/01\/2019.jpg 480w, https:\/\/al.edu.pl\/roboexe\/wp-content\/uploads\/2025\/01\/2019-300x200.jpg 300w\" sizes=\"auto, (max-width: 480px) 100vw, 480px\" \/><\/figure><div class=\"wp-block-media-text__content\">\n<p class=\"has-base-color has-text-color has-link-color wp-elements-ceac1053b839e3b23f746389f8f9dff1\"><a href=\"https:\/\/al.edu.pl\/wnit\/wydzial\/aktualnosci\/149-roboexe2019\" target=\"_blank\" rel=\"noreferrer noopener\"><strong>RoboExe 2019<\/strong><\/a><\/p>\n<\/div><\/div>\n\n\n\n<div class=\"wp-block-media-text is-stacked-on-mobile\"><figure class=\"wp-block-media-text__media\"><img loading=\"lazy\" decoding=\"async\" width=\"480\" height=\"320\" src=\"https:\/\/al.edu.pl\/roboexe\/wp-content\/uploads\/2025\/01\/2018.jpg\" alt=\"zdj\u0119cie grupowe uczestnik\u00f3w z robotami\" class=\"wp-image-213 size-full\" srcset=\"https:\/\/al.edu.pl\/roboexe\/wp-content\/uploads\/2025\/01\/2018.jpg 480w, https:\/\/al.edu.pl\/roboexe\/wp-content\/uploads\/2025\/01\/2018-300x200.jpg 300w\" sizes=\"auto, (max-width: 480px) 100vw, 480px\" \/><\/figure><div class=\"wp-block-media-text__content\">\n<p class=\"has-base-color has-text-color has-link-color wp-elements-485d0b2b8d596bb79c9d1eaa739ed7c1\"><a href=\"https:\/\/al.edu.pl\/wnit\/wydzial\/aktualnosci\/122-ale-aleks-aleksandra-na-podium\" target=\"_blank\" rel=\"noreferrer noopener\"><strong>RoboExe 2018<\/strong><\/a><\/p>\n<\/div><\/div>\n<\/div>\n","protected":false},"excerpt":{"rendered":"<p>Robot Challange, PLC Expert i Code Master 2025 PLC Expert i Code Master 2024 Robot Challenge 2023 PLC Expert i Code Master 2023 RobotChallange 2022 PLC Expert 2022 RoboExe 2019 RoboExe 2018<\/p>\n","protected":false},"author":2,"featured_media":0,"parent":0,"menu_order":0,"comment_status":"closed","ping_status":"closed","template":"","meta":{"footnotes":""},"class_list":["post-211","page","type-page","status-publish","hentry"],"_links":{"self":[{"href":"https:\/\/al.edu.pl\/roboexe\/index.php?rest_route=\/wp\/v2\/pages\/211","targetHints":{"allow":["GET"]}}],"collection":[{"href":"https:\/\/al.edu.pl\/roboexe\/index.php?rest_route=\/wp\/v2\/pages"}],"about":[{"href":"https:\/\/al.edu.pl\/roboexe\/index.php?rest_route=\/wp\/v2\/types\/page"}],"author":[{"embeddable":true,"href":"https:\/\/al.edu.pl\/roboexe\/index.php?rest_route=\/wp\/v2\/users\/2"}],"replies":[{"embeddable":true,"href":"https:\/\/al.edu.pl\/roboexe\/index.php?rest_route=%2Fwp%2Fv2%2Fcomments&post=211"}],"version-history":[{"count":7,"href":"https:\/\/al.edu.pl\/roboexe\/index.php?rest_route=\/wp\/v2\/pages\/211\/revisions"}],"predecessor-version":[{"id":649,"href":"https:\/\/al.edu.pl\/roboexe\/index.php?rest_route=\/wp\/v2\/pages\/211\/revisions\/649"}],"wp:attachment":[{"href":"https:\/\/al.edu.pl\/roboexe\/index.php?rest_route=%2Fwp%2Fv2%2Fmedia&parent=211"}],"curies":[{"name":"wp","href":"https:\/\/api.w.org\/{rel}","templated":true}]}}