{"id":111,"date":"2025-01-16T07:58:58","date_gmt":"2025-01-16T07:58:58","guid":{"rendered":"https:\/\/stronatestowa.cloudaccess.host\/?page_id=111"},"modified":"2025-02-21T09:44:17","modified_gmt":"2025-02-21T09:44:17","slug":"code-master","status":"publish","type":"page","link":"https:\/\/al.edu.pl\/roboexe\/?page_id=111","title":{"rendered":"Code Master"},"content":{"rendered":"\n<div class=\"wp-block-group has-global-padding is-layout-constrained wp-block-group-is-layout-constrained\">\n<div class=\"wp-block-group is-vertical is-layout-flex wp-container-core-group-is-layout-fe9cc265 wp-block-group-is-layout-flex\">\n<p class=\"is-style-default has-link-color wp-elements-746a00f05d8075c0e4acaa7d19c16283\">Konkurs\u00a0<strong>RoboExe: Code Master 2025<\/strong>\u00a0jest kolejnym z serii konkurs\u00f3w informatycznych organizowanych przez Wydzia\u0142a Nauk Informatyczno-Technologicznych Akademii \u0141om\u017cy\u0144skiej, skierowanych do uczni\u00f3w szk\u00f3\u0142 \u015brednich i student\u00f3w, zainteresowanych w szczeg\u00f3lno\u015bci programowaniem i algorytmami. W konkursie tym uczestnicy zmierz\u0105 si\u0119 z problemami informatycznymi, wymagaj\u0105cymi znajomo\u015bci zasad kodowania, logicznego my\u015blenia oraz implementacji algorytm\u00f3w. Regu\u0142y realizacji zada\u0144 informatycznych s\u0105 ustalone: mamy zdefiniowany problem informatyczny lub obliczeniowy oraz przygotowane dane wej\u015bciowe \u2013 uczestnicy konkursu\u00a0<strong>Code Master<\/strong>\u00a0przygotowuj\u0105 programy, kt\u00f3re przeanalizuj\u0105 pliki z danymi oraz znajd\u0105 lub oblicz\u0105 poprawn\u0105 odpowied\u017a. W strukturze odpowiedzi m\u0142odzi programi\u015bci realizuj\u0105 schemat: wczytanie danych z pliku tekstowego, napisanie algorytmu przetwarzania danych oraz wypisanie wyniku oblicze\u0144 lub przeszukiwa\u0144 danych do pliku. Ka\u017cdy z uczestnik\u00f3w b\u0119dzie m\u00f3g\u0142 wybra\u0107 sw\u00f3j ulubiony j\u0119zyk programowania i \u015brodowisko programistyczne. W konkursie\u00a0<strong>Code Master<\/strong>\u00a0uczestnicy mog\u0105 korzysta\u0107 z najpopularniejszych j\u0119zyk\u00f3w programowania, takich jak C i C++, mo\u017cna u\u017cy\u0107 Pythona lub Jav\u0119 albo wybra\u0107 programowanie w C#. W I etapie, online, mo\u017cna korzysta\u0107 z dowolnego \u015brodowiska programistycznego. W II etapie, w finale realizowanym w pracowniach komputerowych Akademii \u0141om\u017cy\u0144skiej, zapewnione b\u0119d\u0105 \u015brodowiska programistyczne takie jak Code::Block, PyCharm, Visual Studio oraz NetBeans. Regulamin dost\u0119pny pod <a href=\"https:\/\/al.edu.pl\/roboexe\/?page_id=439\" data-type=\"page\" data-id=\"439\">linkiem<\/a>.<\/p>\n\n\n\n<p class=\"has-text-color has-link-color wp-elements-138c9f3a20934df7c151483314e88152\" style=\"color:#be1e2d\"><a href=\"https:\/\/konkurswiedzy.al.edu.pl\/\" data-type=\"link\" data-id=\"https:\/\/konkurswiedzy.al.edu.pl\/\">Rejestracja<\/a><\/p>\n\n\n\n<figure class=\"wp-block-gallery has-nested-images columns-default wp-block-gallery-1 is-layout-flex wp-block-gallery-is-layout-flex\">\n<figure class=\"wp-block-image size-full\"><img loading=\"lazy\" decoding=\"async\" width=\"2048\" height=\"1365\" data-id=\"292\" src=\"https:\/\/al.edu.pl\/roboexe\/wp-content\/uploads\/2025\/01\/1b8d71017bc3304718478e7325100c15.jpg\" alt=\"troje uczestnik\u00f3w zawod\u00f3w programuje na komputerze\" class=\"wp-image-292\" srcset=\"https:\/\/al.edu.pl\/roboexe\/wp-content\/uploads\/2025\/01\/1b8d71017bc3304718478e7325100c15.jpg 2048w, https:\/\/al.edu.pl\/roboexe\/wp-content\/uploads\/2025\/01\/1b8d71017bc3304718478e7325100c15-300x200.jpg 300w, https:\/\/al.edu.pl\/roboexe\/wp-content\/uploads\/2025\/01\/1b8d71017bc3304718478e7325100c15-1024x683.jpg 1024w, https:\/\/al.edu.pl\/roboexe\/wp-content\/uploads\/2025\/01\/1b8d71017bc3304718478e7325100c15-768x512.jpg 768w, https:\/\/al.edu.pl\/roboexe\/wp-content\/uploads\/2025\/01\/1b8d71017bc3304718478e7325100c15-1536x1024.jpg 1536w\" sizes=\"auto, (max-width: 2048px) 100vw, 2048px\" \/><\/figure>\n\n\n\n<figure class=\"wp-block-image size-full\"><img loading=\"lazy\" decoding=\"async\" width=\"2048\" height=\"1365\" data-id=\"294\" src=\"https:\/\/al.edu.pl\/roboexe\/wp-content\/uploads\/2025\/01\/9f56dfd722706da0210a3f3a2ea5544e.jpg\" alt=\"pi\u0105tka uczestnik\u00f3w zawod\u00f3w programuje na komputerze w tle jeden z s\u0119dzi\u00f3w\" class=\"wp-image-294\" srcset=\"https:\/\/al.edu.pl\/roboexe\/wp-content\/uploads\/2025\/01\/9f56dfd722706da0210a3f3a2ea5544e.jpg 2048w, https:\/\/al.edu.pl\/roboexe\/wp-content\/uploads\/2025\/01\/9f56dfd722706da0210a3f3a2ea5544e-300x200.jpg 300w, https:\/\/al.edu.pl\/roboexe\/wp-content\/uploads\/2025\/01\/9f56dfd722706da0210a3f3a2ea5544e-1024x683.jpg 1024w, https:\/\/al.edu.pl\/roboexe\/wp-content\/uploads\/2025\/01\/9f56dfd722706da0210a3f3a2ea5544e-768x512.jpg 768w, https:\/\/al.edu.pl\/roboexe\/wp-content\/uploads\/2025\/01\/9f56dfd722706da0210a3f3a2ea5544e-1536x1024.jpg 1536w\" sizes=\"auto, (max-width: 2048px) 100vw, 2048px\" \/><\/figure>\n\n\n\n<figure class=\"wp-block-image size-full\"><img loading=\"lazy\" decoding=\"async\" width=\"2048\" height=\"1365\" data-id=\"295\" src=\"https:\/\/al.edu.pl\/roboexe\/wp-content\/uploads\/2025\/01\/c0a0b8106b7157fa06725a4fc115c440.jpg\" alt=\"zdj\u0119cie przedstawia sal\u0119 komputerow\u0105 z jedn\u0105 grup\u0105 uczestnik\u00f3w zawod\u00f3w\" class=\"wp-image-295\" srcset=\"https:\/\/al.edu.pl\/roboexe\/wp-content\/uploads\/2025\/01\/c0a0b8106b7157fa06725a4fc115c440.jpg 2048w, https:\/\/al.edu.pl\/roboexe\/wp-content\/uploads\/2025\/01\/c0a0b8106b7157fa06725a4fc115c440-300x200.jpg 300w, https:\/\/al.edu.pl\/roboexe\/wp-content\/uploads\/2025\/01\/c0a0b8106b7157fa06725a4fc115c440-1024x683.jpg 1024w, https:\/\/al.edu.pl\/roboexe\/wp-content\/uploads\/2025\/01\/c0a0b8106b7157fa06725a4fc115c440-768x512.jpg 768w, https:\/\/al.edu.pl\/roboexe\/wp-content\/uploads\/2025\/01\/c0a0b8106b7157fa06725a4fc115c440-1536x1024.jpg 1536w\" sizes=\"auto, (max-width: 2048px) 100vw, 2048px\" \/><\/figure>\n\n\n\n<figure class=\"wp-block-image size-full\"><img loading=\"lazy\" decoding=\"async\" width=\"2048\" height=\"1365\" data-id=\"296\" src=\"https:\/\/al.edu.pl\/roboexe\/wp-content\/uploads\/2025\/01\/f1162c25586e0b8e4f8095d4f42e7620.jpg\" alt=\"pi\u0105tka uczestnik\u00f3w zawod\u00f3w programuje na komputerze w tle jeden z s\u0119dzi\u00f3w\" class=\"wp-image-296\" srcset=\"https:\/\/al.edu.pl\/roboexe\/wp-content\/uploads\/2025\/01\/f1162c25586e0b8e4f8095d4f42e7620.jpg 2048w, https:\/\/al.edu.pl\/roboexe\/wp-content\/uploads\/2025\/01\/f1162c25586e0b8e4f8095d4f42e7620-300x200.jpg 300w, https:\/\/al.edu.pl\/roboexe\/wp-content\/uploads\/2025\/01\/f1162c25586e0b8e4f8095d4f42e7620-1024x683.jpg 1024w, https:\/\/al.edu.pl\/roboexe\/wp-content\/uploads\/2025\/01\/f1162c25586e0b8e4f8095d4f42e7620-768x512.jpg 768w, https:\/\/al.edu.pl\/roboexe\/wp-content\/uploads\/2025\/01\/f1162c25586e0b8e4f8095d4f42e7620-1536x1024.jpg 1536w\" sizes=\"auto, (max-width: 2048px) 100vw, 2048px\" \/><\/figure>\n\n\n\n<figure class=\"wp-block-image size-full\"><img loading=\"lazy\" decoding=\"async\" width=\"2048\" height=\"1365\" data-id=\"293\" src=\"https:\/\/al.edu.pl\/roboexe\/wp-content\/uploads\/2025\/01\/facdefb02f32988e89447559a954f86d.jpg\" alt=\"grupa uczestnik\u00f3w zawod\u00f3w w pracowni komputerowej komputer prowadz\u0105cego pokazuje logo robo exe\" class=\"wp-image-293\" srcset=\"https:\/\/al.edu.pl\/roboexe\/wp-content\/uploads\/2025\/01\/facdefb02f32988e89447559a954f86d.jpg 2048w, https:\/\/al.edu.pl\/roboexe\/wp-content\/uploads\/2025\/01\/facdefb02f32988e89447559a954f86d-300x200.jpg 300w, https:\/\/al.edu.pl\/roboexe\/wp-content\/uploads\/2025\/01\/facdefb02f32988e89447559a954f86d-1024x683.jpg 1024w, https:\/\/al.edu.pl\/roboexe\/wp-content\/uploads\/2025\/01\/facdefb02f32988e89447559a954f86d-768x512.jpg 768w, https:\/\/al.edu.pl\/roboexe\/wp-content\/uploads\/2025\/01\/facdefb02f32988e89447559a954f86d-1536x1024.jpg 1536w\" sizes=\"auto, (max-width: 2048px) 100vw, 2048px\" \/><\/figure>\n<\/figure>\n<\/div>\n<\/div>\n","protected":false},"excerpt":{"rendered":"<p>Konkurs\u00a0RoboExe: Code Master 2025\u00a0jest kolejnym z serii konkurs\u00f3w informatycznych organizowanych przez Wydzia\u0142a Nauk Informatyczno-Technologicznych Akademii \u0141om\u017cy\u0144skiej, skierowanych do uczni\u00f3w szk\u00f3\u0142 \u015brednich i student\u00f3w, zainteresowanych w szczeg\u00f3lno\u015bci programowaniem i algorytmami. W konkursie tym uczestnicy zmierz\u0105 si\u0119 z problemami informatycznymi, wymagaj\u0105cymi znajomo\u015bci zasad kodowania, logicznego my\u015blenia oraz implementacji algorytm\u00f3w. Regu\u0142y realizacji zada\u0144 informatycznych s\u0105 ustalone: mamy zdefiniowany [&hellip;]<\/p>\n","protected":false},"author":2,"featured_media":367,"parent":0,"menu_order":0,"comment_status":"closed","ping_status":"closed","template":"","meta":{"footnotes":""},"class_list":["post-111","page","type-page","status-publish","has-post-thumbnail","hentry"],"_links":{"self":[{"href":"https:\/\/al.edu.pl\/roboexe\/index.php?rest_route=\/wp\/v2\/pages\/111","targetHints":{"allow":["GET"]}}],"collection":[{"href":"https:\/\/al.edu.pl\/roboexe\/index.php?rest_route=\/wp\/v2\/pages"}],"about":[{"href":"https:\/\/al.edu.pl\/roboexe\/index.php?rest_route=\/wp\/v2\/types\/page"}],"author":[{"embeddable":true,"href":"https:\/\/al.edu.pl\/roboexe\/index.php?rest_route=\/wp\/v2\/users\/2"}],"replies":[{"embeddable":true,"href":"https:\/\/al.edu.pl\/roboexe\/index.php?rest_route=%2Fwp%2Fv2%2Fcomments&post=111"}],"version-history":[{"count":16,"href":"https:\/\/al.edu.pl\/roboexe\/index.php?rest_route=\/wp\/v2\/pages\/111\/revisions"}],"predecessor-version":[{"id":448,"href":"https:\/\/al.edu.pl\/roboexe\/index.php?rest_route=\/wp\/v2\/pages\/111\/revisions\/448"}],"wp:featuredmedia":[{"embeddable":true,"href":"https:\/\/al.edu.pl\/roboexe\/index.php?rest_route=\/wp\/v2\/media\/367"}],"wp:attachment":[{"href":"https:\/\/al.edu.pl\/roboexe\/index.php?rest_route=%2Fwp%2Fv2%2Fmedia&parent=111"}],"curies":[{"name":"wp","href":"https:\/\/api.w.org\/{rel}","templated":true}]}}