{"id":109,"date":"2025-01-16T07:58:56","date_gmt":"2025-01-16T07:58:56","guid":{"rendered":"https:\/\/stronatestowa.cloudaccess.host\/?page_id=109"},"modified":"2025-03-05T12:30:51","modified_gmt":"2025-03-05T12:30:51","slug":"plc-expert","status":"publish","type":"page","link":"https:\/\/al.edu.pl\/roboexe\/?page_id=109","title":{"rendered":"PLC Expert"},"content":{"rendered":"\n<div class=\"wp-block-group has-global-padding is-layout-constrained wp-block-group-is-layout-constrained\">\n<div class=\"wp-block-group is-vertical is-layout-flex wp-container-core-group-is-layout-fe9cc265 wp-block-group-is-layout-flex\">\n<p class=\"has-link-color wp-elements-d3cc550688f0cafea88d778b44c397a6\">Konkurs\u00a0<strong>RoboExe: PLC Expert 2025<\/strong>\u00a0to wydarzenie maj\u0105ce na celu popularyzacj\u0119 nauk technicznych, mechatroniki, algorytmiki i programowania w\u015br\u00f3d uczni\u00f3w i student\u00f3w szk\u00f3\u0142 \u015brednich i uczelni z \u0141om\u017cy i\u00a0regionu. Poprzez udzia\u0142 w konkursie ka\u017cdy mo\u017ce sprawdzi\u0107 swoj\u0105 wiedz\u0119 i umiej\u0119tno\u015bci z zakresu programowania sterownik\u00f3w PLC. Uczestnicy otrzymuj\u0105 zadanie sterownicze, okre\u015blone sygna\u0142y wej\u015bciowe \u2013 rozwi\u0105zaniem jest przygotowanie programu sterowniczego, kt\u00f3ry przetworzy podane dane i okre\u015bli warto\u015bci sygna\u0142\u00f3w wyj\u015bciowych. Schemat post\u0119powania uczestnika konkursu\u00a0<strong>PLC Expert<\/strong>\u00a0jest zawsze taki sam \u2013 zapoznanie si\u0119 z tre\u015bci\u0105 zadania, przygotowanie listy przyporz\u0105dkowania, opracowanie algorytmu sterowania i napisanie programu sterowniczego w\u00a0j\u0119zyku drabinkowym LAD lub j\u0119zyku blok\u00f3w funkcyjnych FBD. Uczniowie bior\u0105cy udzia\u0142 w konkursie b\u0119d\u0105 mieli do dyspozycji sterownik z\u00a0programowaln\u0105 pami\u0119ci\u0105 PLC SIMATIC S7 1200 oraz \u015brodowisko do programowania sterownika \u2013 TIA\u00a0Portal V15.1. Poprawno\u015b\u0107 dzia\u0142ania napisanego programu sterowniczego b\u0119dzie mo\u017cna sprawdzi\u0107 na stanowisku dydaktycznym ze sterownikiem S7 1200. Konkurs daje mo\u017cliwo\u015b\u0107 sprawdzenia umiej\u0119tno\u015bci z zakresu programowania sterownik\u00f3w oraz pozwala na zach\u0119cenie uczni\u00f3w do podejmowania pr\u00f3b rozwi\u0105zywania problem\u00f3w sterowniczych. Regulamin dost\u0119pny pod <a href=\"https:\/\/al.edu.pl\/roboexe\/wp-content\/uploads\/2025\/03\/Regulamin_PLC_Expert_2025.pdf\" data-type=\"attachment\" data-id=\"455\">linkiem<\/a>. Zgoda rodzica\/opiekuna na <a href=\"https:\/\/al.edu.pl\/roboexe\/wp-content\/uploads\/2025\/03\/Zalacznik_nr_PLC_2.pdf\" data-type=\"attachment\" data-id=\"453\">udzia\u0142<\/a>. Odwo\u0142anie od <a href=\"https:\/\/al.edu.pl\/roboexe\/wp-content\/uploads\/2025\/03\/Zalacznik_nr_PLC_1.pdf\" data-type=\"attachment\" data-id=\"454\">wyniku<\/a>.<\/p>\n\n\n\n<p class=\"has-text-color has-link-color wp-elements-28893995192d355869dc711e31e49ce3\" style=\"color:#be1e2d\"><a href=\"http:\/\/konkurswiedzy.al.edu.pl\" data-type=\"link\" data-id=\"konkurswiedzy.al.edu.pl\" target=\"_blank\" rel=\"noreferrer noopener\"><strong>Rejestracja<\/strong><\/a><\/p>\n\n\n\n<figure class=\"wp-block-gallery has-nested-images columns-2 wp-block-gallery-1 is-layout-flex wp-block-gallery-is-layout-flex\">\n<figure class=\"wp-block-image size-full\"><img loading=\"lazy\" decoding=\"async\" width=\"2048\" height=\"1365\" data-id=\"302\" src=\"https:\/\/al.edu.pl\/roboexe\/wp-content\/uploads\/2025\/01\/27fc5cf2ee245cf16b1d305416476c48.jpg\" alt=\"na pierwszym planie widoczny jest panel sterowania i za nim uczestnik zawod\u00f3w przy stanowisku pracy\" class=\"wp-image-302\" srcset=\"https:\/\/al.edu.pl\/roboexe\/wp-content\/uploads\/2025\/01\/27fc5cf2ee245cf16b1d305416476c48.jpg 2048w, https:\/\/al.edu.pl\/roboexe\/wp-content\/uploads\/2025\/01\/27fc5cf2ee245cf16b1d305416476c48-300x200.jpg 300w, https:\/\/al.edu.pl\/roboexe\/wp-content\/uploads\/2025\/01\/27fc5cf2ee245cf16b1d305416476c48-1024x683.jpg 1024w, https:\/\/al.edu.pl\/roboexe\/wp-content\/uploads\/2025\/01\/27fc5cf2ee245cf16b1d305416476c48-768x512.jpg 768w, https:\/\/al.edu.pl\/roboexe\/wp-content\/uploads\/2025\/01\/27fc5cf2ee245cf16b1d305416476c48-1536x1024.jpg 1536w\" sizes=\"auto, (max-width: 2048px) 100vw, 2048px\" \/><\/figure>\n\n\n\n<figure class=\"wp-block-image size-full\"><img loading=\"lazy\" decoding=\"async\" width=\"2048\" height=\"1365\" data-id=\"301\" src=\"https:\/\/al.edu.pl\/roboexe\/wp-content\/uploads\/2025\/01\/a1ed66c262b7608b20f4c274c4de73cf.jpg\" alt=\"uczestnik zawod\u00f3w testuj\u0105cy program\" class=\"wp-image-301\" srcset=\"https:\/\/al.edu.pl\/roboexe\/wp-content\/uploads\/2025\/01\/a1ed66c262b7608b20f4c274c4de73cf.jpg 2048w, https:\/\/al.edu.pl\/roboexe\/wp-content\/uploads\/2025\/01\/a1ed66c262b7608b20f4c274c4de73cf-300x200.jpg 300w, https:\/\/al.edu.pl\/roboexe\/wp-content\/uploads\/2025\/01\/a1ed66c262b7608b20f4c274c4de73cf-1024x683.jpg 1024w, https:\/\/al.edu.pl\/roboexe\/wp-content\/uploads\/2025\/01\/a1ed66c262b7608b20f4c274c4de73cf-768x512.jpg 768w, https:\/\/al.edu.pl\/roboexe\/wp-content\/uploads\/2025\/01\/a1ed66c262b7608b20f4c274c4de73cf-1536x1024.jpg 1536w\" sizes=\"auto, (max-width: 2048px) 100vw, 2048px\" \/><\/figure>\n\n\n\n<figure class=\"wp-block-image size-full\"><img loading=\"lazy\" decoding=\"async\" width=\"2048\" height=\"1365\" data-id=\"304\" src=\"https:\/\/al.edu.pl\/roboexe\/wp-content\/uploads\/2025\/01\/d7ce18c08d5157259cf86699b79363a1.jpg\" alt=\"\" class=\"wp-image-304\" srcset=\"https:\/\/al.edu.pl\/roboexe\/wp-content\/uploads\/2025\/01\/d7ce18c08d5157259cf86699b79363a1.jpg 2048w, https:\/\/al.edu.pl\/roboexe\/wp-content\/uploads\/2025\/01\/d7ce18c08d5157259cf86699b79363a1-300x200.jpg 300w, https:\/\/al.edu.pl\/roboexe\/wp-content\/uploads\/2025\/01\/d7ce18c08d5157259cf86699b79363a1-1024x683.jpg 1024w, https:\/\/al.edu.pl\/roboexe\/wp-content\/uploads\/2025\/01\/d7ce18c08d5157259cf86699b79363a1-768x512.jpg 768w, https:\/\/al.edu.pl\/roboexe\/wp-content\/uploads\/2025\/01\/d7ce18c08d5157259cf86699b79363a1-1536x1024.jpg 1536w\" sizes=\"auto, (max-width: 2048px) 100vw, 2048px\" \/><\/figure>\n\n\n\n<figure class=\"wp-block-image size-full\"><img loading=\"lazy\" decoding=\"async\" width=\"2048\" height=\"1365\" data-id=\"303\" src=\"https:\/\/al.edu.pl\/roboexe\/wp-content\/uploads\/2025\/01\/e703f9cca60b00bd8e263dc0b5de40c9.jpg\" alt=\"zdj\u0119cie z g\u00f3ry przedstawiaj\u0105ce dw\u00f3jk\u0119 uczestnik\u00f3w przy stanowiskach pracy\" class=\"wp-image-303\" srcset=\"https:\/\/al.edu.pl\/roboexe\/wp-content\/uploads\/2025\/01\/e703f9cca60b00bd8e263dc0b5de40c9.jpg 2048w, https:\/\/al.edu.pl\/roboexe\/wp-content\/uploads\/2025\/01\/e703f9cca60b00bd8e263dc0b5de40c9-300x200.jpg 300w, https:\/\/al.edu.pl\/roboexe\/wp-content\/uploads\/2025\/01\/e703f9cca60b00bd8e263dc0b5de40c9-1024x683.jpg 1024w, https:\/\/al.edu.pl\/roboexe\/wp-content\/uploads\/2025\/01\/e703f9cca60b00bd8e263dc0b5de40c9-768x512.jpg 768w, https:\/\/al.edu.pl\/roboexe\/wp-content\/uploads\/2025\/01\/e703f9cca60b00bd8e263dc0b5de40c9-1536x1024.jpg 1536w\" sizes=\"auto, (max-width: 2048px) 100vw, 2048px\" \/><\/figure>\n\n\n\n<figure class=\"wp-block-image size-full\"><img loading=\"lazy\" decoding=\"async\" width=\"2048\" height=\"1365\" data-id=\"306\" src=\"https:\/\/al.edu.pl\/roboexe\/wp-content\/uploads\/2025\/01\/fb4836221c2aaa1e006dc9962df4c8f8.jpg\" alt=\"uczestnik zawod\u00f3w pisz\u0105cy program w tia portal\" class=\"wp-image-306\" srcset=\"https:\/\/al.edu.pl\/roboexe\/wp-content\/uploads\/2025\/01\/fb4836221c2aaa1e006dc9962df4c8f8.jpg 2048w, https:\/\/al.edu.pl\/roboexe\/wp-content\/uploads\/2025\/01\/fb4836221c2aaa1e006dc9962df4c8f8-300x200.jpg 300w, https:\/\/al.edu.pl\/roboexe\/wp-content\/uploads\/2025\/01\/fb4836221c2aaa1e006dc9962df4c8f8-1024x683.jpg 1024w, https:\/\/al.edu.pl\/roboexe\/wp-content\/uploads\/2025\/01\/fb4836221c2aaa1e006dc9962df4c8f8-768x512.jpg 768w, https:\/\/al.edu.pl\/roboexe\/wp-content\/uploads\/2025\/01\/fb4836221c2aaa1e006dc9962df4c8f8-1536x1024.jpg 1536w\" sizes=\"auto, (max-width: 2048px) 100vw, 2048px\" \/><\/figure>\n\n\n\n<figure class=\"wp-block-image size-full\"><img loading=\"lazy\" decoding=\"async\" width=\"1365\" height=\"2048\" data-id=\"300\" src=\"https:\/\/al.edu.pl\/roboexe\/wp-content\/uploads\/2025\/01\/d2f62df9dcba8f2ef75bb4e872f9e9fc.jpg\" alt=\"miniaturowa linia produkcyjna na kt\u00f3rej znajduje si\u0119 klocek przedstawiaj\u0105cy produkt\" class=\"wp-image-300\" srcset=\"https:\/\/al.edu.pl\/roboexe\/wp-content\/uploads\/2025\/01\/d2f62df9dcba8f2ef75bb4e872f9e9fc.jpg 1365w, https:\/\/al.edu.pl\/roboexe\/wp-content\/uploads\/2025\/01\/d2f62df9dcba8f2ef75bb4e872f9e9fc-200x300.jpg 200w, https:\/\/al.edu.pl\/roboexe\/wp-content\/uploads\/2025\/01\/d2f62df9dcba8f2ef75bb4e872f9e9fc-683x1024.jpg 683w, https:\/\/al.edu.pl\/roboexe\/wp-content\/uploads\/2025\/01\/d2f62df9dcba8f2ef75bb4e872f9e9fc-768x1152.jpg 768w, https:\/\/al.edu.pl\/roboexe\/wp-content\/uploads\/2025\/01\/d2f62df9dcba8f2ef75bb4e872f9e9fc-1024x1536.jpg 1024w\" sizes=\"auto, (max-width: 1365px) 100vw, 1365px\" \/><\/figure>\n<\/figure>\n<\/div>\n<\/div>\n","protected":false},"excerpt":{"rendered":"<p>Konkurs\u00a0RoboExe: PLC Expert 2025\u00a0to wydarzenie maj\u0105ce na celu popularyzacj\u0119 nauk technicznych, mechatroniki, algorytmiki i programowania w\u015br\u00f3d uczni\u00f3w i student\u00f3w szk\u00f3\u0142 \u015brednich i uczelni z \u0141om\u017cy i\u00a0regionu. Poprzez udzia\u0142 w konkursie ka\u017cdy mo\u017ce sprawdzi\u0107 swoj\u0105 wiedz\u0119 i umiej\u0119tno\u015bci z zakresu programowania sterownik\u00f3w PLC. Uczestnicy otrzymuj\u0105 zadanie sterownicze, okre\u015blone sygna\u0142y wej\u015bciowe \u2013 rozwi\u0105zaniem jest przygotowanie programu sterowniczego, [&hellip;]<\/p>\n","protected":false},"author":2,"featured_media":366,"parent":0,"menu_order":0,"comment_status":"closed","ping_status":"closed","template":"","meta":{"footnotes":""},"class_list":["post-109","page","type-page","status-publish","has-post-thumbnail","hentry"],"_links":{"self":[{"href":"https:\/\/al.edu.pl\/roboexe\/index.php?rest_route=\/wp\/v2\/pages\/109","targetHints":{"allow":["GET"]}}],"collection":[{"href":"https:\/\/al.edu.pl\/roboexe\/index.php?rest_route=\/wp\/v2\/pages"}],"about":[{"href":"https:\/\/al.edu.pl\/roboexe\/index.php?rest_route=\/wp\/v2\/types\/page"}],"author":[{"embeddable":true,"href":"https:\/\/al.edu.pl\/roboexe\/index.php?rest_route=\/wp\/v2\/users\/2"}],"replies":[{"embeddable":true,"href":"https:\/\/al.edu.pl\/roboexe\/index.php?rest_route=%2Fwp%2Fv2%2Fcomments&post=109"}],"version-history":[{"count":14,"href":"https:\/\/al.edu.pl\/roboexe\/index.php?rest_route=\/wp\/v2\/pages\/109\/revisions"}],"predecessor-version":[{"id":459,"href":"https:\/\/al.edu.pl\/roboexe\/index.php?rest_route=\/wp\/v2\/pages\/109\/revisions\/459"}],"wp:featuredmedia":[{"embeddable":true,"href":"https:\/\/al.edu.pl\/roboexe\/index.php?rest_route=\/wp\/v2\/media\/366"}],"wp:attachment":[{"href":"https:\/\/al.edu.pl\/roboexe\/index.php?rest_route=%2Fwp%2Fv2%2Fmedia&parent=109"}],"curies":[{"name":"wp","href":"https:\/\/api.w.org\/{rel}","templated":true}]}}