{"id":50,"date":"2023-10-26T15:13:09","date_gmt":"2023-10-26T13:13:09","guid":{"rendered":"https:\/\/al.edu.pl\/olimpiadafizjo\/?page_id=50"},"modified":"2023-10-26T15:13:09","modified_gmt":"2023-10-26T13:13:09","slug":"organizatorzy","status":"publish","type":"page","link":"https:\/\/al.edu.pl\/olimpiadafizjo\/organizatorzy\/","title":{"rendered":"Organizatorzy"},"content":{"rendered":"\n<p>Lista patron\u00f3w, patron\u00f3w medialnych, cz\u0142onk\u00f3w komitet\u00f3w honorowych lub organizacyjnych oraz lista instytucji, kt\u00f3rych nazwy lub loga b\u0119d\u0105 publikowane w zwi\u0105zku z wydarzeniem.<\/p>\n\n\n\n<p><strong>Patronat honorowy:<\/strong><\/p>\n\n\n\n<p>Wyst\u0105piono o patronat honorowy Prezesa Krajowej Izby Fizjoterapeut\u00f3w dr. Tomasza Dybka.<\/p>\n\n\n\n<p>Wyst\u0105piono o patronat honorowy JM Rektora Akademii \u0141om\u017cy\u0144skiej dr. hab. Dariusza Surowika, prof. A\u0141.<\/p>\n\n\n\n<p><strong>Cz\u0142onkowie Komitetu Organizacyjnego:<\/strong><\/p>\n\n\n\n<ul class=\"wp-block-list\">\n<li>dr Marlena Skwiot &#8211; przewodnicz\u0105cy, koordynator wydarzenia<\/li>\n\n\n\n<li>Podlaski Oddzia\u0142 Terenowy Biura Krajowej Izby Fizjoterapeut\u00f3w<\/li>\n\n\n\n<li>dr Ewa Waldzi\u0144ska<\/li>\n\n\n\n<li>dr Tomasz Waldzi\u0144ski<\/li>\n\n\n\n<li>mgr Aleksandra Durzy\u0144ska<\/li>\n<\/ul>\n\n\n\n<p><strong>Cz\u0142onkowie Rady Naukowej:<\/strong><\/p>\n\n\n\n<ul class=\"wp-block-list\">\n<li>dr hab. Ma\u0142gorzata <em>Kna\u015b<\/em>&#8211;<em>Dawidziuk<\/em>, prof. Akademii \u0141om\u017cy\u0144skiej &#8211; Przewodnicz\u0105ca<\/li>\n\n\n\n<li>dr hab. El\u017cbieta Skorupska, prof. Uniwersytetu Medycznego im. K. Marcinkowskiego w Poznaniu<\/li>\n\n\n\n<li>dr Agnieszka Dakowicz, Uniwersytet Medyczny w Bia\u0142ymstoku<\/li>\n\n\n\n<li>dr Zofia Dzi\u0119cio\u0142-Anikiej, Uniwersytet Medyczny w Bia\u0142ymstoku<\/li>\n\n\n\n<li>dr Katarzyna Prokopowicz, Olszty\u0144ska Szko\u0142a Wy\u017csza<\/li>\n\n\n\n<li>dr Grzegorz Prokopowicz, Olszty\u0144ska Szko\u0142a Wy\u017csza<\/li>\n\n\n\n<li>dr Marlena Skwiot, Akademia \u0141om\u017cy\u0144ska<\/li>\n\n\n\n<li>dr Ewa Waldzi\u0144ska, Akademia \u0141om\u017cy\u0144ska<\/li>\n\n\n\n<li>dr Mateusz Worobel, Olszty\u0144ska Szko\u0142a Wy\u017csza<\/li>\n<\/ul>\n\n\n\n<p><strong>Instruktorzy warsztat\u00f3w praktycznych:<\/strong><\/p>\n\n\n\n<ul class=\"wp-block-list\">\n<li>dr hab. n. o zdrowiu El\u017cbieta Skorupska, Temat: Fakty i mity wok\u00f3\u0142 terapii punkt\u00f3w spustowych.<\/li>\n\n\n\n<li>dr Micha\u0142 Dylewski, Temat: Mi\u0119\u015bniowo-powi\u0119ziowe punkty spustowe \u2013 r\u00f3\u017cne strategie dotycz\u0105ce ich lokalizacji oraz sposob\u00f3w terapii.<\/li>\n<\/ul>\n\n\n\n<p><strong>Loga uczelni bior\u0105cych udzia\u0142 w wydarzeniu b\u0119d\u0105 dost\u0119pne w materia\u0142ach promocyjnych:<\/strong><\/p>\n\n\n\n<ul class=\"wp-block-list\">\n<li>Akademia \u0141om\u017cy\u0144ska,<\/li>\n\n\n\n<li>Uniwersytet Medyczny w Bia\u0142ymstoku,<\/li>\n\n\n\n<li>Wy\u017csza Szko\u0142a Medyczna w Bia\u0142ystoku,<\/li>\n\n\n\n<li>Olszty\u0144ska Szko\u0142a Wy\u017csza.<\/li>\n<\/ul>\n","protected":false},"excerpt":{"rendered":"<p>Lista patron\u00f3w, patron\u00f3w medialnych, cz\u0142onk\u00f3w komitet\u00f3w honorowych lub organizacyjnych oraz lista instytucji, kt\u00f3rych nazwy lub loga b\u0119d\u0105 publikowane w zwi\u0105zku z wydarzeniem. Patronat honorowy: Wyst\u0105piono o patronat honorowy Prezesa Krajowej Izby Fizjoterapeut\u00f3w dr. Tomasza Dybka. Wyst\u0105piono o patronat honorowy JM Rektora Akademii \u0141om\u017cy\u0144skiej dr. hab. Dariusza Surowika, prof. A\u0141. Cz\u0142onkowie Komitetu Organizacyjnego: Cz\u0142onkowie Rady Naukowej: [&hellip;]<\/p>\n","protected":false},"author":1,"featured_media":0,"parent":0,"menu_order":0,"comment_status":"closed","ping_status":"closed","template":"","meta":{"footnotes":""},"class_list":["post-50","page","type-page","status-publish","hentry"],"_links":{"self":[{"href":"https:\/\/al.edu.pl\/olimpiadafizjo\/wp-json\/wp\/v2\/pages\/50","targetHints":{"allow":["GET"]}}],"collection":[{"href":"https:\/\/al.edu.pl\/olimpiadafizjo\/wp-json\/wp\/v2\/pages"}],"about":[{"href":"https:\/\/al.edu.pl\/olimpiadafizjo\/wp-json\/wp\/v2\/types\/page"}],"author":[{"embeddable":true,"href":"https:\/\/al.edu.pl\/olimpiadafizjo\/wp-json\/wp\/v2\/users\/1"}],"replies":[{"embeddable":true,"href":"https:\/\/al.edu.pl\/olimpiadafizjo\/wp-json\/wp\/v2\/comments?post=50"}],"version-history":[{"count":1,"href":"https:\/\/al.edu.pl\/olimpiadafizjo\/wp-json\/wp\/v2\/pages\/50\/revisions"}],"predecessor-version":[{"id":51,"href":"https:\/\/al.edu.pl\/olimpiadafizjo\/wp-json\/wp\/v2\/pages\/50\/revisions\/51"}],"wp:attachment":[{"href":"https:\/\/al.edu.pl\/olimpiadafizjo\/wp-json\/wp\/v2\/media?parent=50"}],"curies":[{"name":"wp","href":"https:\/\/api.w.org\/{rel}","templated":true}]}}