{"id":110,"date":"2023-11-08T12:21:54","date_gmt":"2023-11-08T11:21:54","guid":{"rendered":"https:\/\/al.edu.pl\/olimpiadafizjo\/?page_id=110"},"modified":"2023-11-08T12:49:17","modified_gmt":"2023-11-08T11:49:17","slug":"zagadnienia","status":"publish","type":"page","link":"https:\/\/al.edu.pl\/olimpiadafizjo\/zagadnienia\/","title":{"rendered":"Zagadnienia"},"content":{"rendered":"\n<h2 class=\"wp-block-heading\"><strong>Anatomia\u00a0prawid\u0142owa\u00a0cz\u0142owieka\u00a0oraz\u00a0elementy\u00a0anatomii\u00a0palpacyjnej<\/strong> <\/h2>\n\n\n\n<ul class=\"wp-block-list\">\n<li>Osteologia&nbsp;(budowa&nbsp;ko\u015bci,&nbsp;nazewnictwo&nbsp;punkt\u00f3w&nbsp;kostnych)<\/li>\n\n\n\n<li>Artrologia&nbsp;(po\u0142\u0105czenia&nbsp;ruchome&nbsp;kr\u0119gos\u0142upa,&nbsp;miednicy,&nbsp;ko\u0144czyn&nbsp;dolnych oraz&nbsp;ko\u0144czyn&nbsp;g\u00f3rnych)&nbsp;<\/li>\n\n\n\n<li>Syndysmologia&nbsp;(&nbsp;po\u0142\u0105czenia&nbsp;sta\u0142e:&nbsp;wi\u0119zozrosty,&nbsp;chrz\u0105stkozrosty, uk\u0142ad&nbsp;wi\u0119zad\u0142owy,&nbsp;lokalizacja&nbsp;wi\u0119zade\u0142)<\/li>\n\n\n\n<li>Miologia&nbsp;(&nbsp;znajomo\u015b\u0107&nbsp;przyczep\u00f3w&nbsp;mi\u0119\u015bni&nbsp;oraz&nbsp;ich&nbsp;funkcji-&nbsp;m.&nbsp;klatki<br>piersiowej,&nbsp;m.&nbsp;obr\u0119czy&nbsp;barkowej,&nbsp;m.&nbsp;kkg,&nbsp;m.&nbsp;grzbietu&nbsp;(grupa<br>powierzchowna),&nbsp;m.&nbsp;obr\u0119czy&nbsp;biodrowej,&nbsp;m.&nbsp;kkd.)<\/li>\n\n\n\n<li>Nerwy&nbsp;splotu&nbsp;szyjnego,&nbsp;ramiennego&nbsp;i&nbsp;l\u0119d\u017awiowo-krzy\u017cowego<\/li>\n\n\n\n<li>Anatomia palpacyjna klatki piersiowej, grzbietu, ko\u0144czyn dolnych oraz g\u00f3rnych.<\/li>\n<\/ul>\n\n\n\n<p>Literatura:<\/p>\n\n\n\n<ol class=\"wp-block-list\">\n<li>Bochenek A., Reicher M.: Anatomia cz\u0142owieka tom I oraz tom V. PZWL, Warszawa 2010.<\/li>\n<\/ol>\n\n\n\n<h2 class=\"wp-block-heading\"><strong><\/strong><strong>Biomechanika<\/strong><\/h2>\n\n\n\n<ul class=\"wp-block-list\">\n<li>Reedukacja chodu, fazy chodu, determinanty<\/li>\n\n\n\n<li>Biomechanika staw\u00f3w kr\u0119gos\u0142upa i staw\u00f3w obwodowych<\/li>\n<\/ul>\n\n\n\n<p>Literatura:<\/p>\n\n\n\n<ol class=\"wp-block-list\">\n<li>Bober T., Zawadzki A.: Biomechanika uk\u0142adu ruchu cz\u0142owieka. Wyd. BK, Wroc\u0142aw 2008<\/li>\n<\/ol>\n\n\n\n<h2 class=\"wp-block-heading\"><strong><\/strong><strong>Kinezyterapia<\/strong><\/h2>\n\n\n\n<ul class=\"wp-block-list\">\n<li>Diagnostyka dla potrzeb fizjoterapii<\/li>\n\n\n\n<li>Rodzaje \u0107wicze\u0144<\/li>\n<\/ul>\n\n\n\n<p>Literatura:<\/p>\n\n\n\n<ol class=\"wp-block-list\">\n<li>Zembaty A. (red.): Kinezyterapia. Tom I. Wyd. KASPER, Krak\u00f3w 2002<\/li>\n\n\n\n<li>Zembaty A. (red.): Kinezyterapia. Tom II. Wyd. KASPER, Krak\u00f3w 2003<\/li>\n<\/ol>\n\n\n\n<h2 class=\"wp-block-heading\"><strong><\/strong><strong>Fizykoterapia<\/strong><\/h2>\n\n\n\n<ul class=\"wp-block-list\">\n<li>Termoterapia (ciep\u0142olecznictwo, zimnolecznictwo, krioterapia)<\/li>\n\n\n\n<li>W\u0142a\u015bciwo\u015bci fizyczne energii cieplnej, wymiana cieplna, regulacja cieplna organizmu)<\/li>\n\n\n\n<li>Dzia\u0142anie biologiczne i metodyka&nbsp; wykonywania zabieg\u00f3w termoterapeutycznych.<\/li>\n\n\n\n<li>\u015awiat\u0142olecznictwo(&nbsp; promienie podczerwone IR, promienie nadfioletowe UV)<\/li>\n\n\n\n<li>Dzia\u0142anie biologiczne i metodyka wykonywania zabieg\u00f3w IR i UV<\/li>\n\n\n\n<li>Elektrolecznictwo (pr\u0105d&nbsp; sta\u0142y, pr\u0105dy ma\u0142ej i \u015bredniej cz\u0119stotliwo\u015bci)<\/li>\n\n\n\n<li>Dzia\u0142anie biologiczne i metodyka&nbsp; wykonywania zabieg\u00f3w z wykorzystaniem pr\u0105du&nbsp; sta\u0142ego oraz&nbsp; pr\u0105d\u00f3w ma\u0142ej i \u015bredniej cz\u0119stotliwo\u015bci.<\/li>\n\n\n\n<li>Pole magnetyczne ma\u0142ej cz\u0119stotliwo\u015bci- podstawy fizyczne i dzia\u0142anie biologiczne<\/li>\n\n\n\n<li>Ultrad\u017awi\u0119ki- podstawy fizyczne, dzia\u0142anie biologiczne i metodyka wykonywania zabieg\u00f3w.<\/li>\n<\/ul>\n\n\n\n<p>Literatura:<\/p>\n\n\n\n<ol class=\"wp-block-list\">\n<li>Mika T.: Fizykoterapia. PZWL, Warszawa 2015.<\/li>\n\n\n\n<li>Straburzy\u0144ski J., Lupa A.: Medycyna fizykalna. PZWL, Warszawa 2008.<\/li>\n\n\n\n<li>Bauer A., Wieche\u0107 M.: Przewodnik metodyczny po wybranych zabiegach fizykalnych. Wydawnictwo MarkMed Rehabilitacja, Ostrowiec \u015awi\u0119tokrzyski 2015.<\/li>\n<\/ol>\n\n\n\n<h2 class=\"wp-block-heading\"><strong><\/strong><strong>Masa\u017c leczniczy<\/strong><\/h2>\n\n\n\n<ul class=\"wp-block-list\">\n<li>Techniki stosowane w masa\u017cu leczniczym<\/li>\n\n\n\n<li>Metodyka wykonywania masa\u017cu leczniczego z wykorzystaniem technik klasycznych i nieklasycznych w okolicy staw\u00f3w kr\u0119gos\u0142upa i ko\u0144czyn.<\/li>\n\n\n\n<li>Teoretyczne podstawy&nbsp; manualnego drena\u017cu limfatycznego.<\/li>\n<\/ul>\n\n\n\n<p>Literatura:<\/p>\n\n\n\n<ol class=\"wp-block-list\">\n<li>Zborowski A.: Masa\u017c klasyczny. Wydawnictwo AZ, Krak\u00f3w 2020.<\/li>\n\n\n\n<li>Magiera L.: Klasyczny masa\u017c leczniczy. Wydawnictwo Bio-Styl, Krak\u00f3w 2020.<\/li>\n\n\n\n<li>Zborowski A.: Manualny drena\u017c limfatyczny. Wydawnictwo AZ, Krak\u00f3w 2017.<\/li>\n<\/ol>\n\n\n\n<h2 class=\"wp-block-heading\"><strong><\/strong><strong>Diagnostyka funkcjonalna<\/strong><\/h2>\n\n\n\n<ul class=\"wp-block-list\">\n<li>Badanie i ocena postawy cia\u0142a cz\u0142owieka<\/li>\n\n\n\n<li>Testy ortopedyczne w badaniu czynno\u015bciowym w fizjoterapii<\/li>\n\n\n\n<li>Testy neurodynamiczne<\/li>\n<\/ul>\n\n\n\n<p>Literatura:<\/p>\n\n\n\n<ol class=\"wp-block-list\">\n<li>Milanowska K.: Kinezyterapia. PZWL, Warszawa 2022.<\/li>\n\n\n\n<li>\u015aliwi\u0144ski Z, Siero\u0144 A.: Wielka Fizjoterapia. EDRA, Wroc\u0142aw 2022.<\/li>\n<\/ol>\n\n\n\n<h2 class=\"wp-block-heading\"><strong><\/strong><strong>Medycyna manualna<\/strong><\/h2>\n\n\n\n<ul class=\"wp-block-list\">\n<li>Regu\u0142a wkl\u0119s\u0142o-wypuk\u0142a<\/li>\n\n\n\n<li>Poizometryczna relaksacja mi\u0119\u015bni<\/li>\n\n\n\n<li>Masa\u017c funkcyjny i poprzeczny<\/li>\n<\/ul>\n\n\n\n<p>Literatura:<\/p>\n\n\n\n<ol class=\"wp-block-list\">\n<li>Kaltenborn F.: Manualne mobilizacje staw\u00f3w ko\u0144czyn. Wyd. Rolewski, Toru\u0144 1996.<\/li>\n\n\n\n<li>Lisowski J., Terapeutyczna moc rozci\u0105gania mi\u0119\u015bni, Wydawnictwo Remedium, W\u0142oc\u0142awek 2005.<\/li>\n<\/ol>\n\n\n\n<h2 class=\"wp-block-heading\"><strong><\/strong><strong>Fizjoterapia kliniczna w dysfunkcjach uk\u0142adu ruchu: w ortopedii i medycynie sportowej, w reumatologii, w neurologii i neurochirurgii<\/strong><\/h2>\n\n\n\n<ul class=\"wp-block-list\">\n<li>zerwanie&nbsp;wi\u0119zad\u0142a&nbsp;ACL<\/li>\n\n\n\n<li>\u0142okie\u0107&nbsp;tenisisty<\/li>\n\n\n\n<li>skr\u0119cenie&nbsp;stawu&nbsp;skokowego<\/li>\n\n\n\n<li>chondromalacja&nbsp;rzepki<\/li>\n\n\n\n<li>przepuklina&nbsp;kr\u0105\u017ckami\u0119dzykregowego<\/li>\n\n\n\n<li>przykurcz&nbsp;Dupuytrena<\/li>\n\n\n\n<li>zesp\u00f3\u0142&nbsp;Sudecka<\/li>\n\n\n\n<li>RZS,&nbsp;ZZSK<\/li>\n\n\n\n<li>udar&nbsp;m\u00f3zgu<\/li>\n\n\n\n<li>choroba&nbsp;Parkinsona<\/li>\n<\/ul>\n\n\n\n<p>Literatura podstawowa<\/p>\n\n\n\n<ol class=\"wp-block-list\">\n<li>Fizjoterapia w reumatologii &#8211; K. Ksi\u0119\u017copolska- Or\u0142owska<\/li>\n\n\n\n<li>Kwolek A.: Rehabilitacja medyczna., Tom I i II, Wydawnictwo Urban &amp; Partner, Wroc\u0142aw 2013<\/li>\n\n\n\n<li>Reumatologia praktyczna &#8211; W. Samborski, M. Brzosko<\/li>\n\n\n\n<li>Reumatologia &#8211; S. Mackiewicz, I. Zimmermann-G\u00f3rska<\/li>\n\n\n\n<li>Rehabilitacja Medyczna &#8211; A. Kwolek<\/li>\n<\/ol>\n\n\n\n<p>Literatura uzupe\u0142niaj\u0105ca<\/p>\n\n\n\n<ol class=\"wp-block-list\">\n<li>Wielka Interna Reumatologia &#8211;&nbsp; M. Puszczewicz<\/li>\n\n\n\n<li>Rehabilitacja medyczna w praktyce klinicznej &#8211;<\/li>\n\n\n\n<li>R. Rutkowski<\/li>\n\n\n\n<li>Fizjoterapia kliniczna &#8211; W. Kasprzak<\/li>\n\n\n\n<li>\u0106wiczenia lecznicze w chorobach reumatycznych \u2013 A. Ros\u0142awski<\/li>\n<\/ol>\n\n\n\n<h2 class=\"wp-block-heading\"><strong><\/strong><strong>Fizjoterapia w wieku rozwojowym<\/strong><\/h2>\n\n\n\n<ul class=\"wp-block-list\">\n<li>Aseptyczne martwice ko\u015bci<\/li>\n\n\n\n<li>Dystrofia mi\u0119\u015bniowa Duchenne\u2019a<\/li>\n<\/ul>\n\n\n\n<p>Literatura:<\/p>\n\n\n\n<ol class=\"wp-block-list\">\n<li>Matyja M, Domagalska M., Podstawy usprawniania neurorozwojowego wed\u0142ug Berty i Karela Bobath\u00f3w, AWF Katowice, 2015.<\/li>\n\n\n\n<li>Kuli\u0144ski W., Zeman K.: Fizjoterapia Pediatryczna. PZWL, Warszawa 2012.<\/li>\n\n\n\n<li>\u015aliwi\u0144ski Z, Siero\u0144 A.: Wielka Fizjoterapia. EDRA, Wroc\u0142aw 2022, t. III.<\/li>\n<\/ol>\n\n\n\n<h2 class=\"wp-block-heading\"><strong><\/strong><strong>Adaptowana aktywno\u015b\u0107 fizyczna<\/strong><\/h2>\n\n\n\n<ol class=\"wp-block-list\">\n<li>Historia adaptowanej aktywno\u015bci fizycznej<\/li>\n\n\n\n<li>Wychowanie fizyczne adaptowane<\/li>\n\n\n\n<li>Adaptowana aktywno\u015b\u0107 fizyczna w wybranych grupach schorze\u0144<\/li>\n\n\n\n<li>Psychospo\u0142eczne aspekty adaptowanej aktywno\u015bci fizycznej<\/li>\n\n\n\n<li>Dobre praktyki w zakresie adaptowanej aktywno\u015bci fizycznej<\/li>\n<\/ol>\n\n\n\n<p>Literatura:<\/p>\n\n\n\n<ol class=\"wp-block-list\">\n<li>Kowalik S. (red.): Kultura fizyczna os\u00f3b z niepe\u0142nosprawno\u015bci\u0105. Dostosowana aktywno\u015b\u0107 ruchowa. GWP, Gda\u0144sk 2009<\/li>\n\n\n\n<li>Morgulec- Adamowicz N., Kosmol A., Molik B. (red.): Adaptowana aktywno\u015b\u0107 fizyczna dla fizjoterapeut\u00f3w. PZWL, Warszawa 2015<\/li>\n\n\n\n<li>Kosmol A., Molik B., Morgulec-Adamowicz N. (red.): Sport niepe\u0142nosprawnych dla fizjoterapeut\u00f3w i terapeut\u00f3w zaj\u0119ciowych. PZWL, Warszawa 2021<\/li>\n<\/ol>\n\n\n\n<h2 class=\"wp-block-heading\"><strong><\/strong><strong>Sport os\u00f3b niepe\u0142nosprawnych<\/strong><\/h2>\n\n\n\n<ol class=\"wp-block-list\">\n<li>Ruch paralimpijski<\/li>\n\n\n\n<li>Ruch sportowy Deaflympics<\/li>\n\n\n\n<li>Ruch sportowy Special Olympics<\/li>\n\n\n\n<li>Psychologia w sporcie niepe\u0142nosprawnych<\/li>\n\n\n\n<li>Nowoczesne technologie w sporcie niepe\u0142nosprawnych<\/li>\n<\/ol>\n\n\n\n<p>Literatura:<\/p>\n\n\n\n<ol class=\"wp-block-list\">\n<li>Kosmol A. (red.): Teoria i praktyka sportu niepe\u0142nosprawnych. AWF Warszawa 2008<\/li>\n\n\n\n<li>Kosmol A., Molik B., Morgulec-Adamowicz N. (red.): Sport niepe\u0142nosprawnych dla fizjoterapeut\u00f3w i terapeut\u00f3w zaj\u0119ciowych. PZWL, Warszawa 2021<\/li>\n\n\n\n<li>Molik B., Morgulec-Adamowicz N., Kosmol A.: Zespo\u0142owe gry sportowe os\u00f3b niepe\u0142nosprawnych. AWF Warszawa 2008<\/li>\n<\/ol>\n","protected":false},"excerpt":{"rendered":"<p>Anatomia\u00a0prawid\u0142owa\u00a0cz\u0142owieka\u00a0oraz\u00a0elementy\u00a0anatomii\u00a0palpacyjnej Literatura: Biomechanika Literatura: Kinezyterapia Literatura: Fizykoterapia Literatura: Masa\u017c leczniczy Literatura: Diagnostyka funkcjonalna Literatura: Medycyna manualna Literatura: Fizjoterapia kliniczna w dysfunkcjach uk\u0142adu ruchu: w ortopedii i medycynie sportowej, w reumatologii, w neurologii i neurochirurgii Literatura podstawowa Literatura uzupe\u0142niaj\u0105ca Fizjoterapia w wieku rozwojowym Literatura: Adaptowana aktywno\u015b\u0107 fizyczna Literatura: Sport os\u00f3b niepe\u0142nosprawnych Literatura:<\/p>\n","protected":false},"author":1,"featured_media":0,"parent":0,"menu_order":0,"comment_status":"closed","ping_status":"closed","template":"","meta":{"footnotes":""},"class_list":["post-110","page","type-page","status-publish","hentry"],"_links":{"self":[{"href":"https:\/\/al.edu.pl\/olimpiadafizjo\/wp-json\/wp\/v2\/pages\/110","targetHints":{"allow":["GET"]}}],"collection":[{"href":"https:\/\/al.edu.pl\/olimpiadafizjo\/wp-json\/wp\/v2\/pages"}],"about":[{"href":"https:\/\/al.edu.pl\/olimpiadafizjo\/wp-json\/wp\/v2\/types\/page"}],"author":[{"embeddable":true,"href":"https:\/\/al.edu.pl\/olimpiadafizjo\/wp-json\/wp\/v2\/users\/1"}],"replies":[{"embeddable":true,"href":"https:\/\/al.edu.pl\/olimpiadafizjo\/wp-json\/wp\/v2\/comments?post=110"}],"version-history":[{"count":12,"href":"https:\/\/al.edu.pl\/olimpiadafizjo\/wp-json\/wp\/v2\/pages\/110\/revisions"}],"predecessor-version":[{"id":129,"href":"https:\/\/al.edu.pl\/olimpiadafizjo\/wp-json\/wp\/v2\/pages\/110\/revisions\/129"}],"wp:attachment":[{"href":"https:\/\/al.edu.pl\/olimpiadafizjo\/wp-json\/wp\/v2\/media?parent=110"}],"curies":[{"name":"wp","href":"https:\/\/api.w.org\/{rel}","templated":true}]}}