{"id":93,"date":"2023-09-11T13:11:23","date_gmt":"2023-09-11T11:11:23","guid":{"rendered":"https:\/\/al.edu.pl\/mba\/?page_id=93"},"modified":"2023-09-11T13:12:42","modified_gmt":"2023-09-11T11:12:42","slug":"o-mba","status":"publish","type":"page","link":"https:\/\/al.edu.pl\/mba\/o-mba\/","title":{"rendered":"O MBA"},"content":{"rendered":"\n<p>Master of Business Administration to studia podnosz\u0105ce kompetencje przyw\u00f3dcze i mened\u017cerskie os\u00f3b piastuj\u0105cych stanowiska kierownicze, doskonal\u0105ce umiej\u0119tno\u015bci zarz\u0105dzania strategicznego, rozwi\u0105zywania z\u0142o\u017conych problem\u00f3w przyw\u00f3dczych, radzenia sobie z globalnymi aspektami biznesu \u2013 od komunikacji, do gwa\u0142townych przemian natury technologicznej, cywilizacyjnej w warunkach gospodarki 4.0.<\/p>\n\n\n\n<p>MBA to ceniony i po\u017c\u0105dany w \u015brodowisku mened\u017cer\u00f3w najwy\u017cszego szczebla kierunek studi\u00f3w podyplomowych, kt\u00f3ry znalaz\u0142 si\u0119 w ofercie edukacyjnej Akademii \u0141om\u017cy\u0144skiej. Nasza oferta kszta\u0142cenia dedykowana jest liderom, m.in. menad\u017cerom i kierownikom, przedsi\u0119biorcom, specjalistom ds. finansowych oraz marketingu, pracownikom sektora publicznego, kandydatom na cz\u0142onk\u00f3w Rad Nadzorczych.<\/p>\n\n\n\n<p>Warunkiem skorzystania z oferty MBA w Akademii \u0141om\u017cy\u0144skiej jest uko\u0144czenie studi\u00f3w wy\u017cszych oraz posiadanie trzyletniego sta\u017cu pracy, w tym udokumentowane pe\u0142nienie funkcji kierowniczych przez okres nie kr\u00f3tszy ni\u017c rok. To absolutne minimum, aby m\u00f3c skorzysta\u0107 z unikalnej wiedzy, naby\u0107 biznesowe kompetencje przysz\u0142o\u015bci, nawi\u0105za\u0107 relacje z innymi liderami biznesu, umocni\u0107 w\u0142asn\u0105 pozycj\u0119 zawodow\u0105.&nbsp;<\/p>\n\n\n\n<p>Studia b\u0119d\u0105 prowadzone przez zesp\u00f3\u0142 wyk\u0142adowc\u00f3w z wielu o\u015brodk\u00f3w naukowych w kraju, w tym tak\u017ce nauczycieli akademickich z Akademii \u0141om\u017cy\u0144skiej. Poza tym s\u0142uchacze b\u0119d\u0105 mieli okazje odbywa\u0107 spotkania z praktykami, osi\u0105gaj\u0105cymi spektakularne sukcesy w biznesie. Jeden ze zjazd\u00f3w odb\u0119dzie si\u0119 w Kownie na litewskiej uczelni Kauno Kolegija kszta\u0142c\u0105cej m.in. mi\u0119dzynarodowych mened\u017cer\u00f3w biznesu.<\/p>\n\n\n\n<p>Nasz\u0105 uczelni\u0119 i nasze studia MBA polecaj\u0105 przedstawiciele sektora gospodarczego i spo\u0142ecznego. Od lat wsp\u00f3\u0142pracujemy z czo\u0142owymi firmami z regionu i kraju, kszta\u0142tuj\u0105c programy studi\u00f3w poprzez dialog nauki i praktyki gospodarczej.&nbsp;<\/p>\n","protected":false},"excerpt":{"rendered":"<p>Master of Business Administration to studia podnosz\u0105ce kompetencje przyw\u00f3dcze i mened\u017cerskie os\u00f3b piastuj\u0105cych stanowiska kierownicze, doskonal\u0105ce umiej\u0119tno\u015bci zarz\u0105dzania strategicznego, rozwi\u0105zywania z\u0142o\u017conych problem\u00f3w przyw\u00f3dczych, radzenia sobie z globalnymi aspektami biznesu \u2013 od komunikacji, do gwa\u0142townych przemian natury technologicznej, cywilizacyjnej w warunkach gospodarki 4.0. MBA to ceniony i po\u017c\u0105dany w \u015brodowisku mened\u017cer\u00f3w najwy\u017cszego szczebla kierunek studi\u00f3w podyplomowych, [&hellip;]<\/p>\n","protected":false},"author":1,"featured_media":0,"parent":0,"menu_order":0,"comment_status":"closed","ping_status":"closed","template":"","meta":{"footnotes":""},"class_list":["post-93","page","type-page","status-publish","hentry"],"_links":{"self":[{"href":"https:\/\/al.edu.pl\/mba\/wp-json\/wp\/v2\/pages\/93","targetHints":{"allow":["GET"]}}],"collection":[{"href":"https:\/\/al.edu.pl\/mba\/wp-json\/wp\/v2\/pages"}],"about":[{"href":"https:\/\/al.edu.pl\/mba\/wp-json\/wp\/v2\/types\/page"}],"author":[{"embeddable":true,"href":"https:\/\/al.edu.pl\/mba\/wp-json\/wp\/v2\/users\/1"}],"replies":[{"embeddable":true,"href":"https:\/\/al.edu.pl\/mba\/wp-json\/wp\/v2\/comments?post=93"}],"version-history":[{"count":2,"href":"https:\/\/al.edu.pl\/mba\/wp-json\/wp\/v2\/pages\/93\/revisions"}],"predecessor-version":[{"id":96,"href":"https:\/\/al.edu.pl\/mba\/wp-json\/wp\/v2\/pages\/93\/revisions\/96"}],"wp:attachment":[{"href":"https:\/\/al.edu.pl\/mba\/wp-json\/wp\/v2\/media?parent=93"}],"curies":[{"name":"wp","href":"https:\/\/api.w.org\/{rel}","templated":true}]}}