{"id":349,"date":"2023-09-14T10:38:11","date_gmt":"2023-09-14T08:38:11","guid":{"rendered":"https:\/\/al.edu.pl\/mba\/?page_id=349"},"modified":"2023-09-14T10:42:01","modified_gmt":"2023-09-14T08:42:01","slug":"deklaracja-dostepnosci","status":"publish","type":"page","link":"https:\/\/al.edu.pl\/mba\/deklaracja-dostepnosci\/","title":{"rendered":"Deklaracja dost\u0119pno\u015bci"},"content":{"rendered":"\n<p id=\"a11y-wstep\">Akademia \u0141om\u017cy\u0144ska zobowi\u0105zuje si\u0119 zapewni\u0107 dost\u0119pno\u015b\u0107 strony internetowej al.edu.pl zgodnie z ustaw\u0105 z dnia 4 kwietnia 2019 r. o dost\u0119pno\u015bci cyfrowej stron internetowych i aplikacji mobilnych podmiot\u00f3w publicznych. O\u015bwiadczenie w sprawie dost\u0119pno\u015bci ma zastosowanie do serwisu internetowego\u00a0<a href=\"https:\/\/al.edu.pl\/mba\">al.edu.pl\/mba<\/a><\/p>\n\n\n\n<p><strong>Daty publikacji i aktualizacji<\/strong><\/p>\n\n\n\n<ul class=\"wp-block-list\">\n<li>Data publikacji strony internetowej:&nbsp;2023-09-14<\/li>\n\n\n\n<li>Data ostatniej istotnej aktualizacji:&nbsp;2023-09-14<\/li>\n<\/ul>\n\n\n\n<h3 class=\"wp-block-heading\">Stan dost\u0119pno\u015bci cyfrowej<\/h3>\n\n\n\n<p>Serwis internetowy jest  zgodny z ustaw\u0105 o dost\u0119pno\u015bci cyfrowej stron internetowych i aplikacji mobilnych podmiot\u00f3w publicznych.<\/p>\n\n\n\n<h3 class=\"wp-block-heading\">Przygotowanie deklaracji dost\u0119pno\u015bci<\/h3>\n\n\n\n<p>Data sporz\u0105dzenia deklaracji:&nbsp;2023-09-14<\/p>\n\n\n\n<p>Data ostatniego przegl\u0105du deklaracji:&nbsp;2023-09-14<\/p>\n\n\n\n<p>Deklaracj\u0119 sporz\u0105dzono na podstawie samooceny przeprowadzonej przez podmiot publiczny.<\/p>\n\n\n\n<h3 class=\"wp-block-heading\">Skr\u00f3ty klawiaturowe<\/h3>\n\n\n\n<p>Na tej stronie internetowej mo\u017cna korzysta\u0107 ze standardowych skr\u00f3t\u00f3w klawiaturowych.<\/p>\n\n\n\n<h3 class=\"wp-block-heading\" id=\"a11y-kontakt\">Informacje zwrotne i dane kontaktowe<\/h3>\n\n\n\n<p>W przypadku problem\u00f3w z dost\u0119pno\u015bci\u0105 strony internetowej prosimy o kontakt. Osob\u0105 odpowiedzialn\u0105 jest&nbsp;Jaros\u0142aw Kaja, adres poczty elektronicznej&nbsp;<a href=\"mailto:jkaja@al.edu.pl\">jkaja@al.edu.pl<\/a>. T\u0105 sam\u0105 drog\u0105 mo\u017cna sk\u0142ada\u0107 wnioski o udost\u0119pnienie informacji niedost\u0119pnej oraz sk\u0142ada\u0107 skargi na brak zapewnienia dost\u0119pno\u015bci.<\/p>\n\n\n\n<p id=\"a11y-procedura\">Ka\u017cdy ma prawo do wyst\u0105pienia z \u017c\u0105daniem zapewnienia dost\u0119pno\u015bci cyfrowej strony internetowej, aplikacji mobilnej lub jakiego\u015b ich elementu. Mo\u017cna tak\u017ce za\u017c\u0105da\u0107 udost\u0119pnienia informacji w formach alternatywnych, na przyk\u0142ad odczytanie niedost\u0119pnego cyfrowo dokumentu, opisania zawarto\u015bci filmu bez audiodeskrypcji itp. \u017b\u0105danie powinno zawiera\u0107 dane osoby zg\u0142aszaj\u0105cej \u017c\u0105danie, wskazanie, o kt\u00f3r\u0105 stron\u0119 internetow\u0105 lub aplikacj\u0119 mobiln\u0105 chodzi oraz spos\u00f3b kontaktu. Je\u017celi osoba \u017c\u0105daj\u0105ca zg\u0142asza potrzeb\u0119 otrzymania informacji w formie alternatywnej, powinna tak\u017ce okre\u015bli\u0107 form\u0119 tej informacji. Podmiot publiczny powinien zrealizowa\u0107 \u017c\u0105danie niezw\u0142ocznie i nie p\u00f3\u017aniej, ni\u017c w ci\u0105gu 7 dni. Je\u017celi dotrzymanie tego terminu nie jest mo\u017cliwe, podmiot publiczny niezw\u0142ocznie informuje o tym, kiedy realizacja \u017c\u0105dania b\u0119dzie mo\u017cliwa, przy czym termin ten nie mo\u017ce by\u0107 d\u0142u\u017cszy ni\u017c 2 miesi\u0105ce. Je\u017celi zapewnienie dost\u0119pno\u015bci nie jest mo\u017cliwe, podmiot publiczny mo\u017ce zaproponowa\u0107 alternatywny spos\u00f3b dost\u0119pu do informacji.W przypadku, gdy podmiot odm\u00f3wi realizacji \u017c\u0105dania zapewnienia dost\u0119pno\u015bci lub alternatywnego dost\u0119pu do informacji, mo\u017cna z\u0142o\u017cy\u0107 skarg\u0119 na takie dzia\u0142anie. Po wyczerpaniu wszystkich mo\u017cliwo\u015bci skarg\u0119 mo\u017cna przes\u0142a\u0107 tak\u017ce do&nbsp;<a href=\"https:\/\/www.rpo.gov.pl\/content\/jak-zglosic-sie-do-rzecznika-praw-obywatelskich\">Rzecznika Praw Obywatelskich<\/a>.<\/p>\n","protected":false},"excerpt":{"rendered":"<p>Akademia \u0141om\u017cy\u0144ska zobowi\u0105zuje si\u0119 zapewni\u0107 dost\u0119pno\u015b\u0107 strony internetowej al.edu.pl zgodnie z ustaw\u0105 z dnia 4 kwietnia 2019 r. o dost\u0119pno\u015bci cyfrowej stron internetowych i aplikacji mobilnych podmiot\u00f3w publicznych. O\u015bwiadczenie w sprawie dost\u0119pno\u015bci ma zastosowanie do serwisu internetowego\u00a0al.edu.pl\/mba Daty publikacji i aktualizacji Stan dost\u0119pno\u015bci cyfrowej Serwis internetowy jest zgodny z ustaw\u0105 o dost\u0119pno\u015bci cyfrowej stron internetowych [&hellip;]<\/p>\n","protected":false},"author":1,"featured_media":0,"parent":0,"menu_order":0,"comment_status":"closed","ping_status":"closed","template":"","meta":{"footnotes":""},"class_list":["post-349","page","type-page","status-publish","hentry"],"_links":{"self":[{"href":"https:\/\/al.edu.pl\/mba\/wp-json\/wp\/v2\/pages\/349","targetHints":{"allow":["GET"]}}],"collection":[{"href":"https:\/\/al.edu.pl\/mba\/wp-json\/wp\/v2\/pages"}],"about":[{"href":"https:\/\/al.edu.pl\/mba\/wp-json\/wp\/v2\/types\/page"}],"author":[{"embeddable":true,"href":"https:\/\/al.edu.pl\/mba\/wp-json\/wp\/v2\/users\/1"}],"replies":[{"embeddable":true,"href":"https:\/\/al.edu.pl\/mba\/wp-json\/wp\/v2\/comments?post=349"}],"version-history":[{"count":3,"href":"https:\/\/al.edu.pl\/mba\/wp-json\/wp\/v2\/pages\/349\/revisions"}],"predecessor-version":[{"id":353,"href":"https:\/\/al.edu.pl\/mba\/wp-json\/wp\/v2\/pages\/349\/revisions\/353"}],"wp:attachment":[{"href":"https:\/\/al.edu.pl\/mba\/wp-json\/wp\/v2\/media?parent=349"}],"curies":[{"name":"wp","href":"https:\/\/api.w.org\/{rel}","templated":true}]}}