{"id":2,"date":"2023-09-11T08:27:56","date_gmt":"2023-09-11T06:27:56","guid":{"rendered":"https:\/\/al.edu.pl\/mba\/?page_id=2"},"modified":"2023-09-11T14:52:11","modified_gmt":"2023-09-11T12:52:11","slug":"przykladowa-strona","status":"publish","type":"page","link":"https:\/\/al.edu.pl\/mba\/","title":{"rendered":"Start"},"content":{"rendered":"\n<h2 class=\"wp-block-heading has-foreground-color has-text-color has-system-font-font-family\" style=\"font-size:4.1rem;font-style:italic;font-weight:700\">&#8222;<\/h2>\n\n\n\n<p>Master of Business Administration to studia podnosz\u0105ce kompetencje przyw\u00f3dcze i mened\u017cerskie os\u00f3b piastuj\u0105cych stanowiska kierownicze, doskonal\u0105ce umiej\u0119tno\u015bci zarz\u0105dzania strategicznego, rozwi\u0105zywania z\u0142o\u017conych problem\u00f3w przyw\u00f3dczych, radzenia sobie z globalnymi aspektami biznesu \u2013 od komunikacji, do gwa\u0142townych przemian natury technologicznej, cywilizacyjnej w warunkach gospodarki 4.0.\u017c\u0105dany w \u015brodowisku mened\u017cer\u00f3w najwy\u017cszego szczebla kierunek studi\u00f3w podyplomowych, kt\u00f3ry znalaz\u0142 si\u0119 w ofercie edukacyjnej Akademii \u0141om\u017cy\u0144skiej. Nasza oferta kszta\u0142cenia dedykowana jest liderom, m.in. menad\u017cerom i kierownikom, przedsi\u0119biorcom, specjalistom ds. finansowych oraz marketingu, pracownikom sektora publicznego, kandydatom na cz\u0142onk\u00f3w Rad Nadzorczych.<\/p>\n","protected":false},"excerpt":{"rendered":"<p>&#8222; Master of Business Administration to studia podnosz\u0105ce kompetencje przyw\u00f3dcze i mened\u017cerskie os\u00f3b piastuj\u0105cych stanowiska kierownicze, doskonal\u0105ce umiej\u0119tno\u015bci zarz\u0105dzania strategicznego, rozwi\u0105zywania z\u0142o\u017conych problem\u00f3w przyw\u00f3dczych, radzenia sobie z globalnymi aspektami biznesu \u2013 od komunikacji, do gwa\u0142townych przemian natury technologicznej, cywilizacyjnej w warunkach gospodarki 4.0.\u017c\u0105dany w \u015brodowisku mened\u017cer\u00f3w najwy\u017cszego szczebla kierunek studi\u00f3w podyplomowych, kt\u00f3ry znalaz\u0142 si\u0119 w [&hellip;]<\/p>\n","protected":false},"author":1,"featured_media":0,"parent":0,"menu_order":0,"comment_status":"closed","ping_status":"open","template":"page-large-header","meta":{"footnotes":""},"class_list":["post-2","page","type-page","status-publish","hentry"],"_links":{"self":[{"href":"https:\/\/al.edu.pl\/mba\/wp-json\/wp\/v2\/pages\/2","targetHints":{"allow":["GET"]}}],"collection":[{"href":"https:\/\/al.edu.pl\/mba\/wp-json\/wp\/v2\/pages"}],"about":[{"href":"https:\/\/al.edu.pl\/mba\/wp-json\/wp\/v2\/types\/page"}],"author":[{"embeddable":true,"href":"https:\/\/al.edu.pl\/mba\/wp-json\/wp\/v2\/users\/1"}],"replies":[{"embeddable":true,"href":"https:\/\/al.edu.pl\/mba\/wp-json\/wp\/v2\/comments?post=2"}],"version-history":[{"count":6,"href":"https:\/\/al.edu.pl\/mba\/wp-json\/wp\/v2\/pages\/2\/revisions"}],"predecessor-version":[{"id":176,"href":"https:\/\/al.edu.pl\/mba\/wp-json\/wp\/v2\/pages\/2\/revisions\/176"}],"wp:attachment":[{"href":"https:\/\/al.edu.pl\/mba\/wp-json\/wp\/v2\/media?parent=2"}],"curies":[{"name":"wp","href":"https:\/\/api.w.org\/{rel}","templated":true}]}}