{"id":2,"date":"2025-02-11T09:09:46","date_gmt":"2025-02-11T09:09:46","guid":{"rendered":"https:\/\/al.edu.pl\/kpo\/?page_id=2"},"modified":"2025-02-11T09:38:40","modified_gmt":"2025-02-11T09:38:40","slug":"sample-page","status":"publish","type":"page","link":"https:\/\/al.edu.pl\/kpo\/sample-page\/","title":{"rendered":"Tematy badawcze"},"content":{"rendered":"\n<h2 class=\"wp-block-heading\"><strong>2024<\/strong><\/h2>\n\n\n\n<h3 class=\"wp-block-heading\"><strong>Badanie 1.\u202fPrognoza popytu na prac\u0119 w wojew\u00f3dztwie podlaskim do 2030 roku<\/strong>&nbsp;<\/h3>\n\n\n\n<p><strong>Celem badania\u202f<\/strong>jest identyfikacja uwarunkowa\u0144 kszta\u0142tuj\u0105cych popyt na prac\u0119 w\u202fwojew\u00f3dztwie podlaskim oraz prognozy popytu na prac\u0119 w regionie w perspektywie 2030 roku.&nbsp;<\/p>\n\n\n\n<p><strong>Koordynator badania: dr Dariusz Per\u0142o<\/strong>&nbsp;<\/p>\n\n\n\n<h3 class=\"wp-block-heading\"><strong>Badanie 2. Dzia\u0142ania promocyjne i wizerunkowe szk\u00f3\u0142 zawodowych z wojew\u00f3dztwa podlaskiego \u2013 modele, narz\u0119dzia, skuteczno\u015b\u0107\u00a0<\/strong><\/h3>\n\n\n\n<p><strong>Celem badania\u202f<\/strong>jest ocena skuteczno\u015bci dzia\u0142a\u0144 promocyjnych i wizerunkowych wykorzystywanych przez szko\u0142y zawodowe woj. podlaskiego, stosowanych w celu komunikacji i budowania relacji z g\u0142\u00f3wnymi grupami interesariuszy \u2013 uczniami (potencjalnymi i\u202faktualnymi), rodzicami, nauczycielami, przedsi\u0119biorcami i innymi instytucjami otoczenia (m.in. jednostkami samorz\u0105dowymi, uczelniami). Na potrzeby badania, za dzia\u0142ania promocyjne uznaje si\u0119 zakres, proces i sposoby implementowania przez szko\u0142y zawodowe narz\u0119dzi promocji (m.in. reklamy tradycyjnej i w mediach spo\u0142eczno\u015bciowych, PR, marketingu bezpo\u015bredniego) do komunikacji z g\u0142\u00f3wnymi grupami interesariuszy, a dzia\u0142ania wizerunkowe definiuje si\u0119 jako aktywno\u015bci marketingowe, kt\u00f3rych g\u0142\u00f3wnym zadaniem jest kszta\u0142towanie postrzegania marki\/image\u2019u poszczeg\u00f3lnych szk\u00f3\u0142 zawodowych oraz og\u00f3lnie szkolnictwa zawodowego jako rodzaju edukacji w \u015bwiadomo\u015bci interesariuszy. Przyjmuje si\u0119, i\u017c skuteczna promocja oznacza dzia\u0142anie posiadaj\u0105ce jasno wyartyku\u0142owany (zrozumia\u0142y dla adresat\u00f3w\/interesariuszy) cel wraz ze wskazaniem metody jego osi\u0105gni\u0119cia.&nbsp;<\/p>\n\n\n\n<p><strong>Koordynator badania: dr Urszula Widelska, prof. A\u0141<\/strong>&nbsp;<\/p>\n\n\n\n<h3 class=\"wp-block-heading\"><strong>Badanie 3. Wsp\u00f3\u0142praca szkolnictwa zawodowego z przedsi\u0119biorstwami a rozw\u00f3j inteligentnych specjalizacji w wojew\u00f3dztwie podlaskim<\/strong>&nbsp;<\/h3>\n\n\n\n<p><strong>Celem badania<\/strong>\u202fjest\u202focena wsp\u00f3\u0142pracy szkolnictwa zawodowego z przedsi\u0119biorstwami przy uwzgl\u0119dnieniu oferty kszta\u0142cenia, dokonana w kontek\u015bcie rozwoju inteligentnych specjalizacji w wojew\u00f3dztwie podlaskim.&nbsp;<\/p>\n\n\n\n<p><strong>Koordynator badania: dr Adam Miara<\/strong>&nbsp;<\/p>\n\n\n\n<h3 class=\"wp-block-heading\"><strong>Analiza 1. Potrzeby podlaskiego rynku pracy w kontek\u015bcie uwarunkowa\u0144 wynikaj\u0105cych z\u202fwalidacji i certyfikacji kwalifikacji nabywanych w ramach edukacji pozaszkolnej (przetw\u00f3rstwo przemys\u0142owe, transport i gospodarka magazynowa)<\/strong>&nbsp;<\/h3>\n\n\n\n<p><strong>Celem analizy\u202f<\/strong>jest identyfikacja potrzeb zawodowo-kwalifikacyjnych podlaskich pracodawc\u00f3w, kt\u00f3re nie mog\u0105 by\u0107 zaspokojone w drodze formalnego kszta\u0142cenia zawodowego w przetw\u00f3rstwie przemys\u0142owym oraz transporcie i gospodarce magazynowej.&nbsp;<\/p>\n\n\n\n<p><strong>Koordynator analizy: dr Edyta D\u0105browska<\/strong>&nbsp;<\/p>\n\n\n\n<h3 class=\"wp-block-heading\"><strong>Analiza 2. Potrzeby podlaskiego rynku pracy w kontek\u015bcie uwarunkowa\u0144 wynikaj\u0105cych z\u202fwalidacji i certyfikacji kwalifikacji nabywanych w ramach edukacji pozaszkolnej (budownictwo, dzia\u0142alno\u015b\u0107 profesjonalna, naukowa i techniczna)<\/strong>&nbsp;<\/h3>\n\n\n\n<p><strong>Celem analizy\u202f<\/strong>jest\u202fidentyfikacja potrzeb zawodowo-kwalifikacyjnych podlaskich pracodawc\u00f3w, kt\u00f3re nie mog\u0105 by\u0107 zaspokojone w drodze formalnego kszta\u0142cenia zawodowego w budownictwie oraz dzia\u0142alno\u015bci profesjonalnej, naukowej i technicznej.&nbsp;<\/p>\n\n\n\n<p><strong>Koordynator analizy: dr Edyta D\u0105browska<\/strong>&nbsp;<\/p>\n\n\n\n<h3 class=\"wp-block-heading\"><strong>Analiza 3. Potrzeby podlaskiego rynku pracy w kontek\u015bcie uwarunkowa\u0144 wynikaj\u0105cych z\u202fwalidacji i certyfikacji kwalifikacji nabywanych w ramach edukacji pozaszkolnej (edukacja, opieka zdrowotna i pomoc spo\u0142eczna)<\/strong>&nbsp;<\/h3>\n\n\n\n<p><strong>Celem analizy\u202f<\/strong>jest identyfikacja potrzeb zawodowo-kwalifikacyjnych podlaskich pracodawc\u00f3w, kt\u00f3re nie mog\u0105 by\u0107 zaspokojone w drodze formalnego kszta\u0142cenia zawodowego w obszarze edukacji oraz opiece zdrowotnej i pomocy spo\u0142ecznej.&nbsp;<\/p>\n\n\n\n<p><strong>Koordynator analizy: dr Edyta D\u0105browska<\/strong>&nbsp;<\/p>\n\n\n\n<h3 class=\"wp-block-heading\"><strong>Analiza 4. Analiza sp\u00f3jno\u015bci oferty kszta\u0142cenia szk\u00f3\u0142 zawodowych w wojew\u00f3dztwie podlaskim z wymogami przysz\u0142ego rynku pracy z uwzgl\u0119dnieniem trend\u00f3w w zakresie zawod\u00f3w przysz\u0142o\u015bci<\/strong>&nbsp;<\/h3>\n\n\n\n<p><strong>Celem analizy\u202f<\/strong>jest\u202fanaliza i ocena sp\u00f3jno\u015bci oferty kszta\u0142cenia szk\u00f3\u0142 zawodowych w\u202fwojew\u00f3dztwie podlaskim z potrzebami przysz\u0142ego rynku pracy.&nbsp;<\/p>\n\n\n\n<p><strong>Koordynator analizy: dr hab. Krystyna Leszczewska, prof. A\u0141<\/strong>&nbsp;<\/p>\n\n\n\n<h3 class=\"wp-block-heading\"><strong>Analiza 5. <\/strong><strong>Przedsi\u0119biorczo\u015b\u0107 i oczekiwania wobec pracy zawodowej w\u015br\u00f3d przedstawicieli pokolenia Z na przyk\u0142adzie wojew\u00f3dztwa podlaskiego \u2013 aspekty psychologiczne i\u202fekonomiczne<\/strong>&nbsp;<\/h3>\n\n\n\n<p><strong>Celem analizy\u202f<\/strong>jest\u202fanaliza i ocena uwarunkowa\u0144 postaw przedsi\u0119biorczych oraz oczekiwa\u0144 wzgl\u0119dem pracy i kariery zawodowej przedstawicieli pokolenia Z wojew\u00f3dztwa podlaskiego.&nbsp;<\/p>\n\n\n\n<p><strong>Koordynator analizy: dr Anna Kowalczyk-Kroenke<\/strong>&nbsp;<\/p>\n","protected":false},"excerpt":{"rendered":"<p>2024 Badanie 1.\u202fPrognoza popytu na prac\u0119 w wojew\u00f3dztwie podlaskim do 2030 roku&nbsp; Celem badania\u202fjest identyfikacja uwarunkowa\u0144 kszta\u0142tuj\u0105cych popyt na prac\u0119 w\u202fwojew\u00f3dztwie podlaskim oraz prognozy popytu na prac\u0119 w regionie w perspektywie 2030 roku.&nbsp; Koordynator badania: dr Dariusz Per\u0142o&nbsp; Badanie 2. Dzia\u0142ania promocyjne i wizerunkowe szk\u00f3\u0142 zawodowych z wojew\u00f3dztwa podlaskiego \u2013 modele, narz\u0119dzia, skuteczno\u015b\u0107\u00a0 Celem badania\u202fjest [&hellip;]<\/p>\n","protected":false},"author":1,"featured_media":0,"parent":0,"menu_order":0,"comment_status":"closed","ping_status":"open","template":"","meta":{"footnotes":""},"class_list":["post-2","page","type-page","status-publish","hentry"],"_links":{"self":[{"href":"https:\/\/al.edu.pl\/kpo\/wp-json\/wp\/v2\/pages\/2","targetHints":{"allow":["GET"]}}],"collection":[{"href":"https:\/\/al.edu.pl\/kpo\/wp-json\/wp\/v2\/pages"}],"about":[{"href":"https:\/\/al.edu.pl\/kpo\/wp-json\/wp\/v2\/types\/page"}],"author":[{"embeddable":true,"href":"https:\/\/al.edu.pl\/kpo\/wp-json\/wp\/v2\/users\/1"}],"replies":[{"embeddable":true,"href":"https:\/\/al.edu.pl\/kpo\/wp-json\/wp\/v2\/comments?post=2"}],"version-history":[{"count":3,"href":"https:\/\/al.edu.pl\/kpo\/wp-json\/wp\/v2\/pages\/2\/revisions"}],"predecessor-version":[{"id":15,"href":"https:\/\/al.edu.pl\/kpo\/wp-json\/wp\/v2\/pages\/2\/revisions\/15"}],"wp:attachment":[{"href":"https:\/\/al.edu.pl\/kpo\/wp-json\/wp\/v2\/media?parent=2"}],"curies":[{"name":"wp","href":"https:\/\/api.w.org\/{rel}","templated":true}]}}