{"id":19,"date":"2025-02-11T09:55:39","date_gmt":"2025-02-11T09:55:39","guid":{"rendered":"https:\/\/al.edu.pl\/kpo\/?page_id=19"},"modified":"2025-02-25T14:16:47","modified_gmt":"2025-02-25T14:16:47","slug":"publikacje","status":"publish","type":"page","link":"https:\/\/al.edu.pl\/kpo\/publikacje\/","title":{"rendered":"Publikacje"},"content":{"rendered":"\n<p><a href=\"https:\/\/al.edu.pl\/kpo\/wp-content\/uploads\/2025\/02\/Przedsiebiorczosc-i-oczekiwania-wobec-pracy-zawodowej-wsrod-przedstawiciel.skiego.pdf\" data-type=\"link\" data-id=\"https:\/\/al.edu.pl\/kpo\/wp-content\/uploads\/2025\/02\/Przedsiebiorczosc-i-oczekiwania-wobec-pracy-zawodowej-wsrod-przedstawiciel.skiego.pdf\">Przedsi\u0119biorczo\u015b\u0107 i oczekiwania wobec pracy zawodowej w\u015br\u00f3d przedstawiciel&#8230;skiego (pdf)<\/a><\/p>\n\n\n\n<p><a href=\"https:\/\/al.edu.pl\/kpo\/wp-content\/uploads\/2025\/02\/Prognoza-popytu-na-prace-w-wojewodztwie-podlaskim-do-2030-roku.pdf\" data-type=\"link\" data-id=\"https:\/\/al.edu.pl\/kpo\/wp-content\/uploads\/2025\/02\/Prognoza-popytu-na-prace-w-wojewodztwie-podlaskim-do-2030-roku.pdf\">Prognoza popytu na prac\u0119 w wojew\u00f3dztwie podlaskim do 2030 roku (pdf)<\/a><\/p>\n\n\n\n<p><a href=\"https:\/\/al.edu.pl\/kpo\/wp-content\/uploads\/2025\/02\/Potrzeby-podlaskiego-rynku-pracy.-przetworstwo-przemyslowe-transport-i.ynowa_.pdf\">Potrzeby podlaskiego rynku pracy\u2026 (przetw\u00f3rstwo przemys\u0142owe, transport i\u2026ynowa) (pdf)<\/a><\/p>\n\n\n\n<p><a href=\"https:\/\/al.edu.pl\/kpo\/wp-content\/uploads\/2025\/02\/Potrzeby-podlaskiego-rynku-pracy.-edukacja-opieka-zdrowotna-i-pomoc-sp.eczna_.pdf\">Potrzeby podlaskiego rynku pracy\u2026 (edukacja, opieka zdrowotna i pomoc sp\u2026eczna) (pdf)<\/a><\/p>\n\n\n\n<p><a href=\"https:\/\/al.edu.pl\/kpo\/wp-content\/uploads\/2025\/02\/Potrzeby-podlaskiego-rynku-pracy.-budownictwo-dzialalnosc-profesjonaln.iczna_.pdf\">Potrzeby podlaskiego rynku pracy\u2026 (budownictwo, dzia\u0142alno\u015b\u0107 profesjonaln\u2026iczna) (pdf)<\/a><\/p>\n\n\n\n<p><a href=\"https:\/\/al.edu.pl\/kpo\/wp-content\/uploads\/2025\/02\/Analiza-spojnosci-oferty-ksztalcenia-szkol-zawodowych-w-wojewodztwie-podla.-pracy.pdf\">Analiza sp\u00f3jno\u015bci oferty kszta\u0142cenia szk\u00f3\u0142 zawodowych w wojew\u00f3dztwie podla\u2026 pracy (pdf)<\/a><\/p>\n","protected":false},"excerpt":{"rendered":"<p>Przedsi\u0119biorczo\u015b\u0107 i oczekiwania wobec pracy zawodowej w\u015br\u00f3d przedstawiciel&#8230;skiego (pdf) Prognoza popytu na prac\u0119 w wojew\u00f3dztwie podlaskim do 2030 roku (pdf) Potrzeby podlaskiego rynku pracy\u2026 (przetw\u00f3rstwo przemys\u0142owe, transport i\u2026ynowa) (pdf) Potrzeby podlaskiego rynku pracy\u2026 (edukacja, opieka zdrowotna i pomoc sp\u2026eczna) (pdf) Potrzeby podlaskiego rynku pracy\u2026 (budownictwo, dzia\u0142alno\u015b\u0107 profesjonaln\u2026iczna) (pdf) Analiza sp\u00f3jno\u015bci oferty kszta\u0142cenia szk\u00f3\u0142 zawodowych w [&hellip;]<\/p>\n","protected":false},"author":1,"featured_media":0,"parent":0,"menu_order":0,"comment_status":"closed","ping_status":"closed","template":"","meta":{"footnotes":""},"class_list":["post-19","page","type-page","status-publish","hentry"],"_links":{"self":[{"href":"https:\/\/al.edu.pl\/kpo\/wp-json\/wp\/v2\/pages\/19","targetHints":{"allow":["GET"]}}],"collection":[{"href":"https:\/\/al.edu.pl\/kpo\/wp-json\/wp\/v2\/pages"}],"about":[{"href":"https:\/\/al.edu.pl\/kpo\/wp-json\/wp\/v2\/types\/page"}],"author":[{"embeddable":true,"href":"https:\/\/al.edu.pl\/kpo\/wp-json\/wp\/v2\/users\/1"}],"replies":[{"embeddable":true,"href":"https:\/\/al.edu.pl\/kpo\/wp-json\/wp\/v2\/comments?post=19"}],"version-history":[{"count":3,"href":"https:\/\/al.edu.pl\/kpo\/wp-json\/wp\/v2\/pages\/19\/revisions"}],"predecessor-version":[{"id":178,"href":"https:\/\/al.edu.pl\/kpo\/wp-json\/wp\/v2\/pages\/19\/revisions\/178"}],"wp:attachment":[{"href":"https:\/\/al.edu.pl\/kpo\/wp-json\/wp\/v2\/media?parent=19"}],"curies":[{"name":"wp","href":"https:\/\/api.w.org\/{rel}","templated":true}]}}