{"id":10,"date":"2025-02-11T09:27:34","date_gmt":"2025-02-11T09:27:34","guid":{"rendered":"https:\/\/al.edu.pl\/kpo\/?page_id=10"},"modified":"2025-02-14T10:16:54","modified_gmt":"2025-02-14T10:16:54","slug":"start","status":"publish","type":"page","link":"https:\/\/al.edu.pl\/kpo\/","title":{"rendered":"O projekcie"},"content":{"rendered":"\n<p><strong>Projekt pn. \u201eZbudowanie systemu koordynacji i monitorowania regionalnych dzia\u0142a\u0144 na rzecz kszta\u0142cenia zawodowego, szkolnictwa wy\u017cszego oraz uczenia si\u0119 przez ca\u0142e \u017cycie, w tym uczenia si\u0119 doros\u0142ych\u201d<\/strong>&nbsp;<\/p>\n\n\n\n<figure class=\"wp-block-image size-full\"><img loading=\"lazy\" decoding=\"async\" width=\"1546\" height=\"152\" src=\"https:\/\/al.edu.pl\/kpo\/wp-content\/uploads\/2025\/02\/606cd7f4-5c52-4cc2-89ea-7f69bd0b6e2c.jpeg\" alt=\"logo krajowy plan odbudowy, rzeczpospolita polska, sfinansowane przez uni\u0119, podlaskie\" class=\"wp-image-56\" srcset=\"https:\/\/al.edu.pl\/kpo\/wp-content\/uploads\/2025\/02\/606cd7f4-5c52-4cc2-89ea-7f69bd0b6e2c.jpeg 1546w, https:\/\/al.edu.pl\/kpo\/wp-content\/uploads\/2025\/02\/606cd7f4-5c52-4cc2-89ea-7f69bd0b6e2c-300x29.jpeg 300w, https:\/\/al.edu.pl\/kpo\/wp-content\/uploads\/2025\/02\/606cd7f4-5c52-4cc2-89ea-7f69bd0b6e2c-1024x101.jpeg 1024w, https:\/\/al.edu.pl\/kpo\/wp-content\/uploads\/2025\/02\/606cd7f4-5c52-4cc2-89ea-7f69bd0b6e2c-768x76.jpeg 768w, https:\/\/al.edu.pl\/kpo\/wp-content\/uploads\/2025\/02\/606cd7f4-5c52-4cc2-89ea-7f69bd0b6e2c-1536x151.jpeg 1536w\" sizes=\"auto, (max-width: 1546px) 100vw, 1546px\" \/><\/figure>\n\n\n\n<p>Realizowany przez:&nbsp;<\/p>\n\n\n\n<ol start=\"1\" class=\"wp-block-list\">\n<li><strong>Wojew\u00f3dztwo Podlaskie w imieniu kt\u00f3rego, w zakresie realizacji projektu dzia\u0142a Wojew\u00f3dzki Urz\u0105d Pracy w Bia\u0142ymstoku <\/strong>\u2013 Lider Projektu;&nbsp;<\/li>\n<\/ol>\n\n\n\n<ol start=\"2\" class=\"wp-block-list\">\n<li><strong>Akademi\u0119 \u0141om\u017cy\u0144sk\u0105, Politechnik\u0119 Bia\u0142ostock\u0105, Uniwersytet w Bia\u0142ymstoku<\/strong> \u2013 Partnerzy Projektu.&nbsp;<\/li>\n<\/ol>\n\n\n\n<p>\u0179r\u00f3d\u0142o finansowania: <strong>\u015brodki z Krajowego Planu Odbudowy i Zwi\u0119kszenia Odporno\u015bci, inwestycja A3.1.1. Wsparcie rozwoju nowoczesnego kszta\u0142cenia zawodowego, szkolnictwa wy\u017cszego oraz uczenia si\u0119 przez ca\u0142e \u017cycie.<\/strong>&nbsp;<br>Nr umowy: <strong>KPO\/22\/LLL\/U\/0004<\/strong>&nbsp;<br>Okres realizacji: <strong>01.04.2023 r. \u2013 30.06.2026 r.<\/strong>&nbsp;<br>Warto\u015b\u0107 ca\u0142kowita projektu: <strong>21\u202f500\u202f000,00 PLN, <\/strong>w tym warto\u015b\u0107 zada\u0144 realizowanych przez A\u0141:&nbsp;<\/p>\n\n\n\n<p><strong>2 122\u202f600,00 PLN<\/strong>&nbsp;<br>Kierownik zada\u0144 realizowanych przez A\u0141<strong>:<\/strong>\u202f<strong>dr hab. Cecylia Sadowska-Snarska, prof. A\u0141<\/strong>&nbsp;<\/p>\n\n\n\n<p>Akademia \u0141om\u017cy\u0144ska jest jednym z partner\u00f3w projektu\u202f<strong>pn.\u202f\u201eZbudowanie systemu koordynacji i\u202fmonitorowania regionalnych dzia\u0142a\u0144 na rzecz kszta\u0142cenia zawodowego, szkolnictwa wy\u017cszego oraz uczenia si\u0119 przez ca\u0142e \u017cycie, w tym uczenia si\u0119 doros\u0142ych\u201d<\/strong>, w ramach kt\u00f3rego realizowane s\u0105 dwa zadania: \u201eRealizacja bada\u0144 i analiz\u201d oraz \u201eAnaliza dostosowania kszta\u0142cenia zawodowego w woj. podlaskim do potrzeb regionalnego rynku pracy, z uwzgl\u0119dnieniem bran\u017c kluczowych oraz regionalnych inteligentnych specjalizacji\u201d. W realizacj\u0119 przedmiotowych zada\u0144 zaanga\u017cowani s\u0105 pracownicy Katedry Ekonomii i Finans\u00f3w Wydzia\u0142u Nauk Spo\u0142ecznych i Humanistycznych w Akademii \u0141om\u017cy\u0144skiej.&nbsp;<\/p>\n\n\n\n<h2 class=\"wp-block-heading\"><strong>Zadanie 1 \u2013 Realizacja bada\u0144\u202fi analiz<\/strong>&nbsp;<\/h2>\n\n\n\n<p>Pracownicy Katedry Ekonomii i Finans\u00f3w zrealizuj\u0105 18 temat\u00f3w badawczych, kt\u00f3re<strong> <\/strong>b\u0119d\u0105 dotyczy\u0107 nast\u0119puj\u0105cych obszar\u00f3w:&nbsp;<\/p>\n\n\n\n<ol start=\"1\" class=\"wp-block-list\">\n<li><strong>jako\u015bci oferty edukacyjnej i kszta\u0142cenia zawodowego w systemie o\u015bwiaty <\/strong>(na poziomie bran\u017cowym, \u015brednim i wy\u017cszym), rzemio\u015ble oraz rozwi\u0105za\u0144 edukacyjnych dla os\u00f3b doros\u0142ych w odniesieniu do potrzeb regionalnego rynku pracy; mo\u017cliwo\u015bci wspierania kszta\u0142cenia w tzw. &#8220;zawodach przysz\u0142o\u015bci&#8221; i bran\u017cach wskazanych jako inteligentne specjalizacje regionu; dzia\u0142a\u0144 podejmowanych w obszarze polityki na rzecz rozwoju umiej\u0119tno\u015bci w regionie oraz efektywno\u015bci tych dzia\u0142a\u0144;&nbsp;<\/li>\n<\/ol>\n\n\n\n<ol start=\"2\" class=\"wp-block-list\">\n<li><strong>dopasowania oferty edukacji i kszta\u0142cenia zawodowego <\/strong>w systemie o\u015bwiaty i w rzemio\u015ble oraz rozwi\u0105za\u0144 edukacyjnych dla os\u00f3b doros\u0142ych <strong>do potrzeb pracodawc\u00f3w na poziomie subregion\u00f3w i w wybranych bran\u017cach<\/strong>; zapotrzebowania rynku pracy i regionalnej gospodarki na umiej\u0119tno\u015bci, kwalifikacje i zawody kszta\u0142cone w regionie w uj\u0119ciu bran\u017cowym; wymaga\u0144 stanowiskowych u przedsi\u0119biorc\u00f3w zatrudniaj\u0105cych absolwent\u00f3w szk\u00f3\u0142 bran\u017cowych, \u015brednich i wy\u017cszych oraz identyfikacja luki kompetencyjnej, czyli rozbie\u017cno\u015bci pomi\u0119dzy efektami kszta\u0142cenia a realnymi wymaganiami stanowisk pracy w uj\u0119ciu bran\u017cowym;&nbsp;<\/li>\n<\/ol>\n\n\n\n<ol start=\"3\" class=\"wp-block-list\">\n<li><strong>diagnozy stanu kszta\u0142cenia praktycznego <\/strong>(na poziomie bran\u017cowym, \u015brednim i wy\u017cszym) <strong>i<\/strong>\u202f<strong>analiza dzia\u0142a\u0144 promuj\u0105cych kszta\u0142cenie zawodowe i uczenie si\u0119 przez ca\u0142e \u017cycie w\u202fregionie<\/strong>; wsp\u00f3\u0142pracy szk\u00f3\u0142 z pracodawcami w regionie w zakresie kszta\u0142cenia praktycznego (na poziomie bran\u017cowym, \u015brednim i wy\u017cszym) oraz w wybranych bran\u017cach; stanu doradztwa i\u202fporadnictwa zawodowego w zakresie kszta\u0142cenia bran\u017cowego, wy\u017cszego i ustawicznego, i\u202fw\u202fr\u00f3\u017cnych bran\u017cach oraz oferty edukacyjnej i mo\u017cliwo\u015bci doskonalenia dla doradc\u00f3w zawodowych.&nbsp;<\/li>\n<\/ol>\n\n\n\n<p>Zakres tematyczny analiz i bada\u0144 jest \u015bci\u015ble powi\u0105zany z celem g\u0142\u00f3wnym projektu i wpisuje si\u0119 w\u202fza\u0142o\u017cenia inwestycji KPO i ZSU.&nbsp;<\/p>\n\n\n\n<h2 class=\"wp-block-heading\"><strong>Zadanie 2 \u2013 Analiza dostosowania kszta\u0142cenia zawodowego w woj. podlaskim do potrzeb regionalnego rynku pracy, z uwzgl\u0119dnieniem bran\u017c kluczowych oraz regionalnych inteligentnych specjalizacji<\/strong>.&nbsp;<\/h2>\n\n\n\n<p>W ramach zadania, kt\u00f3rego g\u0142\u00f3wnym koordynatorem jest Akademia \u0141om\u017cy\u0144ska, zostan\u0105 podj\u0119te nast\u0119puj\u0105ce dzia\u0142ania:&nbsp;<\/p>\n\n\n\n<ol start=\"1\" class=\"wp-block-list\">\n<li>Opracowanie ekspertyzy pt. \u201e<em>Koncepcji analizy dostosowania kszta\u0142cenia w szko\u0142ach zawodowych woj. podlaskiego do potrzeb rynku pracy i pracodawc\u00f3w<\/em><strong>\u201d.<\/strong>&nbsp;<\/li>\n<\/ol>\n\n\n\n<ol start=\"2\" class=\"wp-block-list\">\n<li>Opracowanie ekspertyzy pt. \u201e<em>Koncepcji procedury analizy dostosowania kszta\u0142cenia w\u202fszko\u0142ach zawodowych woj. podlaskiego do potrzeb rynku pracy i pracodawc\u00f3w<\/em><strong>\u201d.<\/strong>&nbsp;<\/li>\n<\/ol>\n\n\n\n<ol start=\"3\" class=\"wp-block-list\">\n<li>Powo\u0142anie Zespo\u0142u ds. analizy dostosowania edukacji zawodowej do potrzeb rynku pracy i\u202fpracodawc\u00f3w w woj. podlaskim (ZAD). Podstawowym zadaniem Zespo\u0142u, w sk\u0142ad kt\u00f3rego wchodz\u0105 przedstawiciele pracodawc\u00f3w, Kuratorium O\u015bwiaty w Bia\u0142ymstoku, Centrum Edukacji Nauczycieli, organ\u00f3w prowadz\u0105cych, instytucji rynku pracy oraz uczelni wy\u017cszych, jest koordynacja ca\u0142okszta\u0142tu dzia\u0142a\u0144 maj\u0105cych na celu dokonanie analizy dostosowania kszta\u0142cenia w poszczeg\u00f3lnych zawodach w szko\u0142ach, zorientowanego na potrzeby regionalnego rynku pracy, w tym bran\u017c kluczowych i regionalnych inteligentnych specjalizacji.&nbsp;<\/li>\n<\/ol>\n\n\n\n<ol start=\"4\" class=\"wp-block-list\">\n<li>Wizyty doradcze zespo\u0142\u00f3w eksperckich, w tym przedstawicieli pracodawc\u00f3w, w co najmniej 50 szko\u0142ach bran\u017cowych oraz technikach z woj. podlaskiego oraz wypracowanie raport\u00f3w merytorycznych zawieraj\u0105cych ocen\u0119 i rekomendacje odno\u015bnie stopnia dostosowania kszta\u0142cenia w poszczeg\u00f3lnych zawodach do potrzeb regionalnego rynku pracy. Raporty b\u0119d\u0105 podstaw\u0105 analiz przez ZAD.&nbsp;<\/li>\n<\/ol>\n","protected":false},"excerpt":{"rendered":"<p>Projekt pn. \u201eZbudowanie systemu koordynacji i monitorowania regionalnych dzia\u0142a\u0144 na rzecz kszta\u0142cenia zawodowego, szkolnictwa wy\u017cszego oraz uczenia si\u0119 przez ca\u0142e \u017cycie, w tym uczenia si\u0119 doros\u0142ych\u201d&nbsp; Realizowany przez:&nbsp; \u0179r\u00f3d\u0142o finansowania: \u015brodki z Krajowego Planu Odbudowy i Zwi\u0119kszenia Odporno\u015bci, inwestycja A3.1.1. Wsparcie rozwoju nowoczesnego kszta\u0142cenia zawodowego, szkolnictwa wy\u017cszego oraz uczenia si\u0119 przez ca\u0142e \u017cycie.&nbsp;Nr umowy: KPO\/22\/LLL\/U\/0004&nbsp;Okres [&hellip;]<\/p>\n","protected":false},"author":1,"featured_media":0,"parent":0,"menu_order":0,"comment_status":"closed","ping_status":"closed","template":"","meta":{"footnotes":""},"class_list":["post-10","page","type-page","status-publish","hentry"],"_links":{"self":[{"href":"https:\/\/al.edu.pl\/kpo\/wp-json\/wp\/v2\/pages\/10","targetHints":{"allow":["GET"]}}],"collection":[{"href":"https:\/\/al.edu.pl\/kpo\/wp-json\/wp\/v2\/pages"}],"about":[{"href":"https:\/\/al.edu.pl\/kpo\/wp-json\/wp\/v2\/types\/page"}],"author":[{"embeddable":true,"href":"https:\/\/al.edu.pl\/kpo\/wp-json\/wp\/v2\/users\/1"}],"replies":[{"embeddable":true,"href":"https:\/\/al.edu.pl\/kpo\/wp-json\/wp\/v2\/comments?post=10"}],"version-history":[{"count":9,"href":"https:\/\/al.edu.pl\/kpo\/wp-json\/wp\/v2\/pages\/10\/revisions"}],"predecessor-version":[{"id":169,"href":"https:\/\/al.edu.pl\/kpo\/wp-json\/wp\/v2\/pages\/10\/revisions\/169"}],"wp:attachment":[{"href":"https:\/\/al.edu.pl\/kpo\/wp-json\/wp\/v2\/media?parent=10"}],"curies":[{"name":"wp","href":"https:\/\/api.w.org\/{rel}","templated":true}]}}