{"id":2,"date":"2023-05-05T11:07:10","date_gmt":"2023-05-05T09:07:10","guid":{"rendered":"https:\/\/ansl.edu.pl\/sdbz\/?page_id=2"},"modified":"2025-05-07T12:45:02","modified_gmt":"2025-05-07T10:45:02","slug":"program","status":"publish","type":"page","link":"https:\/\/al.edu.pl\/kebz\/program\/","title":{"rendered":"Program"},"content":{"rendered":"\n<p class=\"has-text-align-center\">Wydzia\u0142 Nauk o Zdrowiu <br>Akademia \u0141om\u017cy\u0144ska <br>ul. Akademicka 1, Aula im. prof. Antoniego\u00a0Jakubczaka<br><strong>6 czerwca 2025 r.<\/strong><\/p>\n\n\n\n<p>10.00\u00a0&#8211; 10.15 \u2013\u00a0Uroczyste otwarcie Kampanii Edukacyjnej<\/p>\n\n\n\n<p>10.15 &#8211; 10.40 \u2013 dr in\u017c. Bartosz Kruszewski (SGGW) ,,Co kryje si\u0119 w adaptogenach&#8221;<\/p>\n\n\n\n<p>10.40 &#8211; 11.10 \u2013 dr in\u017c.\u00a0Marta Pawelczyk (A\u0141) \u201eNutrigenetyka \u2013 wymagania \u017cywieniowe zapisane w genach\u201d<\/p>\n\n\n\n<p>11.10 &#8211; 11.40 \u2013 dr Marta \u017bebrowska-Gamdzyk (A\u0141) \u201eJak zadba\u0107 o swoje nawyki \u017cywieniowe?<\/p>\n\n\n\n<p>11.40 &#8211; 12.00 \u2013 dr Pawe\u0142 Arnista (A\u0141) \u201eAktywno\u015b\u0107 fizyczna kluczowym elementem zdrowego stylu \u017cycia\u201d<\/p>\n\n\n\n<p>12.00 &#8211; 14.00 \u2013 Piknik<\/p>\n","protected":false},"excerpt":{"rendered":"<p>Wydzia\u0142 Nauk o Zdrowiu Akademia \u0141om\u017cy\u0144ska ul. Akademicka 1, Aula im. prof. Antoniego\u00a0Jakubczaka6 czerwca 2025 r. 10.00\u00a0&#8211; 10.15 \u2013\u00a0Uroczyste otwarcie Kampanii Edukacyjnej 10.15 &#8211; 10.40 \u2013 dr in\u017c. Bartosz Kruszewski [&hellip;]<\/p>\n","protected":false},"author":1,"featured_media":0,"parent":0,"menu_order":0,"comment_status":"closed","ping_status":"open","template":"","meta":{"footnotes":""},"class_list":["post-2","page","type-page","status-publish","hentry"],"_links":{"self":[{"href":"https:\/\/al.edu.pl\/kebz\/wp-json\/wp\/v2\/pages\/2","targetHints":{"allow":["GET"]}}],"collection":[{"href":"https:\/\/al.edu.pl\/kebz\/wp-json\/wp\/v2\/pages"}],"about":[{"href":"https:\/\/al.edu.pl\/kebz\/wp-json\/wp\/v2\/types\/page"}],"author":[{"embeddable":true,"href":"https:\/\/al.edu.pl\/kebz\/wp-json\/wp\/v2\/users\/1"}],"replies":[{"embeddable":true,"href":"https:\/\/al.edu.pl\/kebz\/wp-json\/wp\/v2\/comments?post=2"}],"version-history":[{"count":20,"href":"https:\/\/al.edu.pl\/kebz\/wp-json\/wp\/v2\/pages\/2\/revisions"}],"predecessor-version":[{"id":164,"href":"https:\/\/al.edu.pl\/kebz\/wp-json\/wp\/v2\/pages\/2\/revisions\/164"}],"wp:attachment":[{"href":"https:\/\/al.edu.pl\/kebz\/wp-json\/wp\/v2\/media?parent=2"}],"curies":[{"name":"wp","href":"https:\/\/api.w.org\/{rel}","templated":true}]}}