{"id":131,"date":"2023-07-03T10:17:25","date_gmt":"2023-07-03T08:17:25","guid":{"rendered":"https:\/\/ansl.edu.pl\/sdbz\/?page_id=131"},"modified":"2025-03-28T11:17:59","modified_gmt":"2025-03-28T10:17:59","slug":"wyklady","status":"publish","type":"page","link":"https:\/\/al.edu.pl\/kebz\/wyklady\/","title":{"rendered":"Wyk\u0142ady"},"content":{"rendered":"\n<figure class=\"wp-block-embed is-type-video is-provider-youtube wp-block-embed-youtube wp-embed-aspect-16-9 wp-has-aspect-ratio\"><div class=\"wp-block-embed__wrapper\">\n<iframe loading=\"lazy\" title=\"&quot;Fortyfikacja \u017cywno\u015bci \u017cywno\u015bci\u0105&quot; dr in\u017c. Bartosz Kruszewski\" width=\"1140\" height=\"641\" src=\"https:\/\/www.youtube.com\/embed\/Plf27dttIe4?feature=oembed\" frameborder=\"0\" allow=\"accelerometer; autoplay; clipboard-write; encrypted-media; gyroscope; picture-in-picture; web-share\" referrerpolicy=\"strict-origin-when-cross-origin\" allowfullscreen><\/iframe>\n<\/div><\/figure>\n\n\n\n<figure class=\"wp-block-embed is-type-video is-provider-youtube wp-block-embed-youtube wp-embed-aspect-16-9 wp-has-aspect-ratio\"><div class=\"wp-block-embed__wrapper\">\n<iframe loading=\"lazy\" title=\"Owady na talerzu - czy to bezpieczne?\" width=\"1140\" height=\"641\" src=\"https:\/\/www.youtube.com\/embed\/OMIedFMyhL8?feature=oembed\" frameborder=\"0\" allow=\"accelerometer; autoplay; clipboard-write; encrypted-media; gyroscope; picture-in-picture; web-share\" referrerpolicy=\"strict-origin-when-cross-origin\" allowfullscreen><\/iframe>\n<\/div><\/figure>\n\n\n\n<figure class=\"wp-block-embed is-type-video is-provider-youtube wp-block-embed-youtube wp-embed-aspect-16-9 wp-has-aspect-ratio\"><div class=\"wp-block-embed__wrapper\">\n<iframe loading=\"lazy\" title=\"Zanieczyszczenia w \u017cywno\u015bci\" width=\"1140\" height=\"641\" src=\"https:\/\/www.youtube.com\/embed\/SdNvHptb8lQ?feature=oembed\" frameborder=\"0\" allow=\"accelerometer; autoplay; clipboard-write; encrypted-media; gyroscope; picture-in-picture; web-share\" referrerpolicy=\"strict-origin-when-cross-origin\" allowfullscreen><\/iframe>\n<\/div><\/figure>\n\n\n\n<figure class=\"wp-block-embed is-type-video is-provider-youtube wp-block-embed-youtube wp-embed-aspect-16-9 wp-has-aspect-ratio\"><div class=\"wp-block-embed__wrapper\">\n<iframe loading=\"lazy\" title=\"Trendy w bezpiecze\u0144stwie \u017cywno\u015bci\" width=\"1140\" height=\"641\" src=\"https:\/\/www.youtube.com\/embed\/wXvn5w4_yWQ?feature=oembed\" frameborder=\"0\" allow=\"accelerometer; autoplay; clipboard-write; encrypted-media; gyroscope; picture-in-picture; web-share\" referrerpolicy=\"strict-origin-when-cross-origin\" allowfullscreen><\/iframe>\n<\/div><\/figure>\n","protected":false},"excerpt":{"rendered":"","protected":false},"author":1,"featured_media":0,"parent":0,"menu_order":0,"comment_status":"closed","ping_status":"closed","template":"","meta":{"footnotes":""},"class_list":["post-131","page","type-page","status-publish","hentry"],"_links":{"self":[{"href":"https:\/\/al.edu.pl\/kebz\/wp-json\/wp\/v2\/pages\/131","targetHints":{"allow":["GET"]}}],"collection":[{"href":"https:\/\/al.edu.pl\/kebz\/wp-json\/wp\/v2\/pages"}],"about":[{"href":"https:\/\/al.edu.pl\/kebz\/wp-json\/wp\/v2\/types\/page"}],"author":[{"embeddable":true,"href":"https:\/\/al.edu.pl\/kebz\/wp-json\/wp\/v2\/users\/1"}],"replies":[{"embeddable":true,"href":"https:\/\/al.edu.pl\/kebz\/wp-json\/wp\/v2\/comments?post=131"}],"version-history":[{"count":6,"href":"https:\/\/al.edu.pl\/kebz\/wp-json\/wp\/v2\/pages\/131\/revisions"}],"predecessor-version":[{"id":148,"href":"https:\/\/al.edu.pl\/kebz\/wp-json\/wp\/v2\/pages\/131\/revisions\/148"}],"wp:attachment":[{"href":"https:\/\/al.edu.pl\/kebz\/wp-json\/wp\/v2\/media?parent=131"}],"curies":[{"name":"wp","href":"https:\/\/api.w.org\/{rel}","templated":true}]}}