{"id":13,"date":"2023-05-05T11:40:27","date_gmt":"2023-05-05T09:40:27","guid":{"rendered":"https:\/\/ansl.edu.pl\/sdbz\/?page_id=13"},"modified":"2025-05-06T08:47:39","modified_gmt":"2025-05-06T06:47:39","slug":"kontakt","status":"publish","type":"page","link":"https:\/\/al.edu.pl\/kebz\/kontakt\/","title":{"rendered":"Kontakt"},"content":{"rendered":"\n<p><strong>Organizator:<\/strong><\/p>\n\n\n\n<p><strong>Wydzia\u0142 Nauk o Zdrowiu<br>Zak\u0142ad Technologii i Bezpiecze\u0144stwa \u017bywno\u015bci<\/strong><\/p>\n\n\n\n<p>Akademia \u0141om\u017cy\u0144ska<br>Akademicka 1<br>18-400 \u0141om\u017ca<\/p>\n\n\n\n<p><strong>Koordynator wydarzenia:<\/strong><\/p>\n\n\n\n<p><strong>dr Piotr Karpi\u0144ski<\/strong><br>e-mail:\u00a0pkarpinski@al.edu.pl<br>tel. 608 302 084<\/p>\n","protected":false},"excerpt":{"rendered":"<p>Organizator: Wydzia\u0142 Nauk o ZdrowiuZak\u0142ad Technologii i Bezpiecze\u0144stwa \u017bywno\u015bci Akademia \u0141om\u017cy\u0144skaAkademicka 118-400 \u0141om\u017ca Koordynator wydarzenia: dr Piotr Karpi\u0144skie-mail:\u00a0pkarpinski@al.edu.pltel. 608 302 084<\/p>\n","protected":false},"author":1,"featured_media":0,"parent":0,"menu_order":0,"comment_status":"closed","ping_status":"closed","template":"","meta":{"footnotes":""},"class_list":["post-13","page","type-page","status-publish","hentry"],"_links":{"self":[{"href":"https:\/\/al.edu.pl\/kebz\/wp-json\/wp\/v2\/pages\/13","targetHints":{"allow":["GET"]}}],"collection":[{"href":"https:\/\/al.edu.pl\/kebz\/wp-json\/wp\/v2\/pages"}],"about":[{"href":"https:\/\/al.edu.pl\/kebz\/wp-json\/wp\/v2\/types\/page"}],"author":[{"embeddable":true,"href":"https:\/\/al.edu.pl\/kebz\/wp-json\/wp\/v2\/users\/1"}],"replies":[{"embeddable":true,"href":"https:\/\/al.edu.pl\/kebz\/wp-json\/wp\/v2\/comments?post=13"}],"version-history":[{"count":3,"href":"https:\/\/al.edu.pl\/kebz\/wp-json\/wp\/v2\/pages\/13\/revisions"}],"predecessor-version":[{"id":153,"href":"https:\/\/al.edu.pl\/kebz\/wp-json\/wp\/v2\/pages\/13\/revisions\/153"}],"wp:attachment":[{"href":"https:\/\/al.edu.pl\/kebz\/wp-json\/wp\/v2\/media?parent=13"}],"curies":[{"name":"wp","href":"https:\/\/api.w.org\/{rel}","templated":true}]}}