{"id":54,"date":"2026-03-25T11:35:03","date_gmt":"2026-03-25T11:35:03","guid":{"rendered":"https:\/\/al.edu.pl\/kd\/?page_id=54"},"modified":"2026-03-25T12:07:50","modified_gmt":"2026-03-25T12:07:50","slug":"kontakt","status":"publish","type":"page","link":"https:\/\/al.edu.pl\/kd\/index.php\/kontakt\/","title":{"rendered":"Kontakt"},"content":{"rendered":"\n<p><strong>Biuro projektu:&nbsp;<\/strong><\/p>\n\n\n\n<p>Budynek g\u0142\u00f3wny Akademii \u0141om\u017cy\u0144skiej<br>ul. Akademicka 14, pok. 102<br>e-mail:&nbsp;<a href=\"mailto:kd@al.edu.pl\">kd@al.edu.pl<\/a><br>tel. 86 215 66 03<\/p>\n\n\n\n<p><strong>Zesp\u00f3\u0142 projektowy:<\/strong><\/p>\n\n\n\n<ul class=\"wp-block-list is-style-default\">\n<li>Agnieszka Pi\u00f3rkowska \u2013 Kierownik Projektu<\/li>\n\n\n\n<li>Anna Bagi\u0144ska \u2013 Asystent Kierownika Projektu<\/li>\n\n\n\n<li>Irena Wiska \u2013 Specjalista ds. rozlicze\u0144 finansowych<\/li>\n\n\n\n<li>Agnieszka Bieniek \u2013 Specjalista ds. monitoringu i organizacji<\/li>\n<\/ul>\n","protected":false},"excerpt":{"rendered":"<p>Biuro projektu:&nbsp; Budynek g\u0142\u00f3wny Akademii \u0141om\u017cy\u0144skiejul. Akademicka 14, pok. 102e-mail:&nbsp;kd@al.edu.pltel. 86 215 66 03 Zesp\u00f3\u0142 projektowy:<\/p>\n","protected":false},"author":2,"featured_media":0,"parent":0,"menu_order":0,"comment_status":"closed","ping_status":"closed","template":"","meta":{"footnotes":""},"class_list":["post-54","page","type-page","status-publish","hentry"],"_links":{"self":[{"href":"https:\/\/al.edu.pl\/kd\/index.php\/wp-json\/wp\/v2\/pages\/54","targetHints":{"allow":["GET"]}}],"collection":[{"href":"https:\/\/al.edu.pl\/kd\/index.php\/wp-json\/wp\/v2\/pages"}],"about":[{"href":"https:\/\/al.edu.pl\/kd\/index.php\/wp-json\/wp\/v2\/types\/page"}],"author":[{"embeddable":true,"href":"https:\/\/al.edu.pl\/kd\/index.php\/wp-json\/wp\/v2\/users\/2"}],"replies":[{"embeddable":true,"href":"https:\/\/al.edu.pl\/kd\/index.php\/wp-json\/wp\/v2\/comments?post=54"}],"version-history":[{"count":4,"href":"https:\/\/al.edu.pl\/kd\/index.php\/wp-json\/wp\/v2\/pages\/54\/revisions"}],"predecessor-version":[{"id":66,"href":"https:\/\/al.edu.pl\/kd\/index.php\/wp-json\/wp\/v2\/pages\/54\/revisions\/66"}],"wp:attachment":[{"href":"https:\/\/al.edu.pl\/kd\/index.php\/wp-json\/wp\/v2\/media?parent=54"}],"curies":[{"name":"wp","href":"https:\/\/api.w.org\/{rel}","templated":true}]}}