{"id":52,"date":"2026-03-25T11:34:43","date_gmt":"2026-03-25T11:34:43","guid":{"rendered":"https:\/\/al.edu.pl\/kd\/?page_id=52"},"modified":"2026-03-25T11:54:18","modified_gmt":"2026-03-25T11:54:18","slug":"zadania-w-projekcie","status":"publish","type":"page","link":"https:\/\/al.edu.pl\/kd\/index.php\/zadania-w-projekcie\/","title":{"rendered":"Zadania w projekcie"},"content":{"rendered":"\n<h2 class=\"wp-block-heading\">Zadanie 1<\/h2>\n\n\n\n<p><strong>Rozw\u00f3j Uczelnianego Systemu Zarz\u0105dzania Jako\u015bci\u0105 Kszta\u0142cenia (USZJK)\u00a0<\/strong>obejmuje kompleksowy rozw\u00f3j Uczelnianego Systemu Zarz\u0105dzania Jako\u015bci\u0105 Kszta\u0142cenia (USZJK) funkcjonuj\u0105cego w Akademii \u0141om\u017cy\u0144skiej, w odpowiedzi na dynamiczne zmiany w szkolnictwie wy\u017cszym, rosn\u0105ce oczekiwania student\u00f3w oraz konieczno\u015b\u0107 systematycznego podnoszenia jako\u015bci kszta\u0142cenia.<\/p>\n\n\n\n<p>Zadania 2-5 obejmuj\u0105 realizacj\u0119 dzia\u0142a\u0144 szkoleniowych, kurs\u00f3w i studi\u00f3w podyplomowych skierowanych do nauczycieli akademickich z poszczeg\u00f3lnych wydzia\u0142\u00f3w. Celem zada\u0144 jest rozw\u00f3j kompetencji dydaktycznych, cyfrowych, w obszarze zielonej transformacji, projektowania uniwersalnego oraz nowoczesnych technologii wspieraj\u0105cych proces kszta\u0142cenia.<\/p>\n\n\n\n<p>Zadania wynikaj\u0105 z potrzeb zg\u0142oszonych przez pracownik\u00f3w w badaniu A\u0141, obejmuj\u0105c wsparcie bran\u017cowe kompatybilne z prowadzonymi przedmiotami oraz rozw\u00f3j kompetencji dydaktycznych, w tym wykorzystanie sztucznej inteligencji i narz\u0119dzi cyfrowych.<\/p>\n\n\n\n<p>W ramach zada\u0144 zaplanowano nast\u0119puj\u0105ce formy kszta\u0142cenia:<\/p>\n\n\n\n<h2 class=\"wp-block-heading\">Zadanie 2<\/h2>\n\n\n\n<p>Podniesienie kwalifikacji\/kompetencji nauczycieli akademickich z Wydzia\u0142u Prawa i Administracji<\/p>\n\n\n\n<figure class=\"wp-block-table is-style-stripes\"><table class=\"has-fixed-layout\"><thead><tr><td><strong>Nazwa szkolenia<\/strong><\/td><td><strong>Termin<\/strong><\/td><\/tr><\/thead><tbody><tr><td>Studia podyplomowe \u2013 Prawo Nowych Technologii<\/td><td>01.10.2026-30.06.2027<\/td><\/tr><tr><td>Studia podyplomowe \u2013 Cyberbezpiecze\u0144stwo i ochrona zasob\u00f3w informacyjnych;<\/td><td>01.10.2026-30.06.2027<\/td><\/tr><tr><td>Szkolenia z wykorzystania narz\u0119dzi CAT open source w tworzeniu materia\u0142\u00f3w dydaktycznych<\/td><td>01.05.2027-30.06.2027<\/td><\/tr><tr><td>Szkolenie w zakresie projektowania uniwersalnego<\/td><td>01.05.2027-30.06.2027<\/td><\/tr><tr><td>Kurs: Wykorzystanie sztucznej inteligencji w dydaktyce akademickiej w naukach prawnych<\/td><td>01.05.2027-30.06.2027<\/td><\/tr><tr><td>Szkolenie \u201eSztuka prezentacji wiedzy\u201d<\/td><td>01.05.2027-30.06.2027<\/td><\/tr><tr><td>Szkolenie z zakresu zielonej transformacji<\/td><td>01.05.2027-30.06.2027<\/td><\/tr><\/tbody><\/table><\/figure>\n\n\n\n<h2 class=\"wp-block-heading\">Zadanie 3<\/h2>\n\n\n\n<p>Podniesienie kwalifikacji\/kompetencji nauczycieli akademickich z Wydzia\u0142u Nauk o Zdrowiu<\/p>\n\n\n\n<figure class=\"wp-block-table is-style-stripes\"><table class=\"has-fixed-layout\"><thead><tr><td><strong>Nazwa szkolenia<\/strong><\/td><td><strong>Termin<\/strong><\/td><\/tr><\/thead><tbody><tr><td>Szkolenie&nbsp;egzaminatora&nbsp;OSCE<\/td><td>01.06.2026-30.06.2026<\/td><\/tr><tr><td>Studia podyplomowez zakresu trychologii<\/td><td>01.10.2026-30.06.2027<\/td><\/tr><tr><td>Szkolenie \u201eDost\u0119py naczyniowe pod kontrol\u0105 USG\u201d<\/td><td>01.11.2026-30.11.2026<\/td><\/tr><tr><td>Szkolenia w zakresie prowadzenia zaj\u0119\u0107 metod\u0105 symulacji medycznej<\/td><td>01.11.2026-30.11.2026<\/td><\/tr><tr><td>Zaawansowane szkolenie z zakresu symulacji medycznej wysokiej wierno\u015bci \u2013 tworzenie scenariuszy&nbsp;<\/td><td>01.11.2026-30.11.2026<\/td><\/tr><tr><td>Szkolenie z zakresu przygotowywania i prowadzenia egzaminu OSCE w piel\u0119gniarstwie<\/td><td>01.11.2026-30.11.2026<\/td><\/tr><tr><td>Zaawansowany kurs dla instruktor\u00f3w symulacji medycznej w Polsce<\/td><td>01.11.2026-30.11.2026<\/td><\/tr><tr><td>Szkolenia z wykorzystania narz\u0119dzi CAT open source w tworzeniu materia\u0142\u00f3w dydaktycznych<\/td><td>01.05.2027-30.06.2027<\/td><\/tr><tr><td>Szkolenie w zakresie projektowania uniwersalnego<\/td><td>01.05.2027-30.06.2027<\/td><\/tr><tr><td>Kurs: Wykorzystanie sztucznej inteligencji w dydaktyce akademickiej&nbsp; w naukach o zdrowiu<\/td><td>01.05.2027-30.06.2027<\/td><\/tr><tr><td>Szkolenie \u201eSztuka prezentacji wiedzy\u201d<\/td><td>01.05.2027-30.06.2027<\/td><\/tr><tr><td>Szkolenie z zakresu zielonej transformacji<\/td><td>01.05.2027-30.06.2027<\/td><\/tr><tr><td>Kurs j\u0119zyka angielskiego \u2013 j\u0119zyk angielski konwersacje indywidualne ( 60h, 2 x w tygodniu po 45 minut)<\/td><td>01.06.2027 -31.03.2028<\/td><\/tr><tr><td>Szkolenie \u201ePodologia nowe metody \u2013 poziom rozszerzony\u201d<\/td><td>01.09.2027-30.09.2027<\/td><\/tr><\/tbody><\/table><\/figure>\n\n\n\n<h2 class=\"wp-block-heading\">Zadanie 4<\/h2>\n\n\n\n<p>Podniesienie kwalifikacji\/kompetencji nauczycieli akademickich z Wydzia\u0142u Nauk Informatyczno-Technologicznych<\/p>\n\n\n\n<figure class=\"wp-block-table is-style-stripes\"><table class=\"has-fixed-layout\"><thead><tr><td><strong>Nazwa szkolenia<\/strong><\/td><td><strong>Termin<\/strong><\/td><\/tr><\/thead><tbody><tr><td>Kurs j\u0119zyka angielskiego \u2013 j\u0119zyk angielski konwersacje indywidualne ( 60h, 2 x w tygodniu po 45 minut)<\/td><td>01.08.2026-31.05.2027<\/td><\/tr><tr><td>Szkolenia z wykorzystania narz\u0119dzi CAT open source w tworzeniu materia\u0142\u00f3w dydaktycznych<\/td><td>01.05.2027-30.06.2027<\/td><\/tr><tr><td>Szkolenie w zakresie projektowania uniwersalnego<\/td><td>01.05.2027-30.06.2027<\/td><\/tr><tr><td>Kurs: Wykorzystanie sztucznej inteligencji w dydaktyce akademickiej&nbsp; w naukach informatyczno-technologicznych<\/td><td>01.05.2027-30.06.2027<\/td><\/tr><tr><td>Szkolenie \u201eSztuka prezentacji wiedzy\u201d<\/td><td>01.05.2027-30.06.2027<\/td><\/tr><tr><td>Szkolenie z zakresu zielonej transformacji<\/td><td>01.05.2027-30.06.2027<\/td><\/tr><tr><td>Szkolenie \u2013 Ogniwo paliwowe jako element infrastruktury wodorowej<\/td><td>02.01.2028-31.01.2028<\/td><\/tr><tr><td>Szkolenie \u2013 Uprawnienia G1 Elektryczne do 1kV<\/td><td>01.02.2028-28.02.2028<\/td><\/tr><tr><td>Szkolenie \u2013 Automatyka budynkowa i mikrofotowoltaika<\/td><td>01.03.2028-31.03.2028<\/td><\/tr><tr><td>Szkolenie \u2013 Kurs magazyny energii<\/td><td>01.04.2028-30.04.2028<\/td><\/tr><tr><td>Szkolenia z zakresu Siemens SIMATIC S7-1500<\/td><td>01.05.2028-31.05.2028<\/td><\/tr><tr><td>Szkolenie \u2013 Kurs analizy danych, ML i AI dla programist\u00f3w<\/td><td>01.07.2028-31.08.2028<\/td><\/tr><\/tbody><\/table><\/figure>\n\n\n\n<h2 class=\"wp-block-heading\">Zadanie 5<\/h2>\n\n\n\n<p>Podniesienie kwalifikacji\/kompetencji nauczycieli akademickich z Wydzia\u0142u Nauk Spo\u0142ecznych i Humanistycznych<\/p>\n\n\n\n<figure class=\"wp-block-table is-style-stripes\"><table class=\"has-fixed-layout\"><thead><tr><td><strong>Nazwa szkolenia<\/strong><\/td><td><strong>Termin<\/strong><\/td><\/tr><\/thead><tbody><tr><td>Szkolenie&nbsp; \u201eMicrosoft 365 w biznesie\u201d&nbsp;<\/td><td>02.01.2027-31.01.2027<\/td><\/tr><tr><td>Szkolenie \u201e SQL od podstaw<\/td><td>01.02.2027-28.02.2027<\/td><\/tr><tr><td>Szkolenie&nbsp; \u201eTSQL zaawansowany\u201d<\/td><td>01.03.2027-31.03.2027<\/td><\/tr><tr><td>Szkolenia z wykorzystania narz\u0119dzi CAT open source w tworzeniu materia\u0142\u00f3w dydaktycznych<\/td><td>01.05.2027-30.06.2027<\/td><\/tr><tr><td>Szkolenie w zakresie projektowania uniwersalnego<\/td><td>01.05.2027-30.06.2027<\/td><\/tr><tr><td>Kurs: Wykorzystanie sztucznej inteligencji w dydaktyce akademickiej&nbsp; w naukach spo\u0142ecznych i humanistycznych<\/td><td>01.05.2027-30.06.2027<\/td><\/tr><tr><td>Szkolenie \u201eSztuka prezentacji wiedzy\u201d<\/td><td>01.05.2027-30.06.2027<\/td><\/tr><tr><td>Szkolenie z zakresu zielonej transformacji<\/td><td>01.05.2027-30.06.2027<\/td><\/tr><tr><td>Zagadnienia prawne, podatkowe i finansowe w audycie i sprawozdawczo\u015bci przedsi\u0119biorstw.<\/td><td>01.09.2027-31.03.2028<\/td><\/tr><tr><td>Studia podyplomowe \u2013 Psychosomatyka i somatopsychologia<\/td><td>01.10.2027-30.06.2028<\/td><\/tr><tr><td>Studia podyplomowe \u2013 \u201d Translatoryka \u2013 przek\u0142ad literacki\u201d<\/td><td>01.10.2027-30.06.2028<\/td><\/tr><tr><td>Szkolenie \u201eKurs t\u0142umaczenia film\u00f3w\u201d<\/td><td>01.10.2027-31.10.2027<\/td><\/tr><tr><td>Szkolenie \u201eSzkolenie Postedytor\u201d<\/td><td>01.11.2027-30.11.2027<\/td><\/tr><tr><td>Szkolenie \u201eT\u0142umaczenia w biznesie i w prawie\u201d<\/td><td>01.12.2027-31.12.2027<\/td><\/tr><tr><td>Kurs j\u0119zyka angielskiego \u2013 j\u0119zyk angielski konwersacje indywidualne ( 60h, 2 x w tygodniu po 45 minut)<\/td><td>01.02.2028 -30.11.2028<\/td><\/tr><\/tbody><\/table><\/figure>\n","protected":false},"excerpt":{"rendered":"<p>Zadanie 1 Rozw\u00f3j Uczelnianego Systemu Zarz\u0105dzania Jako\u015bci\u0105 Kszta\u0142cenia (USZJK)\u00a0obejmuje kompleksowy rozw\u00f3j Uczelnianego Systemu Zarz\u0105dzania Jako\u015bci\u0105 Kszta\u0142cenia (USZJK) funkcjonuj\u0105cego w Akademii \u0141om\u017cy\u0144skiej, w odpowiedzi na dynamiczne zmiany w szkolnictwie wy\u017cszym, rosn\u0105ce oczekiwania student\u00f3w oraz konieczno\u015b\u0107 systematycznego podnoszenia jako\u015bci kszta\u0142cenia. Zadania 2-5 obejmuj\u0105 realizacj\u0119 dzia\u0142a\u0144 szkoleniowych, kurs\u00f3w i studi\u00f3w podyplomowych skierowanych do nauczycieli akademickich z poszczeg\u00f3lnych wydzia\u0142\u00f3w. [&hellip;]<\/p>\n","protected":false},"author":2,"featured_media":0,"parent":0,"menu_order":0,"comment_status":"closed","ping_status":"closed","template":"","meta":{"footnotes":""},"class_list":["post-52","page","type-page","status-publish","hentry"],"_links":{"self":[{"href":"https:\/\/al.edu.pl\/kd\/index.php\/wp-json\/wp\/v2\/pages\/52","targetHints":{"allow":["GET"]}}],"collection":[{"href":"https:\/\/al.edu.pl\/kd\/index.php\/wp-json\/wp\/v2\/pages"}],"about":[{"href":"https:\/\/al.edu.pl\/kd\/index.php\/wp-json\/wp\/v2\/types\/page"}],"author":[{"embeddable":true,"href":"https:\/\/al.edu.pl\/kd\/index.php\/wp-json\/wp\/v2\/users\/2"}],"replies":[{"embeddable":true,"href":"https:\/\/al.edu.pl\/kd\/index.php\/wp-json\/wp\/v2\/comments?post=52"}],"version-history":[{"count":4,"href":"https:\/\/al.edu.pl\/kd\/index.php\/wp-json\/wp\/v2\/pages\/52\/revisions"}],"predecessor-version":[{"id":63,"href":"https:\/\/al.edu.pl\/kd\/index.php\/wp-json\/wp\/v2\/pages\/52\/revisions\/63"}],"wp:attachment":[{"href":"https:\/\/al.edu.pl\/kd\/index.php\/wp-json\/wp\/v2\/media?parent=52"}],"curies":[{"name":"wp","href":"https:\/\/api.w.org\/{rel}","templated":true}]}}