{"id":50,"date":"2026-03-25T11:34:24","date_gmt":"2026-03-25T11:34:24","guid":{"rendered":"https:\/\/al.edu.pl\/kd\/?page_id=50"},"modified":"2026-03-25T11:34:24","modified_gmt":"2026-03-25T11:34:24","slug":"cele-i-rezultaty","status":"publish","type":"page","link":"https:\/\/al.edu.pl\/kd\/index.php\/cele-i-rezultaty\/","title":{"rendered":"Cele i rezultaty"},"content":{"rendered":"\n<h2 class=\"wp-block-heading\">Cel g\u0142\u00f3wny projektu<\/h2>\n\n\n\n<p>Celem g\u0142\u00f3wnym projektu jest rozw\u00f3j Uczelnianego Systemu Zarz\u0105dzania Jako\u015bci\u0105 Kszta\u0142cenia (USZJK) oraz podniesienie lub uzyskanie kompetencji\/kwalifikacji dydaktycznych, cyfrowych, na rzecz zielonej transformacji oraz projektowania uniwersalnego przez 62 osoby prowadz\u0105ce dydaktyk\u0119 w A\u0141 do grudnia 2028 r.<\/p>\n\n\n\n<h2 class=\"wp-block-heading\">G\u0142\u00f3wne rezultaty<\/h2>\n\n\n\n<ol start=\"1\" class=\"wp-block-list\">\n<li>Dostosowanie kszta\u0142cenia do potrzeb rozwoju gospodarki oraz zielonej i cyfrowej transformacji.<\/li>\n\n\n\n<li>62 nauczycieli akademickich nab\u0119dzie kompetencje lub kwalifikacje dzi\u0119ki wsparciu EFS+.<\/li>\n<\/ol>\n\n\n\n<h2 class=\"wp-block-heading\">Grupa docelowa<\/h2>\n\n\n\n<p>Grup\u0119 docelow\u0105 stanowi kadra prowadz\u0105ca dydaktyk\u0119 (69 os\u00f3b: 35 kobiet i 34 m\u0119\u017cczyzn), tj. nauczyciele akademiccy zatrudnieni na umow\u0119 o prac\u0119 w A\u0141.<\/p>\n","protected":false},"excerpt":{"rendered":"<p>Cel g\u0142\u00f3wny projektu Celem g\u0142\u00f3wnym projektu jest rozw\u00f3j Uczelnianego Systemu Zarz\u0105dzania Jako\u015bci\u0105 Kszta\u0142cenia (USZJK) oraz podniesienie lub uzyskanie kompetencji\/kwalifikacji dydaktycznych, cyfrowych, na rzecz zielonej transformacji oraz projektowania uniwersalnego przez 62 osoby prowadz\u0105ce dydaktyk\u0119 w A\u0141 do grudnia 2028 r. G\u0142\u00f3wne rezultaty Grupa docelowa Grup\u0119 docelow\u0105 stanowi kadra prowadz\u0105ca dydaktyk\u0119 (69 os\u00f3b: 35 kobiet i 34 [&hellip;]<\/p>\n","protected":false},"author":2,"featured_media":0,"parent":0,"menu_order":0,"comment_status":"closed","ping_status":"closed","template":"","meta":{"footnotes":""},"class_list":["post-50","page","type-page","status-publish","hentry"],"_links":{"self":[{"href":"https:\/\/al.edu.pl\/kd\/index.php\/wp-json\/wp\/v2\/pages\/50","targetHints":{"allow":["GET"]}}],"collection":[{"href":"https:\/\/al.edu.pl\/kd\/index.php\/wp-json\/wp\/v2\/pages"}],"about":[{"href":"https:\/\/al.edu.pl\/kd\/index.php\/wp-json\/wp\/v2\/types\/page"}],"author":[{"embeddable":true,"href":"https:\/\/al.edu.pl\/kd\/index.php\/wp-json\/wp\/v2\/users\/2"}],"replies":[{"embeddable":true,"href":"https:\/\/al.edu.pl\/kd\/index.php\/wp-json\/wp\/v2\/comments?post=50"}],"version-history":[{"count":1,"href":"https:\/\/al.edu.pl\/kd\/index.php\/wp-json\/wp\/v2\/pages\/50\/revisions"}],"predecessor-version":[{"id":51,"href":"https:\/\/al.edu.pl\/kd\/index.php\/wp-json\/wp\/v2\/pages\/50\/revisions\/51"}],"wp:attachment":[{"href":"https:\/\/al.edu.pl\/kd\/index.php\/wp-json\/wp\/v2\/media?parent=50"}],"curies":[{"name":"wp","href":"https:\/\/api.w.org\/{rel}","templated":true}]}}