{"id":2,"date":"2026-03-09T10:58:07","date_gmt":"2026-03-09T10:58:07","guid":{"rendered":"https:\/\/al.edu.pl\/kd\/?page_id=2"},"modified":"2026-03-25T12:08:59","modified_gmt":"2026-03-25T12:08:59","slug":"sample-page","status":"publish","type":"page","link":"https:\/\/al.edu.pl\/kd\/","title":{"rendered":"O projekcie"},"content":{"rendered":"\n<figure class=\"wp-block-image size-large\"><img loading=\"lazy\" decoding=\"async\" width=\"1024\" height=\"141\" src=\"https:\/\/al.edu.pl\/kd\/wp-content\/uploads\/2026\/03\/FERS_RP_UE_RGB-1-1024x141.png\" alt=\"ogo fundusze europejskie, rzeczpospolita polska, dofinansowane przez uni\u0119 europejsk\u0105\" class=\"wp-image-22\" srcset=\"https:\/\/al.edu.pl\/kd\/wp-content\/uploads\/2026\/03\/FERS_RP_UE_RGB-1-1024x141.png 1024w, https:\/\/al.edu.pl\/kd\/wp-content\/uploads\/2026\/03\/FERS_RP_UE_RGB-1-300x41.png 300w, https:\/\/al.edu.pl\/kd\/wp-content\/uploads\/2026\/03\/FERS_RP_UE_RGB-1-768x106.png 768w, https:\/\/al.edu.pl\/kd\/wp-content\/uploads\/2026\/03\/FERS_RP_UE_RGB-1-1536x212.png 1536w, https:\/\/al.edu.pl\/kd\/wp-content\/uploads\/2026\/03\/FERS_RP_UE_RGB-1-2048x282.png 2048w\" sizes=\"auto, (max-width: 1024px) 100vw, 1024px\" \/><\/figure>\n\n\n\n<p>Akademia \u0141om\u017cy\u0144ska realizuje projekt: Kompetentno\u015b\u0107 dydaktyczna w Akademii \u0141om\u017cy\u0144skiej w ramach programu <em>Fundusze Europejskie dla Rozwoju Spo\u0142ecznego 2021-2027 (FERS<\/em>), Priorytet 1 <em>Umiej\u0119tno\u015bci,<\/em> Dzia\u0142anie 01.05&nbsp;<em>Umiej\u0119tno\u015bci w szkolnictwie wy\u017cszym<\/em><\/p>\n\n\n\n<p>#FunduszeUE #\u0141om\u017ca #Akademia\u0141om\u017cy\u0144ska<\/p>\n\n\n\n<p>Okres realizacji: od 2026-01-01 do 2028-12-31<\/p>\n\n\n\n<p>Warto\u015b\u0107 projektu: 1&nbsp;867&nbsp;830,08 PLN<\/p>\n\n\n\n<p>Dofinansowanie projektu z UE: 1&nbsp;809&nbsp;000,08 PLN<\/p>\n\n\n\n<p>Wk\u0142ad w\u0142asny:&nbsp; 58&nbsp;830,00 PLN<\/p>\n\n\n\n<ul class=\"wp-block-list\">\n<li>Zadanie 1. Rozw\u00f3j Uczelnianego Systemu Zarz\u0105dzania Jako\u015bci\u0105 Kszta\u0142cenia (USZJK)<\/li>\n\n\n\n<li>Zadanie 2. Podniesienie kwalifikacji\/kompetencji nauczycieli akademickich z Wydzia\u0142u Prawa i Administracji<\/li>\n\n\n\n<li>Zadanie 3. Podniesienie kwalifikacji\/kompetencji nauczycieli akademickich z Wydzia\u0142u Nauk o Zdrowiu<\/li>\n\n\n\n<li>Zadanie 4. Podniesienie kwalifikacji\/kompetencji nauczycieli akademickich z Wydzia\u0142u Nauk Informatyczno-Technologicznych<\/li>\n\n\n\n<li>Zadanie 5. Podniesienie kwalifikacji\/kompetencji nauczycieli akademickich z Wydzia\u0142u Nauk Spo\u0142ecznych i Humanistycznych<\/li>\n<\/ul>\n\n\n\n<p>Informujemy o mo\u017cliwo\u015bci zg\u0142aszania do Instytucji Zarz\u0105dzaj\u0105cej lub Instytucji Po\u015brednicz\u0105cej podejrzenia o niezgodno\u015bci Projektu lub dzia\u0142a\u0144 Beneficjenta z Konwencj\u0105 o prawach os\u00f3b niepe\u0142nosprawnych sporz\u0105dzon\u0105 w Nowym Jorku dnia 13 grudnia 2006 r. (Dz. U. z 2012 r. poz. 1169, z p\u00f3\u017an. zm.), zwanej dalej \u201eKPON\u201d. Sygna\u0142y, zg\u0142oszenia lub skargi dotycz\u0105ce wyst\u0105pienia niezgodno\u015bci projekt\u00f3w FERS z postanowieniami KPON mog\u0105 przekazywa\u0107 osoby fizyczne (uczestnicy projekt\u00f3w lub ich pe\u0142nomocnicy i przedstawiciele), instytucje uczestnicz\u0105ce we wdra\u017caniu funduszy Unii Europejskiej, strona spo\u0142eczna (stowarzyszenia, fundacje), za pomoc\u0105 (w ka\u017cdym poni\u017cszym przypadku uznaje si\u0119 zg\u0142oszenie za przekazane w formie pisemnej):<\/p>\n\n\n\n<ul class=\"wp-block-list\">\n<li>poczty tradycyjnej \u2013 w formie listownej na adres ministerstwa: Ministerstwo Funduszy i Polityki Regionalnej, ul. Wsp\u00f3lna 2\/4, 00-926 Warszawa lub Narodowe Centrum Bada\u0144 i Rozwoju, Ul. Chmielna 69, 00-801 Warszawa,<\/li>\n\n\n\n<li>skrzynki nadawczej e-puap Ministerstwa Funduszy i Polityki Regionalnej lub Narodowego Centrum Bada\u0144 i Rozwoju.<\/li>\n<\/ul>\n\n\n\n<p><strong>Projekt jest realizowany przez zesp\u00f3\u0142 projektowy w sk\u0142adzie:<\/strong><\/p>\n\n\n\n<ul class=\"wp-block-list is-style-default\">\n<li>Agnieszka Pi\u00f3rkowska \u2013 Kierownik Projektu<\/li>\n\n\n\n<li>Anna Bagi\u0144ska \u2013 Asystent Kierownika Projektu<\/li>\n\n\n\n<li>Irena Wiska \u2013 Specjalista ds. rozlicze\u0144 finansowych<\/li>\n\n\n\n<li>Agnieszka Bieniek \u2013 Specjalista ds. monitoringu i organizacji<\/li>\n<\/ul>\n","protected":false},"excerpt":{"rendered":"<p>Akademia \u0141om\u017cy\u0144ska realizuje projekt: Kompetentno\u015b\u0107 dydaktyczna w Akademii \u0141om\u017cy\u0144skiej w ramach programu Fundusze Europejskie dla Rozwoju Spo\u0142ecznego 2021-2027 (FERS), Priorytet 1 Umiej\u0119tno\u015bci, Dzia\u0142anie 01.05&nbsp;Umiej\u0119tno\u015bci w szkolnictwie wy\u017cszym #FunduszeUE #\u0141om\u017ca #Akademia\u0141om\u017cy\u0144ska Okres realizacji: od 2026-01-01 do 2028-12-31 Warto\u015b\u0107 projektu: 1&nbsp;867&nbsp;830,08 PLN Dofinansowanie projektu z UE: 1&nbsp;809&nbsp;000,08 PLN Wk\u0142ad w\u0142asny:&nbsp; 58&nbsp;830,00 PLN Informujemy o mo\u017cliwo\u015bci zg\u0142aszania do [&hellip;]<\/p>\n","protected":false},"author":1,"featured_media":0,"parent":0,"menu_order":0,"comment_status":"closed","ping_status":"open","template":"","meta":{"footnotes":""},"class_list":["post-2","page","type-page","status-publish","hentry"],"_links":{"self":[{"href":"https:\/\/al.edu.pl\/kd\/index.php\/wp-json\/wp\/v2\/pages\/2","targetHints":{"allow":["GET"]}}],"collection":[{"href":"https:\/\/al.edu.pl\/kd\/index.php\/wp-json\/wp\/v2\/pages"}],"about":[{"href":"https:\/\/al.edu.pl\/kd\/index.php\/wp-json\/wp\/v2\/types\/page"}],"author":[{"embeddable":true,"href":"https:\/\/al.edu.pl\/kd\/index.php\/wp-json\/wp\/v2\/users\/1"}],"replies":[{"embeddable":true,"href":"https:\/\/al.edu.pl\/kd\/index.php\/wp-json\/wp\/v2\/comments?post=2"}],"version-history":[{"count":12,"href":"https:\/\/al.edu.pl\/kd\/index.php\/wp-json\/wp\/v2\/pages\/2\/revisions"}],"predecessor-version":[{"id":67,"href":"https:\/\/al.edu.pl\/kd\/index.php\/wp-json\/wp\/v2\/pages\/2\/revisions\/67"}],"wp:attachment":[{"href":"https:\/\/al.edu.pl\/kd\/index.php\/wp-json\/wp\/v2\/media?parent=2"}],"curies":[{"name":"wp","href":"https:\/\/api.w.org\/{rel}","templated":true}]}}