{"id":87,"date":"2025-02-27T10:51:15","date_gmt":"2025-02-27T09:51:15","guid":{"rendered":"https:\/\/al.edu.pl\/forumochronyludnosci\/?page_id=87"},"modified":"2025-02-27T10:51:15","modified_gmt":"2025-02-27T09:51:15","slug":"formularz-zgloszeniowy","status":"publish","type":"page","link":"https:\/\/al.edu.pl\/forumochronyludnosci\/formularz-zgloszeniowy\/","title":{"rendered":"Formularz zg\u0142oszeniowy"},"content":{"rendered":"<div class=\"wpforms-container wpforms-container-full wpforms-block wpforms-block-f505cbbf-881e-4703-827d-d8ff6c8b7136 wpforms-render-modern\" id=\"wpforms-55\"><form id=\"wpforms-form-55\" class=\"wpforms-validate wpforms-form wpforms-ajax-form\" data-formid=\"55\" method=\"post\" enctype=\"multipart\/form-data\" action=\"\/forumochronyludnosci\/wp-json\/wp\/v2\/pages\/87\" data-token=\"96eb365b295afc72840f1eaf10742e1e\" data-token-time=\"1778174144\"><noscript class=\"wpforms-error-noscript\">Aby wype\u0142ni\u0107 ten formularz, w\u0142\u0105cz obs\u0142ug\u0119 JavaScript w przegl\u0105darce.<\/noscript><div class=\"wpforms-hidden\" id=\"wpforms-error-noscript\">Aby wype\u0142ni\u0107 ten formularz, w\u0142\u0105cz obs\u0142ug\u0119 JavaScript w przegl\u0105darce.<\/div><div class=\"wpforms-field-container\"><div id=\"wpforms-55-field_1-container\" class=\"wpforms-field wpforms-field-name\" data-field-id=\"1\"><fieldset><legend class=\"wpforms-field-label\">Imi\u0119 i Nazwisko <span class=\"wpforms-required-label\" aria-hidden=\"true\">*<\/span><\/legend><div class=\"wpforms-field-row wpforms-field-medium\"><div class=\"wpforms-field-row-block wpforms-first wpforms-one-half\"><input type=\"text\" id=\"wpforms-55-field_1\" class=\"wpforms-field-name-first wpforms-field-required\" name=\"wpforms[fields][1][first]\" aria-errormessage=\"wpforms-55-field_1-error\" required><label for=\"wpforms-55-field_1\" class=\"wpforms-field-sublabel after\">Imi\u0119<\/label><\/div><div class=\"wpforms-field-row-block wpforms-one-half\"><input type=\"text\" id=\"wpforms-55-field_1-last\" class=\"wpforms-field-name-last wpforms-field-required\" name=\"wpforms[fields][1][last]\" aria-errormessage=\"wpforms-55-field_1-last-error\" required><label for=\"wpforms-55-field_1-last\" class=\"wpforms-field-sublabel after\">Nazwisko<\/label><\/div><\/div><\/fieldset><\/div><div id=\"wpforms-55-field_8-container\" class=\"wpforms-field wpforms-field-email\" data-field-id=\"8\"><label class=\"wpforms-field-label\" for=\"wpforms-55-field_8\">Email <span class=\"wpforms-required-label\" aria-hidden=\"true\">*<\/span><\/label><input type=\"email\" id=\"wpforms-55-field_8\" class=\"wpforms-field-small wpforms-field-required\" name=\"wpforms[fields][8]\" spellcheck=\"false\" aria-errormessage=\"wpforms-55-field_8-error\" required><\/div><div id=\"wpforms-55-field_14-container\" class=\"wpforms-field wpforms-field-text\" data-field-id=\"14\"><label class=\"wpforms-field-label\" for=\"wpforms-55-field_14\">Numer telefonu<\/label><input type=\"text\" id=\"wpforms-55-field_14\" class=\"wpforms-field-small\" name=\"wpforms[fields][14]\" aria-errormessage=\"wpforms-55-field_14-error\" ><\/div><div id=\"wpforms-55-field_13-container\" class=\"wpforms-field wpforms-field-text\" data-field-id=\"13\"><label class=\"wpforms-field-label\" for=\"wpforms-55-field_13\">Reprezentowana uczelnia<\/label><input type=\"text\" id=\"wpforms-55-field_13\" class=\"wpforms-field-medium\" name=\"wpforms[fields][13]\" aria-errormessage=\"wpforms-55-field_13-error\" ><\/div><div id=\"wpforms-55-field_4-container\" class=\"wpforms-field wpforms-field-radio\" data-field-id=\"4\"><fieldset><legend class=\"wpforms-field-label\">Tytu\u0142\/stopie\u0144<\/legend><ul id=\"wpforms-55-field_4\"><li class=\"choice-1 depth-1\"><input type=\"radio\" id=\"wpforms-55-field_4_1\" name=\"wpforms[fields][4]\" value=\"Profesor\" aria-errormessage=\"wpforms-55-field_4_1-error\"  ><label class=\"wpforms-field-label-inline\" for=\"wpforms-55-field_4_1\">Profesor<\/label><\/li><li class=\"choice-2 depth-1\"><input type=\"radio\" id=\"wpforms-55-field_4_2\" name=\"wpforms[fields][4]\" value=\"Doktor habilitowany\" aria-errormessage=\"wpforms-55-field_4_2-error\"  ><label class=\"wpforms-field-label-inline\" for=\"wpforms-55-field_4_2\">Doktor habilitowany<\/label><\/li><li class=\"choice-3 depth-1\"><input type=\"radio\" id=\"wpforms-55-field_4_3\" name=\"wpforms[fields][4]\" value=\"Doktor\" aria-errormessage=\"wpforms-55-field_4_3-error\"  ><label class=\"wpforms-field-label-inline\" for=\"wpforms-55-field_4_3\">Doktor<\/label><\/li><li class=\"choice-4 depth-1\"><input type=\"radio\" id=\"wpforms-55-field_4_4\" name=\"wpforms[fields][4]\" value=\"Magister\" aria-errormessage=\"wpforms-55-field_4_4-error\"  ><label class=\"wpforms-field-label-inline\" for=\"wpforms-55-field_4_4\">Magister<\/label><\/li><li class=\"choice-5 depth-1\"><input type=\"radio\" id=\"wpforms-55-field_4_5\" name=\"wpforms[fields][4]\" value=\"Magister in\u017cynier\" aria-errormessage=\"wpforms-55-field_4_5-error\"  ><label class=\"wpforms-field-label-inline\" for=\"wpforms-55-field_4_5\">Magister in\u017cynier<\/label><\/li><li class=\"choice-6 depth-1\"><input type=\"radio\" id=\"wpforms-55-field_4_6\" name=\"wpforms[fields][4]\" value=\"Licencjat\" aria-errormessage=\"wpforms-55-field_4_6-error\"  ><label class=\"wpforms-field-label-inline\" for=\"wpforms-55-field_4_6\">Licencjat<\/label><\/li><\/ul><\/fieldset><\/div><div id=\"wpforms-55-field_10-container\" class=\"wpforms-field wpforms-field-text\" data-field-id=\"10\"><label class=\"wpforms-field-label\" for=\"wpforms-55-field_10\">Tytu\u0142 wyst\u0105pienia<\/label><input type=\"text\" id=\"wpforms-55-field_10\" class=\"wpforms-field-medium\" name=\"wpforms[fields][10]\" aria-errormessage=\"wpforms-55-field_10-error\" ><\/div><div id=\"wpforms-55-field_7-container\" class=\"wpforms-field wpforms-field-textarea\" data-field-id=\"7\"><label class=\"wpforms-field-label\" for=\"wpforms-55-field_7\">Abstrakt (D\u0142ugo\u015b\u0107 abstraktu do 2000 znak\u00f3w)<\/label><textarea id=\"wpforms-55-field_7\" class=\"wpforms-field-medium\" name=\"wpforms[fields][7]\" aria-errormessage=\"wpforms-55-field_7-error\" ><\/textarea><\/div><div id=\"wpforms-55-field_9-container\" class=\"wpforms-field wpforms-field-radio\" data-field-id=\"9\"><fieldset><legend class=\"wpforms-field-label\">Rodzaj uczestnictwa:<\/legend><ul id=\"wpforms-55-field_9\"><li class=\"choice-1 depth-1\"><input type=\"radio\" id=\"wpforms-55-field_9_1\" name=\"wpforms[fields][9]\" value=\"Uczestnictwo bez wyst\u0105pienia i bez publikacji\" aria-errormessage=\"wpforms-55-field_9_1-error\"  ><label class=\"wpforms-field-label-inline\" for=\"wpforms-55-field_9_1\">Uczestnictwo bez wyst\u0105pienia i bez publikacji<\/label><\/li><li class=\"choice-2 depth-1\"><input type=\"radio\" id=\"wpforms-55-field_9_2\" name=\"wpforms[fields][9]\" value=\"Uczestnictwo z wyst\u0105pieniem i bez publikacji\" aria-errormessage=\"wpforms-55-field_9_2-error\"  ><label class=\"wpforms-field-label-inline\" for=\"wpforms-55-field_9_2\">Uczestnictwo z wyst\u0105pieniem i bez publikacji<\/label><\/li><li class=\"choice-3 depth-1\"><input type=\"radio\" id=\"wpforms-55-field_9_3\" name=\"wpforms[fields][9]\" value=\"Uczestnictwo z wyst\u0105pieniem i publikacj\u0105\" aria-errormessage=\"wpforms-55-field_9_3-error\"  ><label class=\"wpforms-field-label-inline\" for=\"wpforms-55-field_9_3\">Uczestnictwo z wyst\u0105pieniem i publikacj\u0105<\/label><\/li><\/ul><\/fieldset><\/div><\/div><!-- .wpforms-field-container --><div class=\"wpforms-submit-container\" ><input type=\"hidden\" name=\"wpforms[id]\" value=\"55\"><input type=\"hidden\" name=\"page_title\" value=\"\"><input type=\"hidden\" name=\"page_url\" value=\"https:\/\/al.edu.pl\/forumochronyludnosci\/wp-json\/wp\/v2\/pages\/87\"><button type=\"submit\" name=\"wpforms[submit]\" id=\"wpforms-submit-55\" class=\"wpforms-submit\" data-alt-text=\"Sending...\" data-submit-text=\"Submit\" aria-live=\"assertive\" value=\"wpforms-submit\">Submit<\/button><img loading=\"lazy\" decoding=\"async\" src=\"https:\/\/al.edu.pl\/forumochronyludnosci\/wp-content\/plugins\/wpforms-lite\/assets\/images\/submit-spin.svg\" class=\"wpforms-submit-spinner\" style=\"display: none;\" width=\"26\" height=\"26\" alt=\"Wczytywanie\"><\/div><\/form><\/div>  <!-- .wpforms-container -->","protected":false},"excerpt":{"rendered":"","protected":false},"author":1,"featured_media":0,"parent":0,"menu_order":0,"comment_status":"closed","ping_status":"closed","template":"","meta":{"footnotes":""},"class_list":["post-87","page","type-page","status-publish","hentry"],"_links":{"self":[{"href":"https:\/\/al.edu.pl\/forumochronyludnosci\/wp-json\/wp\/v2\/pages\/87","targetHints":{"allow":["GET"]}}],"collection":[{"href":"https:\/\/al.edu.pl\/forumochronyludnosci\/wp-json\/wp\/v2\/pages"}],"about":[{"href":"https:\/\/al.edu.pl\/forumochronyludnosci\/wp-json\/wp\/v2\/types\/page"}],"author":[{"embeddable":true,"href":"https:\/\/al.edu.pl\/forumochronyludnosci\/wp-json\/wp\/v2\/users\/1"}],"replies":[{"embeddable":true,"href":"https:\/\/al.edu.pl\/forumochronyludnosci\/wp-json\/wp\/v2\/comments?post=87"}],"version-history":[{"count":1,"href":"https:\/\/al.edu.pl\/forumochronyludnosci\/wp-json\/wp\/v2\/pages\/87\/revisions"}],"predecessor-version":[{"id":88,"href":"https:\/\/al.edu.pl\/forumochronyludnosci\/wp-json\/wp\/v2\/pages\/87\/revisions\/88"}],"wp:attachment":[{"href":"https:\/\/al.edu.pl\/forumochronyludnosci\/wp-json\/wp\/v2\/media?parent=87"}],"curies":[{"name":"wp","href":"https:\/\/api.w.org\/{rel}","templated":true}]}}