{"id":34,"date":"2025-02-12T09:29:00","date_gmt":"2025-02-12T08:29:00","guid":{"rendered":"https:\/\/al.edu.pl\/forumochronyludnosci\/?page_id=34"},"modified":"2025-05-07T08:43:49","modified_gmt":"2025-05-07T06:43:49","slug":"wazne-terminy","status":"publish","type":"page","link":"https:\/\/al.edu.pl\/forumochronyludnosci\/wazne-terminy\/","title":{"rendered":"Wa\u017cne terminy"},"content":{"rendered":"\n<p><strong>25.05.2025 r.<\/strong> \u2013 ostateczna data rejestracji udzia\u0142u w konferencji<\/p>\n\n\n\n<p><strong>30.06.2025 r. <\/strong>\u2013 ostateczna data przes\u0142ania artyku\u0142u do publikacji<\/p>\n\n\n\n<p>Op\u0142at\u0119 konferencyjn\u0105 nale\u017cy przes\u0142a\u0107 w terminie\u202fdo 26 maja br. na konto bankowe Akademii \u0141om\u017cy\u0144skiej: 46 2490 0005 0000 4600 5509 4822<\/p>\n\n\n\n<p> z dopiskiem \u201cForum Ochrona ludno\u015bci, imi\u0119 i nazwisko uczestnika\u201d.<\/p>\n\n\n\n<p>350 z\u0142 \u2013 pe\u0142ny udzia\u0142 w Forum<\/p>\n\n\n\n<p>Prelegenci otrzymaj\u0105 stosowne certyfikaty potwierdzaj\u0105ce udzia\u0142 w konferencji. Referaty, kt\u00f3re uzyskaj\u0105 pozytywne recenzje, zostan\u0105 opublikowane w formie rozdzia\u0142u w monografii naukowej ebook (wydawnictwo z listy MNiSW \u2013 80\u202fpkt.). Za artyku\u0142y negatywnie zrecenzowane nie b\u0119d\u0105 zwracane koszty publikacji.<\/p>\n","protected":false},"excerpt":{"rendered":"<p>25.05.2025 r. \u2013 ostateczna data rejestracji udzia\u0142u w konferencji 30.06.2025 r. \u2013 ostateczna data przes\u0142ania artyku\u0142u do publikacji Op\u0142at\u0119 konferencyjn\u0105 nale\u017cy przes\u0142a\u0107 w terminie\u202fdo 26 maja br. na konto bankowe Akademii \u0141om\u017cy\u0144skiej: 46 2490 0005 0000 4600 5509 4822 z dopiskiem \u201cForum Ochrona ludno\u015bci, imi\u0119 i nazwisko uczestnika\u201d. 350 z\u0142 \u2013 pe\u0142ny udzia\u0142 w Forum [&hellip;]<\/p>\n","protected":false},"author":1,"featured_media":0,"parent":0,"menu_order":0,"comment_status":"closed","ping_status":"closed","template":"","meta":{"footnotes":""},"class_list":["post-34","page","type-page","status-publish","hentry"],"_links":{"self":[{"href":"https:\/\/al.edu.pl\/forumochronyludnosci\/wp-json\/wp\/v2\/pages\/34","targetHints":{"allow":["GET"]}}],"collection":[{"href":"https:\/\/al.edu.pl\/forumochronyludnosci\/wp-json\/wp\/v2\/pages"}],"about":[{"href":"https:\/\/al.edu.pl\/forumochronyludnosci\/wp-json\/wp\/v2\/types\/page"}],"author":[{"embeddable":true,"href":"https:\/\/al.edu.pl\/forumochronyludnosci\/wp-json\/wp\/v2\/users\/1"}],"replies":[{"embeddable":true,"href":"https:\/\/al.edu.pl\/forumochronyludnosci\/wp-json\/wp\/v2\/comments?post=34"}],"version-history":[{"count":6,"href":"https:\/\/al.edu.pl\/forumochronyludnosci\/wp-json\/wp\/v2\/pages\/34\/revisions"}],"predecessor-version":[{"id":105,"href":"https:\/\/al.edu.pl\/forumochronyludnosci\/wp-json\/wp\/v2\/pages\/34\/revisions\/105"}],"wp:attachment":[{"href":"https:\/\/al.edu.pl\/forumochronyludnosci\/wp-json\/wp\/v2\/media?parent=34"}],"curies":[{"name":"wp","href":"https:\/\/api.w.org\/{rel}","templated":true}]}}