{"id":31,"date":"2025-02-12T09:28:35","date_gmt":"2025-02-12T08:28:35","guid":{"rendered":"https:\/\/al.edu.pl\/forumochronyludnosci\/?page_id=31"},"modified":"2025-04-09T08:53:55","modified_gmt":"2025-04-09T06:53:55","slug":"komitet-i-rada","status":"publish","type":"page","link":"https:\/\/al.edu.pl\/forumochronyludnosci\/komitet-i-rada\/","title":{"rendered":"Komitet i Rada"},"content":{"rendered":"\n<h2 class=\"wp-block-heading\"><strong>Komitet Organizacyjny Konferencji:<\/strong>&nbsp;<\/h2>\n\n\n\n<ol start=\"1\" class=\"wp-block-list\">\n<li><strong>dr Ewa Jakubiak<\/strong> (Przewodnicz\u0105ca Komitetu Organizacyjnego, A\u0141) &#8211; tel. 515 197&nbsp;512<\/li>\n\n\n\n<li><strong>dr Pawe\u0142 Zaj\u0105c<\/strong> (Wiceprzewodnicz\u0105cy Komitetu Organizacyjnego)<\/li>\n\n\n\n<li><strong>dr Julia W. Tocicka<\/strong> (Cz\u0142onek Komitetu Organizacyjnego, SGH)<\/li>\n\n\n\n<li><strong>dr Katarzyna Jurewicz-Bakun<\/strong> (sekretarz)<\/li>\n<\/ol>\n\n\n\n<h2 class=\"wp-block-heading\"><strong>Rada Naukowa Konferencji:<\/strong>&nbsp;<\/h2>\n\n\n\n<ol class=\"wp-block-list\">\n<li><strong>dr hab. in\u017c. Bogdan Michailiuk, (prof. ASzWoj) \u2013 <\/strong>przewodnicz\u0105cy<\/li>\n\n\n\n<li><strong>m\u0142. bryg. dr hab. in\u017c. Pawe\u0142 Gromek, prof. APo\u017c <\/strong>(Akademia Po\u017carnicza)- viceprzewodnicz\u0105cy<\/li>\n\n\n\n<li><strong>doc. prof. dr. Valentina Burk\u0161ien\u0117 <\/strong>(K\u0142ajpeda Uniwersytet)<\/li>\n\n\n\n<li><strong>prof. dr. Jaroslav Dvorak <\/strong>(K\u0142ajpeda Uniwersytet)<\/li>\n\n\n\n<li><strong>prof. dr hab. Rados\u0142aw&nbsp;\u0160\u010durek<\/strong> \u2013 (VSB. Technical University Ostrava, Czech Republic)<\/li>\n\n\n\n<li><strong>prof. dr hab. Ihor Cependa<\/strong> (Uniwersytet Przykarpacki im. Wasyla Stefanyka<br>w Iwano-Frankiw\u015bku na Ukrainie, rektor)<\/li>\n\n\n\n<li><strong>prof. dr hab. Marcin Jurgilewicz<\/strong> (Politechnika Rzeszowska)<\/li>\n\n\n\n<li><strong>dr hab. Zdzis\u0142aw \u015aliwa<\/strong> (Baltic Defence College Estonia)<\/li>\n\n\n\n<li><strong>dr hab. Anna Ostrowska, prof. A\u0141<\/strong> (Akademia \u0141om\u017cy\u0144ska)<\/li>\n\n\n\n<li><strong>dr hab. Aleksander Werner, prof. SGH<\/strong> (Szko\u0142a G\u0142\u00f3wna Handlowa w Warszawie)<\/li>\n\n\n\n<li><strong>dr hab. Ewa Pierzcha\u0142a, prof. UO<\/strong> (Uniwersytet Opolski)<\/li>\n\n\n\n<li><strong>bryg. dr hab. in\u017c. Marcin Anszczak <\/strong>(Komenda Miejska Pa\u0144stwowej Stra\u017cy Po\u017carnej w Bia\u0142ymstoku)<\/li>\n\n\n\n<li><strong>p\u0142k. w st. spocz. dr hab. in\u017c. Kachkar Yevhen Volodymyrovych <\/strong>(Kierownik Centrum Edukacyjno-Szkoleniowego Czerkaskiego Instytutu Kszta\u0142cenia Podyplomowego Pracownik\u00f3w Pedagogicznych Rady Obwodu Czerkaskiego);<\/li>\n\n\n\n<li><strong>p\u0142k. dr in\u017c. Kovalyov Andrii Inanovych <\/strong>(Kierownik Katedry Innowacji i Dzia\u0142alno\u015bci Patentowej Centrum Naukowo-Innowacyjnego Narodowego Uniwersytetu Ochrony Ludno\u015bci Ukrainy w Charkowie)<\/li>\n\n\n\n<li><strong>m\u0142. bryg. dr in\u017c. Adrian Bralewski <\/strong>(Akademia Po\u017carnicza)<\/li>\n\n\n\n<li><strong>dr Piotr Hac<\/strong> (Dyrektor Biura Analiz Bezpiecze\u0144stwa ORLEN S.A.)<\/li>\n\n\n\n<li><strong>st. bryg. dr in\u017c. Dariusz Marczy\u0144ski <\/strong>(Dyrektor Departamentu Ochrony Ludno\u015bci Zarz\u0105dzania Kryzysowego MSWiA)<\/li>\n\n\n\n<li><strong>st. bryg. w st. spocz. dr in\u017c. Grzegorz BUGAJ<\/strong> (Stowarzyszenie Specjalist\u00f3w ds. Bezpiecze\u0144stwa CBRNE)<\/li>\n\n\n\n<li><strong>dr Mariusz Urban<\/strong> (Stowarzyszenie Specjalist\u00f3w ds. Bezpiecze\u0144stwa CBRNE)<\/li>\n\n\n\n<li><strong>dr Aleksander Olech<\/strong> (Defence24)<\/li>\n\n\n\n<li><strong>dr Sylwia Szybowska<\/strong> (Akademia im. Jakuba z Parady\u017ca w Gorzowie Wielkopolskim)<\/li>\n\n\n\n<li><strong>dr S\u0142awomir Gromadzki <\/strong>(Pa\u0144stwowa Akademia Nauk Stosowanych im. Ignacego Mo\u015bcickiego w Ciechanowie)<\/li>\n\n\n\n<li><strong>dr in\u017c. Zofia Julia Miko\u0142aj\u00f3wna (<\/strong>Kierownik Centrum Edukacyjno-Szkoleniowego Czerkaskiego Instytutu Kszta\u0142cenia Podyplomowego Pracownik\u00f3w Pedagogicznych Rady Obwodu Czerkaskiego)<\/li>\n\n\n\n<li><strong>m\u0142. bryg. dr in\u017c. Marcin \u0141apicz <\/strong>(Akademia Po\u017carnicza)<\/li>\n\n\n\n<li><strong>m\u0142. bryg. dr in\u017c. Jacek Kalinko <\/strong>(Akademia Po\u017carnicza)<\/li>\n\n\n\n<li><strong>dr Daria Olender <\/strong>(Uniwersytet Warmi\u0144sko-Mazurski w Olsztynie)<\/li>\n\n\n\n<li><strong>dr Julia W. Tocicka <\/strong>(Szko\u0142a G\u00f3wna Handlowa)<\/li>\n\n\n\n<li><strong>dr Irmina Denysiuk<\/strong> (Akademia Sztuki Wojennej)<\/li>\n\n\n\n<li><strong>dr Pawe\u0142 Zaj\u0105c<\/strong> (Akademia \u0141om\u017cy\u0144ska)<\/li>\n\n\n\n<li><strong>dr Ewa Jakubiak <\/strong>(Akademia \u0141om\u017cy\u0144ska)<\/li>\n\n\n\n<li><strong>dr Katarzyna Jurewicz- Bakun <\/strong>(Akademia \u0141om\u017cy\u0144ska)<\/li>\n<\/ol>\n","protected":false},"excerpt":{"rendered":"<p>Komitet Organizacyjny Konferencji:&nbsp; Rada Naukowa Konferencji:&nbsp;<\/p>\n","protected":false},"author":1,"featured_media":0,"parent":0,"menu_order":0,"comment_status":"closed","ping_status":"closed","template":"","meta":{"footnotes":""},"class_list":["post-31","page","type-page","status-publish","hentry"],"_links":{"self":[{"href":"https:\/\/al.edu.pl\/forumochronyludnosci\/wp-json\/wp\/v2\/pages\/31","targetHints":{"allow":["GET"]}}],"collection":[{"href":"https:\/\/al.edu.pl\/forumochronyludnosci\/wp-json\/wp\/v2\/pages"}],"about":[{"href":"https:\/\/al.edu.pl\/forumochronyludnosci\/wp-json\/wp\/v2\/types\/page"}],"author":[{"embeddable":true,"href":"https:\/\/al.edu.pl\/forumochronyludnosci\/wp-json\/wp\/v2\/users\/1"}],"replies":[{"embeddable":true,"href":"https:\/\/al.edu.pl\/forumochronyludnosci\/wp-json\/wp\/v2\/comments?post=31"}],"version-history":[{"count":17,"href":"https:\/\/al.edu.pl\/forumochronyludnosci\/wp-json\/wp\/v2\/pages\/31\/revisions"}],"predecessor-version":[{"id":100,"href":"https:\/\/al.edu.pl\/forumochronyludnosci\/wp-json\/wp\/v2\/pages\/31\/revisions\/100"}],"wp:attachment":[{"href":"https:\/\/al.edu.pl\/forumochronyludnosci\/wp-json\/wp\/v2\/media?parent=31"}],"curies":[{"name":"wp","href":"https:\/\/api.w.org\/{rel}","templated":true}]}}