{"id":28,"date":"2025-02-12T09:27:38","date_gmt":"2025-02-12T08:27:38","guid":{"rendered":"https:\/\/al.edu.pl\/forumochronyludnosci\/?page_id=28"},"modified":"2025-06-02T14:39:58","modified_gmt":"2025-06-02T12:39:58","slug":"panele","status":"publish","type":"page","link":"https:\/\/al.edu.pl\/forumochronyludnosci\/panele\/","title":{"rendered":"Panele"},"content":{"rendered":"\n<p>9.30 \u2013 10.00 REJESTRACJA UCZESTNIK\u00d3W<\/p>\n\n\n\n<p>10.00 Powitanie uczestnik\u00f3w i otwarcie konferencji- Dziekan Wydzia\u0142u Prawa<br>\u00a0i Administracji dr Pawe\u0142 Zaj\u0105c<\/p>\n\n\n\n<p><strong>10.15 Wyk\u0142ad wprowadzaj\u0105cy \u2013<\/strong> <strong>dr hab. in\u017c.\u00a0Bogdan Michailiuk, prof. ASzWoj (Akademia Sztuki Wojennej w Warszawie) <em>Ochrona ludno\u015bci i obrona cywilna \u2013 wybrane zagadnienia<\/em><\/strong><\/p>\n\n\n\n<h2 class=\"wp-block-heading\">Panel 1. Zarz\u0105dzanie kryzysowe i ratownictwo<\/h2>\n\n\n\n<p><strong>Moderator: m\u0142. bryg. dr in\u017c. <\/strong><strong>Adrian Bralewski Akademia Po\u017carnicza w Warszawie<\/strong><\/p>\n\n\n\n<p>10.40-12.00 (AULA, sala 315)<\/p>\n\n\n\n<p>10.40-10.55 dr Aleksander Ksawery Olech (DEFENCE 24) <strong><em>Hybrid attacks by the Russian Federation against Poland in recent years<\/em><\/strong><\/p>\n\n\n\n<p><em>10.55-11.10 PhD Mgr. Franti\u0161ek Ka\u0161ick\u00fd, (Mayor of the \u010cast\u00e1 commune Slovakia) <\/em><strong><em>Current<\/em><\/strong><em> <\/em><strong><em>Issues of Crisis Management and Security from the perspective of Slovak Municipalities<\/em><\/strong><em><\/em><\/p>\n\n\n\n<p>11.10-11.25 mgr August \u017bywczyk\u00a0<em>(Wiceprezes Zarz\u0105du DEFENCE 24<\/em><em>)<\/em> <strong><em>Obrona cywilna\u00a0w Polsce w czasach kryzysu: Od pandemii do wojny w Ukrainie<\/em><\/strong><\/p>\n\n\n\n<p>11.25-11.45 st. bryg. w st. spocz. dr in\u017c. Grzegorz Bugaj (Stowarzyszenie CBRNE, Akademia Po\u017carnicza w Warszawie) <strong><em>Stra\u017c Po\u017carna w systemie ochrony ludno\u015bci- ci\u0105g\u0142o\u015b\u0107 zada\u0144 w pokoju i w czasie wojny<\/em><\/strong><\/p>\n\n\n\n<p>11.45-12.00 bryg. mgr. in\u017c. Piotr Micha\u0142ek (Komenda PSP w Kra\u015bniku, Akademia Po\u017carnicza w Warszawie) <strong><em>Edukacja i kampanie spo\u0142eczne jako narz\u0119dzia wykorzystywane przez Pa\u0144stwow\u0105 Stra\u017c Po\u017carn\u0105 w budowaniu nowej architektury ochrony ludno\u015bci<\/em><\/strong><\/p>\n\n\n\n<p>12.00-12.15 bryg. dr hab. in\u017c. Marcin Anszczak (z-ca Komendanta Miejskiego PSP w&nbsp;Bia\u0142ymstoku) <strong><em>Koncepcja organizacji dekontaminacji w systemie bezpiecze\u0144stwa&nbsp;RP<\/em><\/strong><\/p>\n\n\n\n<p>12.15-12.30 DYSKUSJA<\/p>\n\n\n\n<p>12.30-12.45 PRZERWA KAWOWA<\/p>\n\n\n\n<h2 class=\"wp-block-heading\">Panel 2. Ochrona ludno\u015bci \u2013 nowe perspektywy<\/h2>\n\n\n\n<p><strong>Moderator: dr Julia Wioletta Tocicka \u2013 Szko\u0142a G\u0142\u00f3wna Handlowa w Warszawie<\/strong><\/p>\n\n\n\n<p>12.45-14.15 (AULA, sala 315)<\/p>\n\n\n\n<p>12.45-13.00 dr Marcin Radzi\u0142owicz (Sekretarz Miasta w E\u0142ku, Uniwersytet Warmi\u0144sko- Mazurski w Olsztynie Filia w E\u0142ku) <strong><em>Legislacyjno-prawne problemy\u00a0w stosowaniu ustawy o ochronie ludno\u015bci i obronie cywilnej<\/em><\/strong><\/p>\n\n\n\n<p>13.00-13.15 dr Wojciech Wasilewski (Akademia Mazowiecka w P\u0142ocku) <strong><em>Kierowanie ochron\u0105 ludno\u015bci i obrona cywiln\u0105<\/em><\/strong><\/p>\n\n\n\n<p>13.15-13.30 dr Tomasz \u017by\u0142ka \u2013 (Inspektor ds. obronnych, OC i ZK Urz\u0119du Gminy Bukowsko) <strong><em>Rola i miejsce gminy (miasta) we wsp\u00f3\u0142czesnym systemie ochrony ludno\u015bci<\/em><\/strong><\/p>\n\n\n\n<p>13.30-13.45 dr Jerzy Trocha (Akademia Wymiaru Sprawiedliwo\u015bci w Warszawie) <strong><em>Potencja\u0142 kolejowych budowli ochronnych na rzecz obrony cywilnej<\/em><\/strong><\/p>\n\n\n\n<p>13.45-14.00 dr Jacek Pietraszewski (Pa\u0144stwowa Uczelnia Zawodowa w Suwa\u0142kach) <strong><em>Rola komunikacji w ochronie ludno\u015bci<\/em><\/strong><\/p>\n\n\n\n<p>14.00-14.15 m\u0142. bryg. dr in\u017c. Adrian Bralewski (Akademia Po\u017carnicza) <strong><em>Dedykowane gry decyzyjne jako narz\u0119dzia budowania kompetencji z zakresu ochrony ludno\u015bci<\/em><\/strong><\/p>\n\n\n\n<p>14.15-14.30 PRZERWA KAWOWA<\/p>\n\n\n\n<h2 class=\"wp-block-heading\">Panel 3. Ochrona Infrastruktury Krytycznej \u2013 niezawodno\u015b\u0107 i odporno\u015b\u0107<\/h2>\n\n\n\n<p><strong>Moderator: dr Ewa Jakubiak\u2013Akademia \u0141om\u017cy\u0144ska<\/strong><\/p>\n\n\n\n<p>14.30-15.30 (AULA, sala 315)<\/p>\n\n\n\n<p>14.30-14.45 dr Witold Kustra (Akademia Sztuki Wojennej w Warszawie) <strong><em>Ochrona infrastruktury morskiej<\/em><\/strong><\/p>\n\n\n\n<p>14.45-15.00 dr Piotr Hac (Dyrektor Biura Analiz Bezpiecze\u0144stwa ORLEN S.A.) <strong><em>Wsp\u00f3\u0142dzia\u0142anie w ochronie infrastruktury krytycznej- oczekiwanie i&nbsp;rzeczywisto\u015b\u0107<\/em><\/strong><\/p>\n\n\n\n<p>15.00-15.15 dr Jerzy Trocha (Akademia Wymiaru Sprawiedliwo\u015bci), Monika Gmyrek (Akademia Wymiaru Sprawiedliwo\u015bci) <strong><em>Miejsce i rola dworcowej infrastruktury krytycznej w obliczu zagro\u017ce\u0144 militarnych<\/em><\/strong><\/p>\n\n\n\n<p>15.15-15.30 mgr in\u017c. Mariusz Brzozowski (Uniwersytet Warmi\u0144sko-Mazurski w Olsztynie) <strong><em>Nadchodz\u0105ce zmiany w ochronie infrastruktury krytycznej \u2013 wyzwania<\/em><\/strong><\/p>\n\n\n\n<p>15.30-15.45 dr Daria Olender (Uniwersytet Warmi\u0144sko- Mazurski w Olsztynie) <strong><em>Dylematy i&nbsp;wyzwania infrastruktury krytycznej w regionie Morza Ba\u0142tyckiego<\/em><\/strong><\/p>\n\n\n\n<p>15.45-16.00 PODSUMOWANIE I ZAKO\u0143CZENIE KONFERENCJI<\/p>\n","protected":false},"excerpt":{"rendered":"<p>9.30 \u2013 10.00 REJESTRACJA UCZESTNIK\u00d3W 10.00 Powitanie uczestnik\u00f3w i otwarcie konferencji- Dziekan Wydzia\u0142u Prawa\u00a0i Administracji dr Pawe\u0142 Zaj\u0105c 10.15 Wyk\u0142ad wprowadzaj\u0105cy \u2013 dr hab. in\u017c.\u00a0Bogdan Michailiuk, prof. ASzWoj (Akademia Sztuki Wojennej w Warszawie) Ochrona ludno\u015bci i obrona cywilna \u2013 wybrane zagadnienia Panel 1. Zarz\u0105dzanie kryzysowe i ratownictwo Moderator: m\u0142. bryg. dr in\u017c. Adrian Bralewski Akademia [&hellip;]<\/p>\n","protected":false},"author":1,"featured_media":0,"parent":0,"menu_order":0,"comment_status":"closed","ping_status":"closed","template":"","meta":{"footnotes":""},"class_list":["post-28","page","type-page","status-publish","hentry"],"_links":{"self":[{"href":"https:\/\/al.edu.pl\/forumochronyludnosci\/wp-json\/wp\/v2\/pages\/28","targetHints":{"allow":["GET"]}}],"collection":[{"href":"https:\/\/al.edu.pl\/forumochronyludnosci\/wp-json\/wp\/v2\/pages"}],"about":[{"href":"https:\/\/al.edu.pl\/forumochronyludnosci\/wp-json\/wp\/v2\/types\/page"}],"author":[{"embeddable":true,"href":"https:\/\/al.edu.pl\/forumochronyludnosci\/wp-json\/wp\/v2\/users\/1"}],"replies":[{"embeddable":true,"href":"https:\/\/al.edu.pl\/forumochronyludnosci\/wp-json\/wp\/v2\/comments?post=28"}],"version-history":[{"count":22,"href":"https:\/\/al.edu.pl\/forumochronyludnosci\/wp-json\/wp\/v2\/pages\/28\/revisions"}],"predecessor-version":[{"id":130,"href":"https:\/\/al.edu.pl\/forumochronyludnosci\/wp-json\/wp\/v2\/pages\/28\/revisions\/130"}],"wp:attachment":[{"href":"https:\/\/al.edu.pl\/forumochronyludnosci\/wp-json\/wp\/v2\/media?parent=28"}],"curies":[{"name":"wp","href":"https:\/\/api.w.org\/{rel}","templated":true}]}}