{"id":2,"date":"2025-02-12T08:26:37","date_gmt":"2025-02-12T07:26:37","guid":{"rendered":"https:\/\/al.edu.pl\/forumochronyludnosci\/?page_id=2"},"modified":"2025-02-26T09:19:50","modified_gmt":"2025-02-26T08:19:50","slug":"przykladowa-strona","status":"publish","type":"page","link":"https:\/\/al.edu.pl\/forumochronyludnosci\/","title":{"rendered":"O konferencji"},"content":{"rendered":"\n<p class=\"has-text-align-center is-style-default\"><strong>I Mi\u0119dzynarodowe Forum Ochrony Ludno\u015bci<\/strong>\u00a0<br>3 czerwca 2025 r.\u00a0<br>Akademia \u0141om\u017cy\u0144ska\u00a0<br>godz. 10.00 \u2013 16.30\u00a0<br>Akademia \u0141om\u017cy\u0144ska, ul. Akademicka 14, Aula s. 315\u00a0<br>J\u0119zyki konferencji: polski i angielski<\/p>\n\n\n\n<p class=\"has-text-align-center\"><strong>Organizator Forum<\/strong><br>Wydzia\u0142 Prawa i Administracji oraz Katedra Nauk Prawnych<\/p>\n\n\n\n<p><strong>O konferencji:<\/strong>&nbsp;<\/p>\n\n\n\n<p>Ide\u0105 I Mi\u0119dzynarodowego Forum Ochrony Ludno\u015bci jest analiza prawnych&nbsp;i organizacyjnych aspekt\u00f3w wdra\u017cania ustawy o ochronie ludno\u015bci i obronie cywilnej, &nbsp;z uwzgl\u0119dnieniem potrzeb r\u00f3\u017cnych grup interesariuszy.<\/p>\n\n\n\n<p>Ochrona ludno\u015bci jest kluczowym obowi\u0105zkiem ka\u017cdego pa\u0144stwa skoncentrowanym na zapewnieniu bezpiecze\u0144stwa \u017cycia i zdrowia obywateli, mienia, dziedzictwa kulturowego i \u015brodowiska naturalnego na ka\u017cdy rodzaj wyst\u0105pienia zagro\u017cenia, w tym &nbsp;o charakterze militarnym. Podstaw\u0105 do budowania systemu ochrony ludno\u015bci i obrony cywilnej w Rzeczypospolitej Polskiej jest ustawa z dnia 5 grudnia 2024 r. o ochronie ludno\u015bci i obronie cywilnej. Przepisy te wprowadzaj\u0105 istotne zmiany maj\u0105ce na celu popraw\u0119 zdolno\u015bci do wzmacniania odporno\u015bci pa\u0144stwa na wszelkie zagro\u017cenia, w tym wynikaj\u0105ce z sytuacji kryzysowych, a przede wszystkim maj\u0105cym na celu podniesienie poziomu bezpiecze\u0144stwa ludno\u015bci.&nbsp;<\/p>\n\n\n\n<p>Nowowprowadzone przepisy podkre\u015blaj\u0105 ponadto znaczenie edukacji i jej roli &nbsp;w budowaniu \u015bwiadomo\u015bci spo\u0142eczno\u015bci lokalnych na wsp\u00f3\u0142czesne zagro\u017cenia. Wprowadzenie regularnych szkole\u0144 i \u0107wicze\u0144, z udzia\u0142em obywateli ma na celu przygotowanie ludno\u015bci na mo\u017cliwe liczne zagro\u017cenia oraz zwi\u0119kszenie umiej\u0119tno\u015bci radzenia sobie w sytuacjach ich wyst\u0105pienia oraz mi\u0119dzynarodow\u0105 w tej dziedzinie.<\/p>\n\n\n\n<p>Celem Forum jest stworzenie interdyscyplinarnej platformy wymiany wiedzy &nbsp;i do\u015bwiadcze\u0144, umo\u017cliwiaj\u0105cej sprawne wdra\u017canie kompleksowych rozwi\u0105za\u0144 przewidzianych now\u0105 ustaw\u0105 o ochronie ludno\u015bci i obronie cywilnej.&nbsp;<\/p>\n","protected":false},"excerpt":{"rendered":"<p>I Mi\u0119dzynarodowe Forum Ochrony Ludno\u015bci\u00a03 czerwca 2025 r.\u00a0Akademia \u0141om\u017cy\u0144ska\u00a0godz. 10.00 \u2013 16.30\u00a0Akademia \u0141om\u017cy\u0144ska, ul. Akademicka 14, Aula s. 315\u00a0J\u0119zyki konferencji: polski i angielski Organizator ForumWydzia\u0142 Prawa i Administracji oraz Katedra Nauk Prawnych O konferencji:&nbsp; Ide\u0105 I Mi\u0119dzynarodowego Forum Ochrony Ludno\u015bci jest analiza prawnych&nbsp;i organizacyjnych aspekt\u00f3w wdra\u017cania ustawy o ochronie ludno\u015bci i obronie cywilnej, &nbsp;z uwzgl\u0119dnieniem [&hellip;]<\/p>\n","protected":false},"author":1,"featured_media":0,"parent":0,"menu_order":0,"comment_status":"closed","ping_status":"open","template":"","meta":{"footnotes":""},"class_list":["post-2","page","type-page","status-publish","hentry"],"_links":{"self":[{"href":"https:\/\/al.edu.pl\/forumochronyludnosci\/wp-json\/wp\/v2\/pages\/2","targetHints":{"allow":["GET"]}}],"collection":[{"href":"https:\/\/al.edu.pl\/forumochronyludnosci\/wp-json\/wp\/v2\/pages"}],"about":[{"href":"https:\/\/al.edu.pl\/forumochronyludnosci\/wp-json\/wp\/v2\/types\/page"}],"author":[{"embeddable":true,"href":"https:\/\/al.edu.pl\/forumochronyludnosci\/wp-json\/wp\/v2\/users\/1"}],"replies":[{"embeddable":true,"href":"https:\/\/al.edu.pl\/forumochronyludnosci\/wp-json\/wp\/v2\/comments?post=2"}],"version-history":[{"count":12,"href":"https:\/\/al.edu.pl\/forumochronyludnosci\/wp-json\/wp\/v2\/pages\/2\/revisions"}],"predecessor-version":[{"id":84,"href":"https:\/\/al.edu.pl\/forumochronyludnosci\/wp-json\/wp\/v2\/pages\/2\/revisions\/84"}],"wp:attachment":[{"href":"https:\/\/al.edu.pl\/forumochronyludnosci\/wp-json\/wp\/v2\/media?parent=2"}],"curies":[{"name":"wp","href":"https:\/\/api.w.org\/{rel}","templated":true}]}}