{"id":2,"date":"2025-07-09T12:53:27","date_gmt":"2025-07-09T10:53:27","guid":{"rendered":"https:\/\/al.edu.pl\/dzienabsolwenta\/?page_id=2"},"modified":"2025-09-10T11:25:25","modified_gmt":"2025-09-10T09:25:25","slug":"o-wydarzeniu","status":"publish","type":"page","link":"https:\/\/al.edu.pl\/dzienabsolwenta\/o-wydarzeniu\/","title":{"rendered":"O Wydarzeniu"},"content":{"rendered":"\n<p>Dzie\u0144 Absolwenta Akademii \u0141om\u017cy\u0144skiej to pierwsze oficjalne spotkanie, kt\u00f3re pozwala wr\u00f3ci\u0107 do miejsc, ludzi i wspomnie\u0144 zwi\u0105zanych z nasz\u0105 uczelni\u0105. To wyj\u0105tkowy czas refleksji, inspiracji oraz budowania relacji \u2013 zar\u00f3wno mi\u0119dzy absolwentami, jak i z obecnymi studentami czy pracownikami uczelni. <strong>Patronat honorowy nad wydarzeniem obj\u0105\u0142 Rektor Akademii \u0141om\u017cy\u0144skiej, dr hab. Dariusz Surowik, prof. A\u0141.<\/strong><\/p>\n\n\n\n<p>Wydarzenie organizowane jest przez Zak\u0142ad Technologii i Bezpiecze\u0144stwa \u017bywno\u015bci, ale ma charakter otwarty \u2013 zapraszamy wszystkich absolwent\u00f3w Akademii \u0141om\u017cy\u0144skiej, niezale\u017cnie od uko\u0144czonego kierunku.<\/p>\n\n\n\n<p>Spotkanie wpisuje si\u0119 tak\u017ce w dzia\u0142ania uczelni zwi\u0105zane z poznawaniem dalszych \u015bcie\u017cek zawodowych absolwent\u00f3w, co pomaga nam jeszcze lepiej wspiera\u0107 ich rozw\u00f3j i budowa\u0107 wi\u0119\u017a ze wsp\u00f3lnot\u0105 akademick\u0105. Wklej to w opisie po zdaniu: Spotykamy si\u0119 w auli, by wsp\u00f3lnie spojrze\u0107 na wyzwania wsp\u00f3\u0142czesnego \u015bwiata, porozmawia\u0107 o przysz\u0142o\u015bci uczelni i regionu oraz \u2013 przede wszystkim \u2013 zn\u00f3w poczu\u0107 si\u0119 cz\u0119\u015bci\u0105 naszej akademickiej wsp\u00f3lnoty.<\/p>\n\n\n\n<p>W ramach Dnia Absolwenta:<\/p>\n\n\n\n<ul class=\"wp-block-list\">\n<li>we\u017amiesz udzia\u0142 w panelu eksperckim po\u015bwi\u0119conym sztucznej inteligencji, mediom spo\u0142eczno\u015bciowym i samorealizacji,<\/li>\n\n\n\n<li>wys\u0142uchasz dyskusji o roli absolwent\u00f3w w rozwoju uczelni i regionu,<\/li>\n\n\n\n<li>poznasz za\u0142o\u017cenia powstaj\u0105cego Stowarzyszenia Absolwent\u00f3w Akademii \u0141om\u017cy\u0144skiej,<\/li>\n\n\n\n<li>spotkasz znajomych z roku i wyk\u0142adowc\u00f3w,<\/li>\n\n\n\n<li>sp\u0119dzisz czas w przyjaznej, lu\u017anej atmosferze \u2013 z kaw\u0105, pocz\u0119stunkiem i dobrym klimatem.<\/li>\n<\/ul>\n\n\n\n<p>Dzie\u0144 Absolwenta odbywa\u0107 si\u0119 b\u0119dzie co roku w pa\u017adzierniku \u2013 do\u0142\u0105cz do naszej nowej tradycji!<\/p>\n","protected":false},"excerpt":{"rendered":"<p>Dzie\u0144 Absolwenta Akademii \u0141om\u017cy\u0144skiej to pierwsze oficjalne spotkanie, kt\u00f3re pozwala wr\u00f3ci\u0107 do miejsc, ludzi i wspomnie\u0144 zwi\u0105zanych z nasz\u0105 uczelni\u0105. To wyj\u0105tkowy czas refleksji, inspiracji oraz budowania relacji \u2013 zar\u00f3wno mi\u0119dzy absolwentami, jak i z obecnymi studentami czy pracownikami uczelni. Patronat honorowy nad wydarzeniem obj\u0105\u0142 Rektor Akademii \u0141om\u017cy\u0144skiej, dr hab. Dariusz Surowik, prof. A\u0141. Wydarzenie [&hellip;]<\/p>\n","protected":false},"author":1,"featured_media":0,"parent":0,"menu_order":0,"comment_status":"closed","ping_status":"open","template":"","meta":{"saved_in_kubio":false,"footnotes":""},"class_list":["post-2","page","type-page","status-publish","hentry"],"kubio_ai_page_context":{"short_desc":"","purpose":"general"},"_links":{"self":[{"href":"https:\/\/al.edu.pl\/dzienabsolwenta\/wp-json\/wp\/v2\/pages\/2","targetHints":{"allow":["GET"]}}],"collection":[{"href":"https:\/\/al.edu.pl\/dzienabsolwenta\/wp-json\/wp\/v2\/pages"}],"about":[{"href":"https:\/\/al.edu.pl\/dzienabsolwenta\/wp-json\/wp\/v2\/types\/page"}],"author":[{"embeddable":true,"href":"https:\/\/al.edu.pl\/dzienabsolwenta\/wp-json\/wp\/v2\/users\/1"}],"replies":[{"embeddable":true,"href":"https:\/\/al.edu.pl\/dzienabsolwenta\/wp-json\/wp\/v2\/comments?post=2"}],"version-history":[{"count":7,"href":"https:\/\/al.edu.pl\/dzienabsolwenta\/wp-json\/wp\/v2\/pages\/2\/revisions"}],"predecessor-version":[{"id":197,"href":"https:\/\/al.edu.pl\/dzienabsolwenta\/wp-json\/wp\/v2\/pages\/2\/revisions\/197"}],"wp:attachment":[{"href":"https:\/\/al.edu.pl\/dzienabsolwenta\/wp-json\/wp\/v2\/media?parent=2"}],"curies":[{"name":"wp","href":"https:\/\/api.w.org\/{rel}","templated":true}]}}