{"id":183,"date":"2025-09-10T10:13:31","date_gmt":"2025-09-10T08:13:31","guid":{"rendered":"https:\/\/al.edu.pl\/dzienabsolwenta\/?page_id=183"},"modified":"2025-09-10T10:27:15","modified_gmt":"2025-09-10T08:27:15","slug":"bazy-danych-absolwentow","status":"publish","type":"page","link":"https:\/\/al.edu.pl\/dzienabsolwenta\/bazy-danych-absolwentow\/","title":{"rendered":"Bazy danych absolwent\u00f3w"},"content":{"rendered":"\n<p>Informujemy, \u017ce Akademia \u0141om\u017cy\u0144ska, kieruj\u0105c si\u0119 propagowaniem dziedzictwa akademickiego oraz d\u0105\u017ceniem do integracji spo\u0142eczno\u015bci akademickiej, planuje stworzy\u0107 baz\u0119 absolwent\u00f3w, zwi\u0105zan\u0105 z ide\u0105 powo\u0142ania Stowarzyszenia Absolwent\u00f3w Akademii \u0141om\u017cy\u0144skiej, kt\u00f3ra umo\u017cliwi kontakt z absolwentami, w szczeg\u00f3lno\u015bci w celu informowania o wydarzeniach uczelnianych.<\/p>\n\n\n\n<p>W zwi\u0105zku z powy\u017cszym, je\u015bli wyra\u017caj\u0105 Pa\u0144stwo na to zgod\u0119 prosimy o zaznaczenie stosownego o\u015bwiadczenia<\/p>\n","protected":false},"excerpt":{"rendered":"<p>Informujemy, \u017ce Akademia \u0141om\u017cy\u0144ska, kieruj\u0105c si\u0119 propagowaniem dziedzictwa akademickiego oraz d\u0105\u017ceniem do integracji spo\u0142eczno\u015bci akademickiej, planuje stworzy\u0107 baz\u0119 absolwent\u00f3w, zwi\u0105zan\u0105 z ide\u0105 powo\u0142ania Stowarzyszenia Absolwent\u00f3w Akademii \u0141om\u017cy\u0144skiej, kt\u00f3ra umo\u017cliwi kontakt z absolwentami, w szczeg\u00f3lno\u015bci w celu informowania o wydarzeniach uczelnianych. W zwi\u0105zku z powy\u017cszym, je\u015bli wyra\u017caj\u0105 Pa\u0144stwo na to zgod\u0119 prosimy o zaznaczenie stosownego o\u015bwiadczenia<\/p>\n","protected":false},"author":1,"featured_media":0,"parent":0,"menu_order":0,"comment_status":"closed","ping_status":"closed","template":"","meta":{"saved_in_kubio":false,"footnotes":""},"class_list":["post-183","page","type-page","status-publish","hentry"],"kubio_ai_page_context":{"short_desc":"","purpose":"general"},"_links":{"self":[{"href":"https:\/\/al.edu.pl\/dzienabsolwenta\/wp-json\/wp\/v2\/pages\/183","targetHints":{"allow":["GET"]}}],"collection":[{"href":"https:\/\/al.edu.pl\/dzienabsolwenta\/wp-json\/wp\/v2\/pages"}],"about":[{"href":"https:\/\/al.edu.pl\/dzienabsolwenta\/wp-json\/wp\/v2\/types\/page"}],"author":[{"embeddable":true,"href":"https:\/\/al.edu.pl\/dzienabsolwenta\/wp-json\/wp\/v2\/users\/1"}],"replies":[{"embeddable":true,"href":"https:\/\/al.edu.pl\/dzienabsolwenta\/wp-json\/wp\/v2\/comments?post=183"}],"version-history":[{"count":4,"href":"https:\/\/al.edu.pl\/dzienabsolwenta\/wp-json\/wp\/v2\/pages\/183\/revisions"}],"predecessor-version":[{"id":190,"href":"https:\/\/al.edu.pl\/dzienabsolwenta\/wp-json\/wp\/v2\/pages\/183\/revisions\/190"}],"wp:attachment":[{"href":"https:\/\/al.edu.pl\/dzienabsolwenta\/wp-json\/wp\/v2\/media?parent=183"}],"curies":[{"name":"wp","href":"https:\/\/api.w.org\/{rel}","templated":true}]}}