{"id":352,"date":"2026-01-23T10:29:35","date_gmt":"2026-01-23T09:29:35","guid":{"rendered":"https:\/\/al.edu.pl\/dostepnaplus\/?page_id=352"},"modified":"2026-01-23T11:03:03","modified_gmt":"2026-01-23T10:03:03","slug":"aktualnosci","status":"publish","type":"page","link":"https:\/\/al.edu.pl\/dostepnaplus\/aktualnosci\/","title":{"rendered":"Aktualno\u015bci"},"content":{"rendered":"\n<div class=\"wp-block-query alignfull is-layout-flow wp-block-query-is-layout-flow\"><ul class=\"alignfull wp-block-post-template is-layout-flow wp-block-post-template-is-layout-flow\"><li class=\"wp-block-post post-371 post type-post status-publish format-standard hentry category-aktualnosci\">\n\n<div class=\"wp-block-group alignfull is-style-default has-global-padding is-layout-constrained wp-block-group-is-layout-constrained\" style=\"padding-top:0;padding-bottom:0\"><div style=\"margin-top:var(--wp--preset--spacing--40);\" class=\"wp-block-post-date has-medium-font-size\"><time datetime=\"2026-04-17T09:49:47+02:00\"><a href=\"https:\/\/al.edu.pl\/dostepnaplus\/zmieniamy-sie-dla-was\/\">2026-04-17<\/a><\/time><\/div>\n\n<h2 class=\"wp-block-post-title has-x-large-font-size\"><a href=\"https:\/\/al.edu.pl\/dostepnaplus\/zmieniamy-sie-dla-was\/\" target=\"_self\" >Zmieniamy si\u0119 dla Was!<\/a><\/h2>\n\n\n\n<div class=\"entry-content alignfull wp-block-post-content has-medium-font-size has-global-padding is-layout-constrained wp-block-post-content-is-layout-constrained\">\n<p>W Akademii \u0141om\u017cy\u0144skiej pojawi\u0142y si\u0119 nowe sprz\u0119ty zwi\u0119kszaj\u0105ce dost\u0119pno\u015b\u0107 uczelni:<\/p>\n\n\n\n<ul class=\"wp-block-list\">\n<li>Drukarka 3D<\/li>\n\n\n\n<li>Urz\u0105dzenie wielofunkcyjne<\/li>\n\n\n\n<li>Kamery do wideokonferencji<\/li>\n\n\n\n<li>Podjazdy do sal wyk\u0142adowych<\/li>\n\n\n\n<li>Krzes\u0142a ergonomiczne dla pracownik\u00f3w administracyjnych<\/li>\n\n\n\n<li>Okulary dla niewidomych i s\u0142abowidz\u0105cych<\/li>\n<\/ul>\n\n\n\n<figure class=\"wp-block-gallery has-nested-images columns-default is-cropped wp-block-gallery-1 is-layout-flex wp-block-gallery-is-layout-flex\">\n<figure class=\"wp-block-image size-large\"><img decoding=\"async\" data-id=\"375\" src=\"https:\/\/al.edu.pl\/dostepnaplus\/wp-content\/uploads\/2026\/04\/okulary-envision-glasses.jpg\" alt=\"Okulary elektroniczne Envision wraz z etui i akcesoriami, u\u0142o\u017cone na biurku\" class=\"wp-image-375\"\/><\/figure>\n\n\n\n<figure class=\"wp-block-image size-large\"><img loading=\"lazy\" decoding=\"async\" width=\"1024\" height=\"576\" data-id=\"376\" src=\"https:\/\/al.edu.pl\/dostepnaplus\/wp-content\/uploads\/2026\/04\/IMG_20251215_104603334-1024x576.jpg\" alt=\"Dwie drukarki 3D Elegoo stoj\u0105ce na stole w pracowni technicznej\" class=\"wp-image-376\" srcset=\"https:\/\/al.edu.pl\/dostepnaplus\/wp-content\/uploads\/2026\/04\/IMG_20251215_104603334-1024x576.jpg 1024w, https:\/\/al.edu.pl\/dostepnaplus\/wp-content\/uploads\/2026\/04\/IMG_20251215_104603334-300x169.jpg 300w, https:\/\/al.edu.pl\/dostepnaplus\/wp-content\/uploads\/2026\/04\/IMG_20251215_104603334-768x432.jpg 768w, https:\/\/al.edu.pl\/dostepnaplus\/wp-content\/uploads\/2026\/04\/IMG_20251215_104603334-1536x864.jpg 1536w, https:\/\/al.edu.pl\/dostepnaplus\/wp-content\/uploads\/2026\/04\/IMG_20251215_104603334-2048x1153.jpg 2048w\" sizes=\"auto, (max-width: 1024px) 100vw, 1024px\" \/><\/figure>\n\n\n\n<figure class=\"wp-block-image size-large\"><img decoding=\"async\" data-id=\"374\" src=\"https:\/\/al.edu.pl\/dostepnaplus\/wp-content\/uploads\/2026\/04\/IMG_3977.jpeg\" alt=\"Kamera konferencyjna marki Sony ustawiona na biurku\" class=\"wp-image-374\"\/><\/figure>\n<\/figure>\n<\/div><\/div>\n\n<\/li><li class=\"wp-block-post post-350 post type-post status-publish format-standard has-post-thumbnail hentry category-aktualnosci\">\n\n<div class=\"wp-block-group alignfull is-style-default has-global-padding is-layout-constrained wp-block-group-is-layout-constrained\" style=\"padding-top:0;padding-bottom:0\"><div style=\"margin-top:var(--wp--preset--spacing--40);\" class=\"wp-block-post-date has-medium-font-size\"><time datetime=\"2026-01-23T10:25:27+01:00\"><a href=\"https:\/\/al.edu.pl\/dostepnaplus\/szkolenie-z-zakresu-tworzenia-tekstow-alternatywnych-i-audiodeskrypcji\/\">2026-01-23<\/a><\/time><\/div>\n\n<h2 class=\"wp-block-post-title has-x-large-font-size\"><a href=\"https:\/\/al.edu.pl\/dostepnaplus\/szkolenie-z-zakresu-tworzenia-tekstow-alternatywnych-i-audiodeskrypcji\/\" target=\"_self\" >Szkolenie z zakresu tworzenia tekst\u00f3w alternatywnych i audiodeskrypcji.<\/a><\/h2>\n\n<figure style=\"aspect-ratio:3\/2;\" class=\"wp-block-post-featured-image\"><a href=\"https:\/\/al.edu.pl\/dostepnaplus\/szkolenie-z-zakresu-tworzenia-tekstow-alternatywnych-i-audiodeskrypcji\/\" target=\"_self\"  ><img loading=\"lazy\" decoding=\"async\" width=\"2048\" height=\"1536\" src=\"https:\/\/al.edu.pl\/dostepnaplus\/wp-content\/uploads\/2026\/01\/szkolenie-1.jpg\" class=\"attachment-post-thumbnail size-post-thumbnail wp-post-image\" alt=\"Szkolenie z zakresu tworzenia tekst\u00f3w alternatywnych i audiodeskrypcji.\" style=\"width:100%;height:100%;object-fit:cover;\" srcset=\"https:\/\/al.edu.pl\/dostepnaplus\/wp-content\/uploads\/2026\/01\/szkolenie-1.jpg 2048w, https:\/\/al.edu.pl\/dostepnaplus\/wp-content\/uploads\/2026\/01\/szkolenie-1-300x225.jpg 300w, https:\/\/al.edu.pl\/dostepnaplus\/wp-content\/uploads\/2026\/01\/szkolenie-1-1024x768.jpg 1024w, https:\/\/al.edu.pl\/dostepnaplus\/wp-content\/uploads\/2026\/01\/szkolenie-1-768x576.jpg 768w, https:\/\/al.edu.pl\/dostepnaplus\/wp-content\/uploads\/2026\/01\/szkolenie-1-1536x1152.jpg 1536w\" sizes=\"auto, (max-width: 2048px) 100vw, 2048px\" \/><\/a><\/figure>\n\n<div class=\"entry-content alignfull wp-block-post-content has-medium-font-size has-global-padding is-layout-constrained wp-block-post-content-is-layout-constrained\">\n<p>W dn. 28-29.10.2025 r w Akademii \u0141om\u017cy\u0144skiej odby\u0142o si\u0119 szkolenie z zakresu tworzenia tekst\u00f3w alternatywnych i audiodeskrypcji.<\/p>\n\n\n\n<p>Grupa 16 os\u00f3b, w tym pracownik\u00f3w administracyjnych oraz student\u00f3w A\u0141 podnios\u0142a swoje kompetencje w zakresie zasad tworzenia alternatywnych opis\u00f3w i audiodeskrypcji.<\/p>\n\n\n\n<p>Uczestnicy po szkoleniu:<\/p>\n\n\n\n<ul class=\"wp-block-list\">\n<li>Znaj\u0105 wymagania prawne dotycz\u0105ce dost\u0119pno\u015bci.<\/li>\n\n\n\n<li>Potrafi\u0105 tworzy\u0107 kr\u00f3tkie i trafne teksty alternatywne.<\/li>\n\n\n\n<li>Rozumiej\u0105 zasady konstruowania audiodeskrypcji.<\/li>\n\n\n\n<li>Potrafi\u0105 opisa\u0107 grafik\u0119 lub materia\u0142 wideo zgodnie z potrzebami odbiorc\u00f3w.<\/li>\n\n\n\n<li>Umiej\u0105 technicznie wprowadzi\u0107 tre\u015bci alternatywne w mediach spo\u0142eczno\u015bciowych.<\/li>\n<\/ul>\n\n\n\n<p>Szkolenie przeprowadzi\u0142a Pani Anna Zakrzewska z PRownia. Sztuka relacji. &nbsp;<\/p>\n\n\n\n<figure class=\"wp-block-image size-large\"><img loading=\"lazy\" decoding=\"async\" width=\"1024\" height=\"768\" src=\"https:\/\/al.edu.pl\/dostepnaplus\/wp-content\/uploads\/2026\/01\/szkolenie1-1024x768.jpg\" alt=\"\u201eProwadz\u0105ca stoi przy biurku w sali szkoleniowej i gestykuluje podczas prezentacji. Na biurku znajduj\u0105 si\u0119 laptopy, dokumenty i napoje, a w tle wida\u0107 tablic\u0119 oraz uczestniczk\u0119 siedz\u0105c\u0105 przy komputerze. Na dole grafiki widoczne s\u0105 logotypy Funduszy Europejskich, Rzeczypospolitej Polskiej i Unii Europejskiej\" class=\"wp-image-361\" srcset=\"https:\/\/al.edu.pl\/dostepnaplus\/wp-content\/uploads\/2026\/01\/szkolenie1-1024x768.jpg 1024w, https:\/\/al.edu.pl\/dostepnaplus\/wp-content\/uploads\/2026\/01\/szkolenie1-300x225.jpg 300w, https:\/\/al.edu.pl\/dostepnaplus\/wp-content\/uploads\/2026\/01\/szkolenie1-768x576.jpg 768w, https:\/\/al.edu.pl\/dostepnaplus\/wp-content\/uploads\/2026\/01\/szkolenie1-1536x1152.jpg 1536w, https:\/\/al.edu.pl\/dostepnaplus\/wp-content\/uploads\/2026\/01\/szkolenie1.jpg 2048w\" sizes=\"auto, (max-width: 1024px) 100vw, 1024px\" \/><\/figure>\n<\/div><\/div>\n\n<\/li><\/ul>\n\n\n<div class=\"wp-block-group has-global-padding is-layout-constrained wp-block-group-is-layout-constrained\" style=\"padding-top:var(--wp--preset--spacing--60);padding-bottom:var(--wp--preset--spacing--60)\"><\/div>\n\n\n\n<div class=\"wp-block-group alignwide has-global-padding is-layout-constrained wp-block-group-is-layout-constrained\"><\/div>\n<\/div>\n","protected":false},"excerpt":{"rendered":"","protected":false},"author":1,"featured_media":0,"parent":0,"menu_order":0,"comment_status":"closed","ping_status":"closed","template":"","meta":{"inline_featured_image":false,"footnotes":""},"class_list":["post-352","page","type-page","status-publish","hentry"],"_links":{"self":[{"href":"https:\/\/al.edu.pl\/dostepnaplus\/wp-json\/wp\/v2\/pages\/352","targetHints":{"allow":["GET"]}}],"collection":[{"href":"https:\/\/al.edu.pl\/dostepnaplus\/wp-json\/wp\/v2\/pages"}],"about":[{"href":"https:\/\/al.edu.pl\/dostepnaplus\/wp-json\/wp\/v2\/types\/page"}],"author":[{"embeddable":true,"href":"https:\/\/al.edu.pl\/dostepnaplus\/wp-json\/wp\/v2\/users\/1"}],"replies":[{"embeddable":true,"href":"https:\/\/al.edu.pl\/dostepnaplus\/wp-json\/wp\/v2\/comments?post=352"}],"version-history":[{"count":7,"href":"https:\/\/al.edu.pl\/dostepnaplus\/wp-json\/wp\/v2\/pages\/352\/revisions"}],"predecessor-version":[{"id":369,"href":"https:\/\/al.edu.pl\/dostepnaplus\/wp-json\/wp\/v2\/pages\/352\/revisions\/369"}],"wp:attachment":[{"href":"https:\/\/al.edu.pl\/dostepnaplus\/wp-json\/wp\/v2\/media?parent=352"}],"curies":[{"name":"wp","href":"https:\/\/api.w.org\/{rel}","templated":true}]}}