{"id":293,"date":"2025-09-18T12:30:29","date_gmt":"2025-09-18T10:30:29","guid":{"rendered":"https:\/\/al.edu.pl\/dostepnaplus\/?page_id=293"},"modified":"2026-01-23T10:54:50","modified_gmt":"2026-01-23T09:54:50","slug":"ogloszenia","status":"publish","type":"page","link":"https:\/\/al.edu.pl\/dostepnaplus\/szkolenia\/ogloszenia\/","title":{"rendered":"Og\u0142oszenia"},"content":{"rendered":"\n<div class=\"wp-block-group is-style-default is-layout-flow wp-block-group-is-layout-flow\" style=\"padding-top:0;padding-right:0;padding-bottom:0;padding-left:0\">\n<div class=\"wp-block-columns is-layout-flex wp-container-core-columns-is-layout-28f84493 wp-block-columns-is-layout-flex\">\n<div class=\"wp-block-column is-layout-flow wp-block-column-is-layout-flow\" style=\"flex-basis:50%\">\n<div class=\"wp-block-query is-layout-flow wp-block-query-is-layout-flow\"><ul class=\"wp-block-post-template is-layout-flow wp-block-post-template-is-layout-flow\"><li class=\"wp-block-post post-283 post type-post status-publish format-standard hentry category-ogloszenia\">\n<h2 class=\"wp-block-post-title\"><a href=\"https:\/\/al.edu.pl\/dostepnaplus\/ogloszenie-o-naborzena-szkolenie-z-zakresu-tworzenia-tekstow-alternatywnych-i-audiodeskrypcji\/\" target=\"_self\" >Og\u0142oszenie o naborze na \u201eSzkolenie z zakresu tworzenia tekst\u00f3w alternatywnych i audiodeskrypcji\u201d<\/a><\/h2>\n\n\n\n<div class=\"wp-block-post-excerpt\"><p class=\"wp-block-post-excerpt__excerpt\">Akademia \u0141om\u017cy\u0144ska w zwi\u0105zku z realizacj\u0105 projektu \u201eAkademia \u0141om\u017cy\u0144ska dost\u0119pna plus\u201d w ramach programu Fundusze Europejskie dla Rozwoju Spo\u0142ecznego 2021-2027 wsp\u00f3\u0142finansowanego ze \u015brodk\u00f3w Europejskiego Funduszu Spo\u0142ecznego Plus, Priorytet 3 Dost\u0119pno\u015b\u0107 i us\u0142ugi dla os\u00f3b z niepe\u0142nosprawno\u015bciami, Dzia\u0142anie 03.01 Dost\u0119pno\u015b\u0107 szkolnictwa wy\u017cszego, og\u0142asza nab\u00f3r na \u201eSzkolenie z zakresu&nbsp; tworzenia tekst\u00f3w alternatywnych i audiodeskrypcji\u201d. Szkolenie skierowane do&hellip; <\/p><\/div>\n\n\n<hr class=\"wp-block-separator has-css-opacity\"\/>\n\n\n<div class=\"wp-block-post-date\"><time datetime=\"2025-09-18T11:53:46+02:00\">2025-09-18<\/time><\/div>\n<\/li><\/ul><\/div>\n<\/div>\n\n\n\n<div class=\"wp-block-column is-layout-flow wp-block-column-is-layout-flow\" style=\"flex-basis:50%\">\n<div class=\"wp-block-query is-layout-flow wp-block-query-is-layout-flow\"><\/div>\n<\/div>\n<\/div>\n<\/div>\n","protected":false},"excerpt":{"rendered":"","protected":false},"author":1,"featured_media":0,"parent":249,"menu_order":0,"comment_status":"closed","ping_status":"closed","template":"","meta":{"inline_featured_image":false,"footnotes":""},"class_list":["post-293","page","type-page","status-publish","hentry"],"_links":{"self":[{"href":"https:\/\/al.edu.pl\/dostepnaplus\/wp-json\/wp\/v2\/pages\/293","targetHints":{"allow":["GET"]}}],"collection":[{"href":"https:\/\/al.edu.pl\/dostepnaplus\/wp-json\/wp\/v2\/pages"}],"about":[{"href":"https:\/\/al.edu.pl\/dostepnaplus\/wp-json\/wp\/v2\/types\/page"}],"author":[{"embeddable":true,"href":"https:\/\/al.edu.pl\/dostepnaplus\/wp-json\/wp\/v2\/users\/1"}],"replies":[{"embeddable":true,"href":"https:\/\/al.edu.pl\/dostepnaplus\/wp-json\/wp\/v2\/comments?post=293"}],"version-history":[{"count":7,"href":"https:\/\/al.edu.pl\/dostepnaplus\/wp-json\/wp\/v2\/pages\/293\/revisions"}],"predecessor-version":[{"id":358,"href":"https:\/\/al.edu.pl\/dostepnaplus\/wp-json\/wp\/v2\/pages\/293\/revisions\/358"}],"up":[{"embeddable":true,"href":"https:\/\/al.edu.pl\/dostepnaplus\/wp-json\/wp\/v2\/pages\/249"}],"wp:attachment":[{"href":"https:\/\/al.edu.pl\/dostepnaplus\/wp-json\/wp\/v2\/media?parent=293"}],"curies":[{"name":"wp","href":"https:\/\/api.w.org\/{rel}","templated":true}]}}