{"id":264,"date":"2025-07-04T14:14:36","date_gmt":"2025-07-04T12:14:36","guid":{"rendered":"https:\/\/al.edu.pl\/dostepnaplus\/?page_id=264"},"modified":"2025-09-18T13:10:19","modified_gmt":"2025-09-18T11:10:19","slug":"adaptacja-materialow-dydaktycznych","status":"publish","type":"page","link":"https:\/\/al.edu.pl\/dostepnaplus\/adaptacja-materialow-dydaktycznych\/","title":{"rendered":"Adaptacja materia\u0142\u00f3w"},"content":{"rendered":"\n<p>Administrator platformy e-learningowej i adaptacji materia\u0142\u00f3w dydaktycznych wspiera wyk\u0142adowc\u00f3w podczas adaptacji materia\u0142\u00f3w dydaktycznych do wersji dost\u0119pnej i administruje platform\u0105 e-learningow\u0105 uczelni<\/p>\n\n\n\n<h2 class=\"wp-block-heading\">Zadania<\/h2>\n\n\n\n<ol class=\"wp-block-list\">\n<li>Opieka nad prac\u0105 system\u00f3w wspieraj\u0105cych nauczanie zdalne opartych o platform\u0119 Moodle, BigBlueButton oraz Nextcloud.<\/li>\n\n\n\n<li>Analizowanie log\u00f3w w\/w system\u00f3w oraz usuwanie usterek i problem\u00f3w wyst\u0119puj\u0105cych w tych systemach.<\/li>\n\n\n\n<li>Aktualizacja system\u00f3w zgodnie z wymogami bezpiecze\u0144stwa oraz realizacja zalece\u0144 audytowych.<\/li>\n\n\n\n<li>Wdra\u017canie zmian oraz nowych wersji oprogramowania oraz integracja z systemami wspieraj\u0105cymi obs\u0142ug\u0119 studi\u00f3w.<\/li>\n\n\n\n<li>Monitorowanie publikowanych materia\u0142\u00f3w elearningowych w zakresie zgodno\u015bci ze standardami dost\u0119pno\u015bci cyfrowej.<\/li>\n\n\n\n<li>Szkolenie u\u017cytkownik\u00f3w w zakresie przygotowywania i publikowania materia\u0142\u00f3w dost\u0119pnych cyfrowo.<\/li>\n\n\n\n<li>Szkolenie nauczycieli z zakresu adaptacji materia\u0142\u00f3w dydaktycznych do wersji dost\u0119pnej, dostosowanej do potrzeb os\u00f3b z niepe\u0142nosprawno\u015bci\u0105 m.in. wzroku, s\u0142uchu, chorobami psychicznymi, chorobami neurologicznymi.<\/li>\n\n\n\n<li>Koordynacja dostosowania istniej\u0105cych materia\u0142\u00f3w dydaktycznych do kszta\u0142cenia w formie zdalnej na wersj\u0119 dost\u0119pn\u0105 na kierunkach: fizjoterapia, piel\u0119gniarstwo, wychowanie fizyczne, kosmetologia, dietetyka, informatyka oraz automatyka i robotyka.<\/li>\n\n\n\n<li>Wsparcie u\u017cytkownik\u00f3w w zakresie publikowania materia\u0142\u00f3w elearningowych.<\/li>\n\n\n\n<li>Bie\u017c\u0105ce konsultacje z osobami przygotowuj\u0105cymi materia\u0142y elearningowe.<\/li>\n\n\n\n<li>Bie\u017c\u0105ca kontrola przygotowanych kurs\u00f3w e-learningowych w wersji dost\u0119pnej.<\/li>\n\n\n\n<li>Administrowanie kursami zamieszczonymi na uczelnianej platformie elearningowej.<\/li>\n\n\n\n<li>Odbieranie materia\u0142\u00f3w e-learningowych opracowanych w ramach projektu, w formie protoko\u0142\u00f3w.<\/li>\n<\/ol>\n\n\n\n<h2 class=\"wp-block-heading\">Kontakt<\/h2>\n\n\n\n<p>Wojciech Szmit &#8211; <a href=\"mailto:wszmit@al.edu.pl\">wszmit@al.edu.pl<\/a><\/p>\n\n\n\n<h2 class=\"wp-block-heading\">Materia\u0142y szkoleniowe<\/h2>\n\n\n\n<p><a href=\"https:\/\/www.facebook.com\/share\/p\/16SJkRPuHU\/\">Infografika<\/a><\/p>\n\n\n\n<p><a href=\"https:\/\/dostepna.al.edu.pl\">Szkolenie z dost\u0119pno\u015bci dokument\u00f3w cyfrowych<\/a><\/p>\n","protected":false},"excerpt":{"rendered":"<p>Administrator platformy e-learningowej i adaptacji materia\u0142\u00f3w dydaktycznych wspiera wyk\u0142adowc\u00f3w podczas adaptacji materia\u0142\u00f3w dydaktycznych do wersji dost\u0119pnej i administruje platform\u0105 e-learningow\u0105 uczelni Zadania Kontakt Wojciech Szmit &#8211; wszmit@al.edu.pl Materia\u0142y szkoleniowe Infografika Szkolenie z dost\u0119pno\u015bci dokument\u00f3w cyfrowych<\/p>\n","protected":false},"author":2,"featured_media":0,"parent":0,"menu_order":0,"comment_status":"closed","ping_status":"closed","template":"","meta":{"inline_featured_image":false,"footnotes":""},"class_list":["post-264","page","type-page","status-publish","hentry"],"_links":{"self":[{"href":"https:\/\/al.edu.pl\/dostepnaplus\/wp-json\/wp\/v2\/pages\/264","targetHints":{"allow":["GET"]}}],"collection":[{"href":"https:\/\/al.edu.pl\/dostepnaplus\/wp-json\/wp\/v2\/pages"}],"about":[{"href":"https:\/\/al.edu.pl\/dostepnaplus\/wp-json\/wp\/v2\/types\/page"}],"author":[{"embeddable":true,"href":"https:\/\/al.edu.pl\/dostepnaplus\/wp-json\/wp\/v2\/users\/2"}],"replies":[{"embeddable":true,"href":"https:\/\/al.edu.pl\/dostepnaplus\/wp-json\/wp\/v2\/comments?post=264"}],"version-history":[{"count":5,"href":"https:\/\/al.edu.pl\/dostepnaplus\/wp-json\/wp\/v2\/pages\/264\/revisions"}],"predecessor-version":[{"id":333,"href":"https:\/\/al.edu.pl\/dostepnaplus\/wp-json\/wp\/v2\/pages\/264\/revisions\/333"}],"wp:attachment":[{"href":"https:\/\/al.edu.pl\/dostepnaplus\/wp-json\/wp\/v2\/media?parent=264"}],"curies":[{"name":"wp","href":"https:\/\/api.w.org\/{rel}","templated":true}]}}