{"id":2,"date":"2023-10-26T13:20:17","date_gmt":"2023-10-26T11:20:17","guid":{"rendered":"https:\/\/al.edu.pl\/olimpiadafizjo\/?page_id=2"},"modified":"2026-01-23T08:25:02","modified_gmt":"2026-01-23T07:25:02","slug":"program","status":"publish","type":"page","link":"https:\/\/al.edu.pl\/dostepnaplus\/","title":{"rendered":"O projekcie"},"content":{"rendered":"\n<figure class=\"wp-block-image size-full\"><img loading=\"lazy\" decoding=\"async\" width=\"5141\" height=\"709\" src=\"https:\/\/al.edu.pl\/dostepnaplus\/wp-content\/uploads\/2025\/02\/FERS_RP_UE_RGB-1.png\" alt=\"logo fundusze europejskie, rzeczpospolita polska, dofinansowane przez uni\u0119 europejsk\u0105\" class=\"wp-image-160\"\/><\/figure>\n\n\n\n<p>Akademia \u0141om\u017cy\u0144ska realizuje projekt: Akademia \u0141om\u017cy\u0144ska dost\u0119pna plus w ramach programu Fundusze Europejskie dla Rozwoju Spo\u0142ecznego 2021-2027 wsp\u00f3\u0142finansowanego ze \u015brodk\u00f3w Europejskiego Funduszu Spo\u0142ecznego Plus &#8211; Fundusze Europejskie dla Rozwoju Spo\u0142ecznego 2021-2027 (FERS), Priorytet 3 Dost\u0119pno\u015b\u0107 i us\u0142ugi dla os\u00f3b z niepe\u0142nosprawno\u015bciami, Dzia\u0142anie 03.01 Dost\u0119pno\u015b\u0107 szkolnictwa wy\u017cszego. <\/p>\n\n\n\n<p>#FunduszeUE #\u0141om\u017ca #Akademia\u0141om\u017cy\u0144ska<\/p>\n\n\n\n<p>Przedsi\u0119wzi\u0119cie jest realizowane od lutego 2025 r., w ramach konkursu \u201e<strong>Uczelnie coraz bardziej dost\u0119pne\u201d<em> <\/em><\/strong>i dotyczy dzia\u0142a\u0144 obejmuj\u0105cych kompleksowe dzia\u0142ania prowadz\u0105ce do wzrostu szeroko rozumianej dost\u0119pno\u015bci uczelni dla os\u00f3b ze szczeg\u00f3lnymi potrzebami (w tym os\u00f3b z niepe\u0142nosprawno\u015bciami), z uwzgl\u0119dnieniem wszystkich aspekt\u00f3w funkcjonowania uczelni.<\/p>\n\n\n\n<p>Okres realizacji: od 2025-02-01 do 2029-01-31<\/p>\n\n\n\n<p>Warto\u015b\u0107 projektu: 8 163 291,54 PLN<\/p>\n\n\n\n<p>Dofinansowanie projektu z UE: 7 915 291,54 PLN <\/p>\n\n\n\n<p>Wk\u0142ad w\u0142asny: 248 000,00 PLN<\/p>\n\n\n\n<p>Celem g\u0142\u00f3wnym projektu jest wzrost dost\u0119pno\u015bci w 8 obszarach (Struktura organizacyjna, Dost\u0119pno\u015b\u0107 architektoniczna, Dost\u0119pno\u015b\u0107 informacyjno-komunikacyjna, Dost\u0119pno\u015b\u0107 cyfrowa, Technologie, Procedury, Us\u0142ugi wspieraj\u0105ce edukacj\u0119, Dzia\u0142ania podnosz\u0105ce \u015bwiadomo\u015b\u0107 niepe\u0142nosprawno\u015bci) Akademii \u0141om\u017cy\u0144skiej dla os\u00f3b ze szczeg\u00f3lnymi potrzebami (w tym os\u00f3b z niepe\u0142nosprawno\u015bciami) studiuj\u0105cych, pracuj\u0105cych, wsp\u00f3\u0142pracuj\u0105cych lub korzystaj\u0105cych z oferty uczelni, kt\u00f3ra b\u0119dzie realizowana w latach 2025-2029<\/p>\n\n\n\n<h2 class=\"wp-block-heading has-x-large-font-size\">Zadania:<\/h2>\n\n\n\n<ul class=\"wp-block-list\">\n<li>Zadanie 1. Struktura organizacyjna \u2013 Rozbudowa zespo\u0142u koordynator\u00f3w odpowiedzialnych za zapewnianie dost\u0119pno\u015bci<\/li>\n\n\n\n<li>Zadanie 2. Dost\u0119pno\u015b\u0107 architektoniczna &#8211; Likwidacja barier i utrudnie\u0144 w dost\u0119pno\u015bci architektonicznej<\/li>\n\n\n\n<li>Zadanie 3. Dost\u0119pno\u015b\u0107 informacyjno \u2013 komunikacyjna &#8211; Zwi\u0119kszenie poziomu dost\u0119pno\u015bci informacyjno-komunikacyjnej<\/li>\n\n\n\n<li>Zadanie 4. Dost\u0119pno\u015b\u0107 cyfrowa \u2013 Zwi\u0119kszenie poziomu dost\u0119pno\u015bci cyfrowej<\/li>\n\n\n\n<li>Zadanie 5. Technologie wspieraj\u0105ce &#8211; Technologie wspieraj\u0105ce w zwi\u0119kszaniu dost\u0119pno\u015bci<\/li>\n\n\n\n<li>Zadanie 6. Procedury &#8211; Stworzenie modelowej polityki inkluzyjno\u015bci w Akademii \u0141om\u017cy\u0144skiej poprzez dokonanie bada\u0144 i diagnozy obecnie obowi\u0105zuj\u0105cych przepis\u00f3w prawa wewn\u0119trznego uczelni oraz wypracowanie ujednoliconych procedur i zasad antydyskryminacyjnych sprzyjaj\u0105cych edukacji w\u0142\u0105czaj\u0105cej os\u00f3b z niepe\u0142nosprawno\u015bciami<\/li>\n\n\n\n<li>Zadanie 7. Us\u0142ugi wspieraj\u0105ce edukacj\u0119, badania naukowe i rekrutacj\u0119 na studia<\/li>\n\n\n\n<li>Zadanie 8. Dzia\u0142ania podnosz\u0105ce \u015bwiadomo\u015b\u0107 niepe\u0142nosprawno\u015bci &#8211; Zwi\u0119kszanie poziomu \u015bwiadomo\u015bci niepe\u0142nosprawno\u015bci&nbsp;<\/li>\n<\/ul>\n\n\n\n<p>Grup\u0119 docelow\u0105 projektu stanowi\u0105: Akademia \u0141om\u017cy\u0144ska, pracownicy A\u0141 (kadra kierownicza, dydaktyczna, administracyjna uczelni, pracownicy jednostek ds. dost\u0119pno\u015bci) oraz przedstawiciele i przedstawicielki zinstytucjonalizowanych struktur studenckich \u2013 samorz\u0105du studenckiego A\u0141 <\/p>\n\n\n\n<p>Informujemy o mo\u017cliwo\u015bci zg\u0142aszania do Instytucji Zarz\u0105dzaj\u0105cej lub Instytucji Po\u015brednicz\u0105cej podejrzenia o niezgodno\u015bci Projektu lub dzia\u0142a\u0144 Beneficjenta z Konwencj\u0105 o prawach os\u00f3b niepe\u0142nosprawnych sporz\u0105dzon\u0105 w Nowym Jorku dnia 13 grudnia 2006 r. (Dz. U. z 2012 r. poz. 1169, z p\u00f3\u017an. zm.), zwanej dalej \u201eKPON\u201d. Sygna\u0142y, zg\u0142oszenia lub skargi dotycz\u0105ce wyst\u0105pienia niezgodno\u015bci projekt\u00f3w FERS z postanowieniami KPON mog\u0105 przekazywa\u0107 osoby fizyczne (uczestnicy projekt\u00f3w lub ich pe\u0142nomocnicy i przedstawiciele), instytucje uczestnicz\u0105ce we wdra\u017caniu funduszy Unii Europejskiej, strona spo\u0142eczna (stowarzyszenia, fundacje), za pomoc\u0105 (w ka\u017cdym poni\u017cszym przypadku uznaje si\u0119 zg\u0142oszenie za przekazane w formie pisemnej):<\/p>\n\n\n\n<ul class=\"wp-block-list\">\n<li>poczty tradycyjnej &#8211; w formie listownej na adres ministerstwa: Ministerstwo Funduszy i Polityki Regionalnej, ul. Wsp\u00f3lna 2\/4, 00-926 Warszawa lub Narodowe Centrum Bada\u0144 i Rozwoju, Ul. Chmielna 69, 00-801 Warszawa,<\/li>\n\n\n\n<li>skrzynki nadawczej e-puap Ministerstwa Funduszy i Polityki Regionalnej lub Narodowego Centrum Bada\u0144 i Rozwoju.<\/li>\n<\/ul>\n\n\n\n<h2 class=\"wp-block-heading\">Projekt jest realizowany przez zesp\u00f3\u0142 projektowy w sk\u0142adzie:<\/h2>\n\n\n\n<ul class=\"wp-block-list\">\n<li>Natalia Cholewicka \u2013 Kierowniczka Projektu<\/li>\n\n\n\n<li>Monika Konopka \u2013 Asystentka Kierowniczki Projektu<\/li>\n\n\n\n<li>Irena Wiska \u2013 Specjalistka ds. rozlicze\u0144 finansowych<\/li>\n\n\n\n<li>Aldona Chojnowska \u2013 Specjalistka ds. monitoringu i organizacji<\/li>\n<\/ul>\n\n\n\n<h2 class=\"wp-block-heading\">Biuro projektu:&nbsp;<\/h2>\n\n\n\n<p>Budynek g\u0142\u00f3wny Akademii \u0141om\u017cy\u0144skiej<br>ul. Akademicka 14, pok. 101 i 102<br>e-mail: <a href=\"mailto:ud2@al.edu.pl\" data-type=\"mailto\" data-id=\"mailto:ud2@al.edu.pl\">ud2@al.edu.pl<\/a> <br>tel. 86 215 59 58 i 86 215 66 03<\/p>\n","protected":false},"excerpt":{"rendered":"<p>Akademia \u0141om\u017cy\u0144ska realizuje projekt: Akademia \u0141om\u017cy\u0144ska dost\u0119pna plus w ramach programu Fundusze Europejskie dla Rozwoju Spo\u0142ecznego 2021-2027 wsp\u00f3\u0142finansowanego ze \u015brodk\u00f3w Europejskiego Funduszu Spo\u0142ecznego Plus &#8211; Fundusze Europejskie dla Rozwoju Spo\u0142ecznego 2021-2027 (FERS), Priorytet 3 Dost\u0119pno\u015b\u0107 i us\u0142ugi dla os\u00f3b z niepe\u0142nosprawno\u015bciami, Dzia\u0142anie 03.01 Dost\u0119pno\u015b\u0107 szkolnictwa wy\u017cszego. #FunduszeUE #\u0141om\u017ca #Akademia\u0141om\u017cy\u0144ska Przedsi\u0119wzi\u0119cie jest realizowane od lutego 2025 [&hellip;]<\/p>\n","protected":false},"author":1,"featured_media":0,"parent":0,"menu_order":0,"comment_status":"closed","ping_status":"open","template":"","meta":{"inline_featured_image":false,"footnotes":""},"class_list":["post-2","page","type-page","status-publish","hentry"],"_links":{"self":[{"href":"https:\/\/al.edu.pl\/dostepnaplus\/wp-json\/wp\/v2\/pages\/2","targetHints":{"allow":["GET"]}}],"collection":[{"href":"https:\/\/al.edu.pl\/dostepnaplus\/wp-json\/wp\/v2\/pages"}],"about":[{"href":"https:\/\/al.edu.pl\/dostepnaplus\/wp-json\/wp\/v2\/types\/page"}],"author":[{"embeddable":true,"href":"https:\/\/al.edu.pl\/dostepnaplus\/wp-json\/wp\/v2\/users\/1"}],"replies":[{"embeddable":true,"href":"https:\/\/al.edu.pl\/dostepnaplus\/wp-json\/wp\/v2\/comments?post=2"}],"version-history":[{"count":40,"href":"https:\/\/al.edu.pl\/dostepnaplus\/wp-json\/wp\/v2\/pages\/2\/revisions"}],"predecessor-version":[{"id":345,"href":"https:\/\/al.edu.pl\/dostepnaplus\/wp-json\/wp\/v2\/pages\/2\/revisions\/345"}],"wp:attachment":[{"href":"https:\/\/al.edu.pl\/dostepnaplus\/wp-json\/wp\/v2\/media?parent=2"}],"curies":[{"name":"wp","href":"https:\/\/api.w.org\/{rel}","templated":true}]}}