{"id":165,"date":"2025-02-06T11:55:27","date_gmt":"2025-02-06T10:55:27","guid":{"rendered":"https:\/\/al.edu.pl\/dostepnaplus\/?page_id=165"},"modified":"2026-01-23T08:25:40","modified_gmt":"2026-01-23T07:25:40","slug":"kontakt","status":"publish","type":"page","link":"https:\/\/al.edu.pl\/dostepnaplus\/kontakt\/","title":{"rendered":"Kontakt"},"content":{"rendered":"\n<h2 class=\"wp-block-heading\">Zesp\u00f3\u0142 projektowy:<\/h2>\n\n\n\n<ul class=\"wp-block-list\">\n<li>Natalia Cholewicka \u2013 Kierowniczka Projektu<\/li>\n\n\n\n<li>Monika Konopka \u2013 Asystentka Kierowniczki Projektu<\/li>\n\n\n\n<li>Irena Wiska \u2013 Specjalistka ds. rozlicze\u0144 finansowych<\/li>\n\n\n\n<li>Aldona Chojnowska \u2013 Specjalistka ds. monitoringu i organizacji<\/li>\n<\/ul>\n\n\n\n<h2 class=\"wp-block-heading\">Biuro projektu:&nbsp;<\/h2>\n\n\n\n<p>Budynek g\u0142\u00f3wny Akademii \u0141om\u017cy\u0144skiej<br>ul. Akademicka 14, pok. 101 i 102<br>e-mail: <a href=\"mailto:ud2@al.edu.pl\" data-type=\"mailto\" data-id=\"mailto:ud2@al.edu.pl\">ud2@al.edu.pl<\/a> <br>tel. 86 215 59 58 i 86 215 66 03<\/p>\n","protected":false},"excerpt":{"rendered":"<p>Zesp\u00f3\u0142 projektowy: Biuro projektu:&nbsp; Budynek g\u0142\u00f3wny Akademii \u0141om\u017cy\u0144skiejul. Akademicka 14, pok. 101 i 102e-mail: ud2@al.edu.pl tel. 86 215 59 58 i 86 215 66 03<\/p>\n","protected":false},"author":2,"featured_media":0,"parent":0,"menu_order":0,"comment_status":"closed","ping_status":"closed","template":"","meta":{"inline_featured_image":false,"footnotes":""},"class_list":["post-165","page","type-page","status-publish","hentry"],"_links":{"self":[{"href":"https:\/\/al.edu.pl\/dostepnaplus\/wp-json\/wp\/v2\/pages\/165","targetHints":{"allow":["GET"]}}],"collection":[{"href":"https:\/\/al.edu.pl\/dostepnaplus\/wp-json\/wp\/v2\/pages"}],"about":[{"href":"https:\/\/al.edu.pl\/dostepnaplus\/wp-json\/wp\/v2\/types\/page"}],"author":[{"embeddable":true,"href":"https:\/\/al.edu.pl\/dostepnaplus\/wp-json\/wp\/v2\/users\/2"}],"replies":[{"embeddable":true,"href":"https:\/\/al.edu.pl\/dostepnaplus\/wp-json\/wp\/v2\/comments?post=165"}],"version-history":[{"count":9,"href":"https:\/\/al.edu.pl\/dostepnaplus\/wp-json\/wp\/v2\/pages\/165\/revisions"}],"predecessor-version":[{"id":346,"href":"https:\/\/al.edu.pl\/dostepnaplus\/wp-json\/wp\/v2\/pages\/165\/revisions\/346"}],"wp:attachment":[{"href":"https:\/\/al.edu.pl\/dostepnaplus\/wp-json\/wp\/v2\/media?parent=165"}],"curies":[{"name":"wp","href":"https:\/\/api.w.org\/{rel}","templated":true}]}}